{"id":5317920,"date":"2026-01-19T14:57:35","date_gmt":"2026-01-19T12:57:35","guid":{"rendered":"https:\/\/gadgettravellers.eu\/shop\/cesto-con-figura-natalizia-o18-x-a17cm-xmasfest-1133979\/"},"modified":"2026-04-22T22:58:41","modified_gmt":"2026-04-22T20:58:41","slug":"cesto-con-figura-natalizia-o18-x-a17cm-xmasfest-1133979","status":"publish","type":"product","link":"https:\/\/gadgettravellers.eu\/it\/shop\/cesto-con-figura-natalizia-o18-x-a17cm-xmasfest-1133979\/","title":{"rendered":"Cesto con Figura Natalizia \u00f818 x A:17cm Xmasfest 1133979"},"content":{"rendered":"<p>Cestino \u00f818 x Y:17cm<\/p>\n<div class='aiseo-faq-section' style='margin-top:30px; border-top:1px solid #eee; padding-top:20px;'>\n<h3>Domande Frequenti<\/h3>\n<details style='margin-bottom:10px; padding:10px; background:#f9f9f9; border-radius:5px;'>\n<summary style='font-weight:bold; cursor:pointer;'>Quali sono le dimensioni del prodotto?<\/summary>\n<div style='margin-top:10px; color:#555;'>Diametro 18 cm e altezza 17 cm.<\/div>\n<\/details>\n<details style='margin-bottom:10px; padding:10px; background:#f9f9f9; border-radius:5px;'>\n<summary style='font-weight:bold; cursor:pointer;'>Qual \u00e8 il suo uso principale?<\/summary>\n<div style='margin-top:10px; color:#555;'>\u00c8 destinato alla decorazione natalizia, alla collocazione di piccoli regali o come decorazione da tavolo.<\/div>\n<\/details>\n<details style='margin-bottom:10px; padding:10px; background:#f9f9f9; border-radius:5px;'>\n<summary style='font-weight:bold; cursor:pointer;'>Ha una figura?<\/summary>\n<div style='margin-top:10px; color:#555;'>S\u00ec \u2014 \u00e8 un cesto di Natale con una figura.<\/div>\n<\/details>\n<details style='margin-bottom:10px; padding:10px; background:#f9f9f9; border-radius:5px;'>\n<summary style='font-weight:bold; cursor:pointer;'>\u00c8 adatto per l&#8217;uso da tavolo?<\/summary>\n<div style='margin-top:10px; color:#555;'>S\u00ec, \u00e8 descritto esplicitamente come un ideale ornamento da tavolo.<\/div>\n<\/details>\n<\/div>\n","protected":false},"excerpt":{"rendered":"<p>Cestino \u00f818 x Y:17cm Domande Frequenti Quali sono le dimensioni del prodotto? Diametro 18 cm e altezza 17 cm. Qual \u00e8 il suo uso principale? \u00c8 destinato alla decorazione natalizia, alla collocazione di piccoli regali o come decorazione da tavolo. Ha una figura? S\u00ec \u2014 \u00e8 un cesto di Natale con una figura. \u00c8 adatto [&hellip;]<\/p>\n","protected":false},"featured_media":5184934,"comment_status":"closed","ping_status":"open","template":"","meta":[],"product_brand":[],"product_cat":[],"product_tag":[15],"class_list":{"0":"post-5317920","1":"product","2":"type-product","3":"status-publish","4":"has-post-thumbnail","6":"product_tag-uncategorized","8":"first","9":"onbackorder","10":"purchasable","11":"product-type-simple"},"jetpack_sharing_enabled":true,"_links":{"self":[{"href":"https:\/\/gadgettravellers.eu\/it\/wp-json\/wp\/v2\/product\/5317920","targetHints":{"allow":["GET"]}}],"collection":[{"href":"https:\/\/gadgettravellers.eu\/it\/wp-json\/wp\/v2\/product"}],"about":[{"href":"https:\/\/gadgettravellers.eu\/it\/wp-json\/wp\/v2\/types\/product"}],"replies":[{"embeddable":true,"href":"https:\/\/gadgettravellers.eu\/it\/wp-json\/wp\/v2\/comments?post=5317920"}],"wp:featuredmedia":[{"embeddable":true,"href":"https:\/\/gadgettravellers.eu\/it\/wp-json\/wp\/v2\/media\/5184934"}],"wp:attachment":[{"href":"https:\/\/gadgettravellers.eu\/it\/wp-json\/wp\/v2\/media?parent=5317920"}],"wp:term":[{"taxonomy":"product_brand","embeddable":true,"href":"https:\/\/gadgettravellers.eu\/it\/wp-json\/wp\/v2\/product_brand?post=5317920"},{"taxonomy":"product_cat","embeddable":true,"href":"https:\/\/gadgettravellers.eu\/it\/wp-json\/wp\/v2\/product_cat?post=5317920"},{"taxonomy":"product_tag","embeddable":true,"href":"https:\/\/gadgettravellers.eu\/it\/wp-json\/wp\/v2\/product_tag?post=5317920"}],"curies":[{"name":"wp","href":"https:\/\/api.w.org\/{rel}","templated":true}]}}