{"id":5317921,"date":"2026-01-19T14:57:35","date_gmt":"2026-01-19T12:57:35","guid":{"rendered":"https:\/\/gadgettravellers.eu\/shop\/sottopiatto-in-tessuto-con-pupazzo-di-neve-45x30cm-xmasfest-1133978\/"},"modified":"2026-04-22T22:58:42","modified_gmt":"2026-04-22T20:58:42","slug":"sottopiatto-in-tessuto-con-pupazzo-di-neve-45x30cm-xmasfest-1133978","status":"publish","type":"product","link":"https:\/\/gadgettravellers.eu\/it\/shop\/sottopiatto-in-tessuto-con-pupazzo-di-neve-45x30cm-xmasfest-1133978\/","title":{"rendered":"Sottopiatto in Tessuto con Pupazzo di Neve 45x30cm Xmasfest 1133978"},"content":{"rendered":"<p>Sottopiatto in tessuto 45x30cm<\/p>\n<div class='aiseo-faq-section' style='margin-top:30px; border-top:1px solid #eee; padding-top:20px;'>\n<h3>Domande Frequenti<\/h3>\n<details style='margin-bottom:10px; padding:10px; background:#f9f9f9; border-radius:5px;'>\n<summary style='font-weight:bold; cursor:pointer;'>Qual \u00e8 la dimensione del sottopiatto?<\/summary>\n<div style='margin-top:10px; color:#555;'>Il sottopiatto ha dimensioni 45x30cm.<\/div>\n<\/details>\n<details style='margin-bottom:10px; padding:10px; background:#f9f9f9; border-radius:5px;'>\n<summary style='font-weight:bold; cursor:pointer;'>Di che materiale \u00e8 fatto?<\/summary>\n<div style='margin-top:10px; color:#555;'>\u00c8 un sottopiatto di stoffa.<\/div>\n<\/details>\n<details style='margin-bottom:10px; padding:10px; background:#f9f9f9; border-radius:5px;'>\n<summary style='font-weight:bold; cursor:pointer;'>Per quale uso \u00e8 adatto?<\/summary>\n<div style='margin-top:10px; color:#555;'>Ideale per la decorazione natalizia della tavola, aggiunge un&#8217;atmosfera festosa e protegge la superficie del tavolo.<\/div>\n<\/details>\n<\/div>\n","protected":false},"excerpt":{"rendered":"<p>Sottopiatto in tessuto 45x30cm Domande Frequenti Qual \u00e8 la dimensione del sottopiatto? Il sottopiatto ha dimensioni 45x30cm. Di che materiale \u00e8 fatto? \u00c8 un sottopiatto di stoffa. Per quale uso \u00e8 adatto? Ideale per la decorazione natalizia della tavola, aggiunge un&#8217;atmosfera festosa e protegge la superficie del tavolo.<\/p>\n","protected":false},"featured_media":5184927,"comment_status":"closed","ping_status":"open","template":"","meta":[],"product_brand":[],"product_cat":[],"product_tag":[15],"class_list":{"0":"post-5317921","1":"product","2":"type-product","3":"status-publish","4":"has-post-thumbnail","6":"product_tag-uncategorized","8":"first","9":"onbackorder","10":"purchasable","11":"product-type-simple"},"jetpack_sharing_enabled":true,"_links":{"self":[{"href":"https:\/\/gadgettravellers.eu\/it\/wp-json\/wp\/v2\/product\/5317921","targetHints":{"allow":["GET"]}}],"collection":[{"href":"https:\/\/gadgettravellers.eu\/it\/wp-json\/wp\/v2\/product"}],"about":[{"href":"https:\/\/gadgettravellers.eu\/it\/wp-json\/wp\/v2\/types\/product"}],"replies":[{"embeddable":true,"href":"https:\/\/gadgettravellers.eu\/it\/wp-json\/wp\/v2\/comments?post=5317921"}],"wp:featuredmedia":[{"embeddable":true,"href":"https:\/\/gadgettravellers.eu\/it\/wp-json\/wp\/v2\/media\/5184927"}],"wp:attachment":[{"href":"https:\/\/gadgettravellers.eu\/it\/wp-json\/wp\/v2\/media?parent=5317921"}],"wp:term":[{"taxonomy":"product_brand","embeddable":true,"href":"https:\/\/gadgettravellers.eu\/it\/wp-json\/wp\/v2\/product_brand?post=5317921"},{"taxonomy":"product_cat","embeddable":true,"href":"https:\/\/gadgettravellers.eu\/it\/wp-json\/wp\/v2\/product_cat?post=5317921"},{"taxonomy":"product_tag","embeddable":true,"href":"https:\/\/gadgettravellers.eu\/it\/wp-json\/wp\/v2\/product_tag?post=5317921"}],"curies":[{"name":"wp","href":"https:\/\/api.w.org\/{rel}","templated":true}]}}