{"id":5317922,"date":"2026-01-19T14:57:35","date_gmt":"2026-01-19T12:57:35","guid":{"rendered":"https:\/\/gadgettravellers.eu\/shop\/cappello-piedi-elfo-con-campanello-36x27cm-xmasfest-1133965\/"},"modified":"2026-04-22T22:58:42","modified_gmt":"2026-04-22T20:58:42","slug":"cappello-piedi-elfo-con-campanello-36x27cm-xmasfest-1133965","status":"publish","type":"product","link":"https:\/\/gadgettravellers.eu\/it\/shop\/cappello-piedi-elfo-con-campanello-36x27cm-xmasfest-1133965\/","title":{"rendered":"Cappello Piedi Elfo con Campanello 36x27cm Xmasfest 1133965"},"content":{"rendered":"<p>Cappello da elfo 36x27cm<\/p>\n<div class='aiseo-faq-section' style='margin-top:30px; border-top:1px solid #eee; padding-top:20px;'>\n<h3>Domande Frequenti<\/h3>\n<details style='margin-bottom:10px; padding:10px; background:#f9f9f9; border-radius:5px;'>\n<summary style='font-weight:bold; cursor:pointer;'>Quali sono le dimensioni del berretto?<\/summary>\n<div style='margin-top:10px; color:#555;'>Le dimensioni sono 36x27cm.<\/div>\n<\/details>\n<details style='margin-bottom:10px; padding:10px; background:#f9f9f9; border-radius:5px;'>\n<summary style='font-weight:bold; cursor:pointer;'>Ha una campanella?<\/summary>\n<div style='margin-top:10px; color:#555;'>S\u00ec, il berretto ha un campanello.<\/div>\n<\/details>\n<details style='margin-bottom:10px; padding:10px; background:#f9f9f9; border-radius:5px;'>\n<summary style='font-weight:bold; cursor:pointer;'>Per quali usi \u00e8 adatto?<\/summary>\n<div style='margin-top:10px; color:#555;'>\u00c8 ideale per feste di Natale, decorazioni e look a tema.<\/div>\n<\/details>\n<details style='margin-bottom:10px; padding:10px; background:#f9f9f9; border-radius:5px;'>\n<summary style='font-weight:bold; cursor:pointer;'>\u00c8 comodo da usare?<\/summary>\n<div style='margin-top:10px; color:#555;'>S\u00ec \u2014 \u00e8 leggero, comodo e facile da indossare.<\/div>\n<\/details>\n<\/div>\n","protected":false},"excerpt":{"rendered":"<p>Cappello da elfo 36x27cm Domande Frequenti Quali sono le dimensioni del berretto? Le dimensioni sono 36x27cm. Ha una campanella? S\u00ec, il berretto ha un campanello. Per quali usi \u00e8 adatto? \u00c8 ideale per feste di Natale, decorazioni e look a tema. \u00c8 comodo da usare? S\u00ec \u2014 \u00e8 leggero, comodo e facile da indossare.<\/p>\n","protected":false},"featured_media":5184862,"comment_status":"closed","ping_status":"open","template":"","meta":[],"product_brand":[],"product_cat":[],"product_tag":[15],"class_list":{"0":"post-5317922","1":"product","2":"type-product","3":"status-publish","4":"has-post-thumbnail","6":"product_tag-uncategorized","8":"first","9":"onbackorder","10":"purchasable","11":"product-type-simple"},"jetpack_sharing_enabled":true,"_links":{"self":[{"href":"https:\/\/gadgettravellers.eu\/it\/wp-json\/wp\/v2\/product\/5317922","targetHints":{"allow":["GET"]}}],"collection":[{"href":"https:\/\/gadgettravellers.eu\/it\/wp-json\/wp\/v2\/product"}],"about":[{"href":"https:\/\/gadgettravellers.eu\/it\/wp-json\/wp\/v2\/types\/product"}],"replies":[{"embeddable":true,"href":"https:\/\/gadgettravellers.eu\/it\/wp-json\/wp\/v2\/comments?post=5317922"}],"wp:featuredmedia":[{"embeddable":true,"href":"https:\/\/gadgettravellers.eu\/it\/wp-json\/wp\/v2\/media\/5184862"}],"wp:attachment":[{"href":"https:\/\/gadgettravellers.eu\/it\/wp-json\/wp\/v2\/media?parent=5317922"}],"wp:term":[{"taxonomy":"product_brand","embeddable":true,"href":"https:\/\/gadgettravellers.eu\/it\/wp-json\/wp\/v2\/product_brand?post=5317922"},{"taxonomy":"product_cat","embeddable":true,"href":"https:\/\/gadgettravellers.eu\/it\/wp-json\/wp\/v2\/product_cat?post=5317922"},{"taxonomy":"product_tag","embeddable":true,"href":"https:\/\/gadgettravellers.eu\/it\/wp-json\/wp\/v2\/product_tag?post=5317922"}],"curies":[{"name":"wp","href":"https:\/\/api.w.org\/{rel}","templated":true}]}}