{"id":5317924,"date":"2026-02-02T05:03:28","date_gmt":"2026-02-02T03:03:28","guid":{"rendered":"https:\/\/gadgettravellers.eu\/shop\/cappello-di-natale-a-quadri-37x28cm-xmasfest-1133982\/"},"modified":"2026-05-05T06:04:48","modified_gmt":"2026-05-05T04:04:48","slug":"cappello-di-natale-a-quadri-37x28cm-xmasfest-1133982","status":"publish","type":"product","link":"https:\/\/gadgettravellers.eu\/it\/shop\/cappello-di-natale-a-quadri-37x28cm-xmasfest-1133982\/","title":{"rendered":"Cappello di Natale a quadri 37x28cm Xmasfest 1133982"},"content":{"rendered":"<p>37x28cm<\/p>\n<div class='aiseo-faq-section' style='margin-top:30px; border-top:1px solid #eee; padding-top:20px;'>\n<h3>Domande Frequenti<\/h3>\n<details style='margin-bottom:10px; padding:10px; background:#f9f9f9; border-radius:5px;'>\n<summary style='font-weight:bold; cursor:pointer;'>Quali sono le dimensioni del berretto?<\/summary>\n<div style='margin-top:10px; color:#555;'>Le dimensioni sono 37&#215;28 cm.<\/div>\n<\/details>\n<details style='margin-bottom:10px; padding:10px; background:#f9f9f9; border-radius:5px;'>\n<summary style='font-weight:bold; cursor:pointer;'>In quali circostanze \u00e8 ideale?<\/summary>\n<div style='margin-top:10px; color:#555;'>Ideale per apparizioni festive, feste a tema e come regalo.<\/div>\n<\/details>\n<details style='margin-bottom:10px; padding:10px; background:#f9f9f9; border-radius:5px;'>\n<summary style='font-weight:bold; cursor:pointer;'>\u00c8 comodo da usare?<\/summary>\n<div style='margin-top:10px; color:#555;'>S\u00ec \u2014 offre stile festivo e comfort.<\/div>\n<\/details>\n<details style='margin-bottom:10px; padding:10px; background:#f9f9f9; border-radius:5px;'>\n<summary style='font-weight:bold; cursor:pointer;'>Pu\u00f2 essere utilizzato per decorazioni o servizi fotografici?<\/summary>\n<div style='margin-top:10px; color:#555;'>S\u00ec \u2014 aggiunge un&#8217;atmosfera natalizia a look, decorazioni e servizi fotografici.<\/div>\n<\/details>\n<\/div>\n","protected":false},"excerpt":{"rendered":"<p>37x28cm Domande Frequenti Quali sono le dimensioni del berretto? Le dimensioni sono 37&#215;28 cm. In quali circostanze \u00e8 ideale? Ideale per apparizioni festive, feste a tema e come regalo. \u00c8 comodo da usare? S\u00ec \u2014 offre stile festivo e comfort. Pu\u00f2 essere utilizzato per decorazioni o servizi fotografici? S\u00ec \u2014 aggiunge un&#8217;atmosfera natalizia a look, [&hellip;]<\/p>\n","protected":false},"featured_media":5184955,"comment_status":"closed","ping_status":"open","template":"","meta":[],"product_brand":[],"product_cat":[],"product_tag":[15],"class_list":{"0":"post-5317924","1":"product","2":"type-product","3":"status-publish","4":"has-post-thumbnail","6":"product_tag-uncategorized","8":"first","9":"onbackorder","10":"purchasable","11":"product-type-simple"},"jetpack_sharing_enabled":true,"_links":{"self":[{"href":"https:\/\/gadgettravellers.eu\/it\/wp-json\/wp\/v2\/product\/5317924","targetHints":{"allow":["GET"]}}],"collection":[{"href":"https:\/\/gadgettravellers.eu\/it\/wp-json\/wp\/v2\/product"}],"about":[{"href":"https:\/\/gadgettravellers.eu\/it\/wp-json\/wp\/v2\/types\/product"}],"replies":[{"embeddable":true,"href":"https:\/\/gadgettravellers.eu\/it\/wp-json\/wp\/v2\/comments?post=5317924"}],"wp:featuredmedia":[{"embeddable":true,"href":"https:\/\/gadgettravellers.eu\/it\/wp-json\/wp\/v2\/media\/5184955"}],"wp:attachment":[{"href":"https:\/\/gadgettravellers.eu\/it\/wp-json\/wp\/v2\/media?parent=5317924"}],"wp:term":[{"taxonomy":"product_brand","embeddable":true,"href":"https:\/\/gadgettravellers.eu\/it\/wp-json\/wp\/v2\/product_brand?post=5317924"},{"taxonomy":"product_cat","embeddable":true,"href":"https:\/\/gadgettravellers.eu\/it\/wp-json\/wp\/v2\/product_cat?post=5317924"},{"taxonomy":"product_tag","embeddable":true,"href":"https:\/\/gadgettravellers.eu\/it\/wp-json\/wp\/v2\/product_tag?post=5317924"}],"curies":[{"name":"wp","href":"https:\/\/api.w.org\/{rel}","templated":true}]}}