{"id":5317927,"date":"2026-02-02T05:03:28","date_gmt":"2026-02-02T03:03:28","guid":{"rendered":"https:\/\/gadgettravellers.eu\/shop\/scatola-con-figura-natalizia-27x-o10cm-xmasfest-1133981\/"},"modified":"2026-05-05T06:04:50","modified_gmt":"2026-05-05T04:04:50","slug":"scatola-con-figura-natalizia-27x-o10cm-xmasfest-1133981","status":"publish","type":"product","link":"https:\/\/gadgettravellers.eu\/it\/shop\/scatola-con-figura-natalizia-27x-o10cm-xmasfest-1133981\/","title":{"rendered":"Scatola con Figura Natalizia 27x \u00f810cm Xmasfest 1133981"},"content":{"rendered":"<p>Scatola 27x \u00f810cm<\/p>\n<div class='aiseo-faq-section' style='margin-top:30px; border-top:1px solid #eee; padding-top:20px;'>\n<h3>Domande Frequenti<\/h3>\n<details style='margin-bottom:10px; padding:10px; background:#f9f9f9; border-radius:5px;'>\n<summary style='font-weight:bold; cursor:pointer;'>Quali sono le dimensioni del prodotto?<\/summary>\n<div style='margin-top:10px; color:#555;'>Altezza 27 cm e diametro 10 cm.<\/div>\n<\/details>\n<details style='margin-bottom:10px; padding:10px; background:#f9f9f9; border-radius:5px;'>\n<summary style='font-weight:bold; cursor:pointer;'>\u00c8 adatto come regalo?<\/summary>\n<div style='margin-top:10px; color:#555;'>S\u00ec, \u00e8 ideale come regalo e per la decorazione stagionale.<\/div>\n<\/details>\n<details style='margin-bottom:10px; padding:10px; background:#f9f9f9; border-radius:5px;'>\n<summary style='font-weight:bold; cursor:pointer;'>Che tipo di prodotto \u00e8?<\/summary>\n<div style='margin-top:10px; color:#555;'>Scatola con figura natalizia per presentazione e decorazione.<\/div>\n<\/details>\n<details style='margin-bottom:10px; padding:10px; background:#f9f9f9; border-radius:5px;'>\n<summary style='font-weight:bold; cursor:pointer;'>\u00c8 facile da installare?<\/summary>\n<div style='margin-top:10px; color:#555;'>S\u00ec, offre una bella presentazione e un facile posizionamento.<\/div>\n<\/details>\n<\/div>\n","protected":false},"excerpt":{"rendered":"<p>Scatola 27x \u00f810cm Domande Frequenti Quali sono le dimensioni del prodotto? Altezza 27 cm e diametro 10 cm. \u00c8 adatto come regalo? S\u00ec, \u00e8 ideale come regalo e per la decorazione stagionale. Che tipo di prodotto \u00e8? Scatola con figura natalizia per presentazione e decorazione. \u00c8 facile da installare? S\u00ec, offre una bella presentazione e [&hellip;]<\/p>\n","protected":false},"featured_media":5184948,"comment_status":"closed","ping_status":"open","template":"","meta":[],"product_brand":[],"product_cat":[],"product_tag":[15],"class_list":{"0":"post-5317927","1":"product","2":"type-product","3":"status-publish","4":"has-post-thumbnail","6":"product_tag-uncategorized","8":"first","9":"onbackorder","10":"purchasable","11":"product-type-simple"},"jetpack_sharing_enabled":true,"_links":{"self":[{"href":"https:\/\/gadgettravellers.eu\/it\/wp-json\/wp\/v2\/product\/5317927","targetHints":{"allow":["GET"]}}],"collection":[{"href":"https:\/\/gadgettravellers.eu\/it\/wp-json\/wp\/v2\/product"}],"about":[{"href":"https:\/\/gadgettravellers.eu\/it\/wp-json\/wp\/v2\/types\/product"}],"replies":[{"embeddable":true,"href":"https:\/\/gadgettravellers.eu\/it\/wp-json\/wp\/v2\/comments?post=5317927"}],"wp:featuredmedia":[{"embeddable":true,"href":"https:\/\/gadgettravellers.eu\/it\/wp-json\/wp\/v2\/media\/5184948"}],"wp:attachment":[{"href":"https:\/\/gadgettravellers.eu\/it\/wp-json\/wp\/v2\/media?parent=5317927"}],"wp:term":[{"taxonomy":"product_brand","embeddable":true,"href":"https:\/\/gadgettravellers.eu\/it\/wp-json\/wp\/v2\/product_brand?post=5317927"},{"taxonomy":"product_cat","embeddable":true,"href":"https:\/\/gadgettravellers.eu\/it\/wp-json\/wp\/v2\/product_cat?post=5317927"},{"taxonomy":"product_tag","embeddable":true,"href":"https:\/\/gadgettravellers.eu\/it\/wp-json\/wp\/v2\/product_tag?post=5317927"}],"curies":[{"name":"wp","href":"https:\/\/api.w.org\/{rel}","templated":true}]}}