{"id":5317929,"date":"2026-02-02T05:03:30","date_gmt":"2026-02-02T03:03:30","guid":{"rendered":"https:\/\/gadgettravellers.eu\/shop\/soldato-schiaccianoci-di-legno-di-natale-bianco-oro-25cm-xmasfest-1133987\/"},"modified":"2026-05-05T06:04:50","modified_gmt":"2026-05-05T04:04:50","slug":"soldato-schiaccianoci-di-legno-di-natale-bianco-oro-25cm-xmasfest-1133987","status":"publish","type":"product","link":"https:\/\/gadgettravellers.eu\/it\/shop\/soldato-schiaccianoci-di-legno-di-natale-bianco-oro-25cm-xmasfest-1133987\/","title":{"rendered":"Soldato Schiaccianoci di Legno di Natale Bianco-Oro 25cm Xmasfest 1133987"},"content":{"rendered":"<p>Legno 25cm<\/p>\n<div class='aiseo-faq-section' style='margin-top:30px; border-top:1px solid #eee; padding-top:20px;'>\n<h3>Domande Frequenti<\/h3>\n<details style='margin-bottom:10px; padding:10px; background:#f9f9f9; border-radius:5px;'>\n<summary style='font-weight:bold; cursor:pointer;'>Di che materiale \u00e8 fatto il rompinoce?<\/summary>\n<div style='margin-top:10px; color:#555;'>\u00c8 realizzato in legno con una costruzione robusta.<\/div>\n<\/details>\n<details style='margin-bottom:10px; padding:10px; background:#f9f9f9; border-radius:5px;'>\n<summary style='font-weight:bold; cursor:pointer;'>Qual \u00e8 l&#8217;altezza del prodotto?<\/summary>\n<div style='margin-top:10px; color:#555;'>L&#8217;altezza \u00e8 di 25 cm.<\/div>\n<\/details>\n<details style='margin-bottom:10px; padding:10px; background:#f9f9f9; border-radius:5px;'>\n<summary style='font-weight:bold; cursor:pointer;'>Che finitura ha il prodotto?<\/summary>\n<div style='margin-top:10px; color:#555;'>Presenta una finitura bianca e dorata con un effetto evidente e attraente.<\/div>\n<\/details>\n<details style='margin-bottom:10px; padding:10px; background:#f9f9f9; border-radius:5px;'>\n<summary style='font-weight:bold; cursor:pointer;'>In quali ambienti si adatta per la decorazione?<\/summary>\n<div style='margin-top:10px; color:#555;'>Si adatta al soggiorno, al camino o come decorazione sul tavolo.<\/div>\n<\/details>\n<\/div>\n","protected":false},"excerpt":{"rendered":"<p>Legno 25cm Domande Frequenti Di che materiale \u00e8 fatto il rompinoce? \u00c8 realizzato in legno con una costruzione robusta. Qual \u00e8 l&#8217;altezza del prodotto? L&#8217;altezza \u00e8 di 25 cm. Che finitura ha il prodotto? Presenta una finitura bianca e dorata con un effetto evidente e attraente. In quali ambienti si adatta per la decorazione? Si [&hellip;]<\/p>\n","protected":false},"featured_media":5184987,"comment_status":"closed","ping_status":"open","template":"","meta":[],"product_brand":[],"product_cat":[],"product_tag":[15],"class_list":{"0":"post-5317929","1":"product","2":"type-product","3":"status-publish","4":"has-post-thumbnail","6":"product_tag-uncategorized","8":"first","9":"onbackorder","10":"purchasable","11":"product-type-simple"},"jetpack_sharing_enabled":true,"_links":{"self":[{"href":"https:\/\/gadgettravellers.eu\/it\/wp-json\/wp\/v2\/product\/5317929","targetHints":{"allow":["GET"]}}],"collection":[{"href":"https:\/\/gadgettravellers.eu\/it\/wp-json\/wp\/v2\/product"}],"about":[{"href":"https:\/\/gadgettravellers.eu\/it\/wp-json\/wp\/v2\/types\/product"}],"replies":[{"embeddable":true,"href":"https:\/\/gadgettravellers.eu\/it\/wp-json\/wp\/v2\/comments?post=5317929"}],"wp:featuredmedia":[{"embeddable":true,"href":"https:\/\/gadgettravellers.eu\/it\/wp-json\/wp\/v2\/media\/5184987"}],"wp:attachment":[{"href":"https:\/\/gadgettravellers.eu\/it\/wp-json\/wp\/v2\/media?parent=5317929"}],"wp:term":[{"taxonomy":"product_brand","embeddable":true,"href":"https:\/\/gadgettravellers.eu\/it\/wp-json\/wp\/v2\/product_brand?post=5317929"},{"taxonomy":"product_cat","embeddable":true,"href":"https:\/\/gadgettravellers.eu\/it\/wp-json\/wp\/v2\/product_cat?post=5317929"},{"taxonomy":"product_tag","embeddable":true,"href":"https:\/\/gadgettravellers.eu\/it\/wp-json\/wp\/v2\/product_tag?post=5317929"}],"curies":[{"name":"wp","href":"https:\/\/api.w.org\/{rel}","templated":true}]}}