{"id":5317930,"date":"2026-02-02T05:03:30","date_gmt":"2026-02-02T03:03:30","guid":{"rendered":"https:\/\/gadgettravellers.eu\/shop\/soldato-schiaccianoci-di-legno-gigante-di-natale-68cm-xmasfest-1133988\/"},"modified":"2026-05-05T06:04:51","modified_gmt":"2026-05-05T04:04:51","slug":"soldato-schiaccianoci-di-legno-gigante-di-natale-68cm-xmasfest-1133988","status":"publish","type":"product","link":"https:\/\/gadgettravellers.eu\/it\/shop\/soldato-schiaccianoci-di-legno-gigante-di-natale-68cm-xmasfest-1133988\/","title":{"rendered":"Soldato Schiaccianoci di Legno Gigante di Natale 68cm Xmasfest 1133988"},"content":{"rendered":"<p>Gigante di legno 68cm<\/p>\n<div class='aiseo-faq-section' style='margin-top:30px; border-top:1px solid #eee; padding-top:20px;'>\n<h3>Domande Frequenti<\/h3>\n<details style='margin-bottom:10px; padding:10px; background:#f9f9f9; border-radius:5px;'>\n<summary style='font-weight:bold; cursor:pointer;'>Di che materiale \u00e8 fatto il rompinoce?<\/summary>\n<div style='margin-top:10px; color:#555;'>\u00c8 fatto di legno.<\/div>\n<\/details>\n<details style='margin-bottom:10px; padding:10px; background:#f9f9f9; border-radius:5px;'>\n<summary style='font-weight:bold; cursor:pointer;'>Qual \u00e8 la sua altezza?<\/summary>\n<div style='margin-top:10px; color:#555;'>L&#8217;altezza \u00e8 di 68 cm.<\/div>\n<\/details>\n<details style='margin-bottom:10px; padding:10px; background:#f9f9f9; border-radius:5px;'>\n<summary style='font-weight:bold; cursor:pointer;'>\u00c8 adatto per uso interno?<\/summary>\n<div style='margin-top:10px; color:#555;'>S\u00ec, \u00e8 ideale per la decorazione natalizia degli interni.<\/div>\n<\/details>\n<details style='margin-bottom:10px; padding:10px; background:#f9f9f9; border-radius:5px;'>\n<summary style='font-weight:bold; cursor:pointer;'>Ha un aspetto fatto a mano e uno stile tradizionale?<\/summary>\n<div style='margin-top:10px; color:#555;'>S\u00ec, ha un aspetto artigianale e uno stile tradizionale, adatto come regalo o decorazione.<\/div>\n<\/details>\n<\/div>\n","protected":false},"excerpt":{"rendered":"<p>Gigante di legno 68cm Domande Frequenti Di che materiale \u00e8 fatto il rompinoce? \u00c8 fatto di legno. Qual \u00e8 la sua altezza? L&#8217;altezza \u00e8 di 68 cm. \u00c8 adatto per uso interno? S\u00ec, \u00e8 ideale per la decorazione natalizia degli interni. Ha un aspetto fatto a mano e uno stile tradizionale? S\u00ec, ha un aspetto [&hellip;]<\/p>\n","protected":false},"featured_media":5184991,"comment_status":"closed","ping_status":"open","template":"","meta":[],"product_brand":[],"product_cat":[],"product_tag":[15],"class_list":{"0":"post-5317930","1":"product","2":"type-product","3":"status-publish","4":"has-post-thumbnail","6":"product_tag-uncategorized","8":"first","9":"onbackorder","10":"purchasable","11":"product-type-simple"},"jetpack_sharing_enabled":true,"_links":{"self":[{"href":"https:\/\/gadgettravellers.eu\/it\/wp-json\/wp\/v2\/product\/5317930","targetHints":{"allow":["GET"]}}],"collection":[{"href":"https:\/\/gadgettravellers.eu\/it\/wp-json\/wp\/v2\/product"}],"about":[{"href":"https:\/\/gadgettravellers.eu\/it\/wp-json\/wp\/v2\/types\/product"}],"replies":[{"embeddable":true,"href":"https:\/\/gadgettravellers.eu\/it\/wp-json\/wp\/v2\/comments?post=5317930"}],"wp:featuredmedia":[{"embeddable":true,"href":"https:\/\/gadgettravellers.eu\/it\/wp-json\/wp\/v2\/media\/5184991"}],"wp:attachment":[{"href":"https:\/\/gadgettravellers.eu\/it\/wp-json\/wp\/v2\/media?parent=5317930"}],"wp:term":[{"taxonomy":"product_brand","embeddable":true,"href":"https:\/\/gadgettravellers.eu\/it\/wp-json\/wp\/v2\/product_brand?post=5317930"},{"taxonomy":"product_cat","embeddable":true,"href":"https:\/\/gadgettravellers.eu\/it\/wp-json\/wp\/v2\/product_cat?post=5317930"},{"taxonomy":"product_tag","embeddable":true,"href":"https:\/\/gadgettravellers.eu\/it\/wp-json\/wp\/v2\/product_tag?post=5317930"}],"curies":[{"name":"wp","href":"https:\/\/api.w.org\/{rel}","templated":true}]}}