{"id":5317931,"date":"2026-02-02T05:03:30","date_gmt":"2026-02-02T03:03:30","guid":{"rendered":"https:\/\/gadgettravellers.eu\/shop\/portaposate-figura-natalizia-15x10cm-xmasfest-1133986\/"},"modified":"2026-05-05T06:04:51","modified_gmt":"2026-05-05T04:04:51","slug":"portaposate-figura-natalizia-15x10cm-xmasfest-1133986","status":"publish","type":"product","link":"https:\/\/gadgettravellers.eu\/it\/shop\/portaposate-figura-natalizia-15x10cm-xmasfest-1133986\/","title":{"rendered":"Portaposate Figura Natalizia 15x10cm Xmasfest 1133986"},"content":{"rendered":"<p>Portaposate 15x10cm<\/p>\n<div class='aiseo-faq-section' style='margin-top:30px; border-top:1px solid #eee; padding-top:20px;'>\n<h3>Domande Frequenti<\/h3>\n<details style='margin-bottom:10px; padding:10px; background:#f9f9f9; border-radius:5px;'>\n<summary style='font-weight:bold; cursor:pointer;'>Quali sono le dimensioni della custodia?<\/summary>\n<div style='margin-top:10px; color:#555;'>Le dimensioni sono 15x10cm.<\/div>\n<\/details>\n<details style='margin-bottom:10px; padding:10px; background:#f9f9f9; border-radius:5px;'>\n<summary style='font-weight:bold; cursor:pointer;'>Ha una figura decorativa?<\/summary>\n<div style='margin-top:10px; color:#555;'>S\u00ec, ha una figura decorativa natalizia.<\/div>\n<\/details>\n<details style='margin-bottom:10px; padding:10px; background:#f9f9f9; border-radius:5px;'>\n<summary style='font-weight:bold; cursor:pointer;'>Per quale uso \u00e8 destinato?<\/summary>\n<div style='margin-top:10px; color:#555;'>\u00c8 ideale per un servizio festivo e pu\u00f2 essere utilizzata come regalo originale, pratica e portatile per la tavola.<\/div>\n<\/details>\n<\/div>\n","protected":false},"excerpt":{"rendered":"<p>Portaposate 15x10cm Domande Frequenti Quali sono le dimensioni della custodia? Le dimensioni sono 15x10cm. Ha una figura decorativa? S\u00ec, ha una figura decorativa natalizia. Per quale uso \u00e8 destinato? \u00c8 ideale per un servizio festivo e pu\u00f2 essere utilizzata come regalo originale, pratica e portatile per la tavola.<\/p>\n","protected":false},"featured_media":5184980,"comment_status":"closed","ping_status":"open","template":"","meta":[],"product_brand":[],"product_cat":[],"product_tag":[15],"class_list":{"0":"post-5317931","1":"product","2":"type-product","3":"status-publish","4":"has-post-thumbnail","6":"product_tag-uncategorized","8":"first","9":"onbackorder","10":"purchasable","11":"product-type-simple"},"jetpack_sharing_enabled":true,"_links":{"self":[{"href":"https:\/\/gadgettravellers.eu\/it\/wp-json\/wp\/v2\/product\/5317931","targetHints":{"allow":["GET"]}}],"collection":[{"href":"https:\/\/gadgettravellers.eu\/it\/wp-json\/wp\/v2\/product"}],"about":[{"href":"https:\/\/gadgettravellers.eu\/it\/wp-json\/wp\/v2\/types\/product"}],"replies":[{"embeddable":true,"href":"https:\/\/gadgettravellers.eu\/it\/wp-json\/wp\/v2\/comments?post=5317931"}],"wp:featuredmedia":[{"embeddable":true,"href":"https:\/\/gadgettravellers.eu\/it\/wp-json\/wp\/v2\/media\/5184980"}],"wp:attachment":[{"href":"https:\/\/gadgettravellers.eu\/it\/wp-json\/wp\/v2\/media?parent=5317931"}],"wp:term":[{"taxonomy":"product_brand","embeddable":true,"href":"https:\/\/gadgettravellers.eu\/it\/wp-json\/wp\/v2\/product_brand?post=5317931"},{"taxonomy":"product_cat","embeddable":true,"href":"https:\/\/gadgettravellers.eu\/it\/wp-json\/wp\/v2\/product_cat?post=5317931"},{"taxonomy":"product_tag","embeddable":true,"href":"https:\/\/gadgettravellers.eu\/it\/wp-json\/wp\/v2\/product_tag?post=5317931"}],"curies":[{"name":"wp","href":"https:\/\/api.w.org\/{rel}","templated":true}]}}