{"id":5317933,"date":"2026-02-02T05:03:31","date_gmt":"2026-02-02T03:03:31","guid":{"rendered":"https:\/\/gadgettravellers.eu\/shop\/decorazione-fai-da-te-in-legno-con-colori-e-pennello-15x12cm-xmasfest-1133990\/"},"modified":"2026-05-05T06:04:52","modified_gmt":"2026-05-05T04:04:52","slug":"decorazione-fai-da-te-in-legno-con-colori-e-pennello-15x12cm-xmasfest-1133990","status":"publish","type":"product","link":"https:\/\/gadgettravellers.eu\/it\/shop\/decorazione-fai-da-te-in-legno-con-colori-e-pennello-15x12cm-xmasfest-1133990\/","title":{"rendered":"Decorazione fai-da-te in legno con colori e pennello 15x12cm Xmasfest 1133990"},"content":{"rendered":"<p>Decorazione da tavolo in legno con colori e pennello 15x12cm<\/p>\n<div class='aiseo-faq-section' style='margin-top:30px; border-top:1px solid #eee; padding-top:20px;'>\n<h3>Domande Frequenti<\/h3>\n<details style='margin-bottom:10px; padding:10px; background:#f9f9f9; border-radius:5px;'>\n<summary style='font-weight:bold; cursor:pointer;'>Di che materiale \u00e8 fatto l&#8217;ornamento?<\/summary>\n<div style='margin-top:10px; color:#555;'>\u00c8 realizzato in legno.<\/div>\n<\/details>\n<details style='margin-bottom:10px; padding:10px; background:#f9f9f9; border-radius:5px;'>\n<summary style='font-weight:bold; cursor:pointer;'>Sono inclusi colori e pennello nel set?<\/summary>\n<div style='margin-top:10px; color:#555;'>S\u00ec, il prodotto include un set di colori e un pennello.<\/div>\n<\/details>\n<details style='margin-bottom:10px; padding:10px; background:#f9f9f9; border-radius:5px;'>\n<summary style='font-weight:bold; cursor:pointer;'>Quali sono le dimensioni dell&#8217;ornamento?<\/summary>\n<div style='margin-top:10px; color:#555;'>Le dimensioni sono 15x12cm.<\/div>\n<\/details>\n<details style='margin-bottom:10px; padding:10px; background:#f9f9f9; border-radius:5px;'>\n<summary style='font-weight:bold; cursor:pointer;'>\u00c8 adatto per bambini e lavori manuali?<\/summary>\n<div style='margin-top:10px; color:#555;'>S\u00ec, \u00e8 ideale per attivit\u00e0 per bambini, pittura e creazioni personalizzate.<\/div>\n<\/details>\n<\/div>\n","protected":false},"excerpt":{"rendered":"<p>Decorazione da tavolo in legno con colori e pennello 15x12cm Domande Frequenti Di che materiale \u00e8 fatto l&#8217;ornamento? \u00c8 realizzato in legno. Sono inclusi colori e pennello nel set? S\u00ec, il prodotto include un set di colori e un pennello. Quali sono le dimensioni dell&#8217;ornamento? Le dimensioni sono 15x12cm. \u00c8 adatto per bambini e lavori [&hellip;]<\/p>\n","protected":false},"featured_media":5185002,"comment_status":"closed","ping_status":"open","template":"","meta":[],"product_brand":[],"product_cat":[],"product_tag":[15],"class_list":{"0":"post-5317933","1":"product","2":"type-product","3":"status-publish","4":"has-post-thumbnail","6":"product_tag-uncategorized","8":"first","9":"onbackorder","10":"purchasable","11":"product-type-simple"},"jetpack_sharing_enabled":true,"_links":{"self":[{"href":"https:\/\/gadgettravellers.eu\/it\/wp-json\/wp\/v2\/product\/5317933","targetHints":{"allow":["GET"]}}],"collection":[{"href":"https:\/\/gadgettravellers.eu\/it\/wp-json\/wp\/v2\/product"}],"about":[{"href":"https:\/\/gadgettravellers.eu\/it\/wp-json\/wp\/v2\/types\/product"}],"replies":[{"embeddable":true,"href":"https:\/\/gadgettravellers.eu\/it\/wp-json\/wp\/v2\/comments?post=5317933"}],"wp:featuredmedia":[{"embeddable":true,"href":"https:\/\/gadgettravellers.eu\/it\/wp-json\/wp\/v2\/media\/5185002"}],"wp:attachment":[{"href":"https:\/\/gadgettravellers.eu\/it\/wp-json\/wp\/v2\/media?parent=5317933"}],"wp:term":[{"taxonomy":"product_brand","embeddable":true,"href":"https:\/\/gadgettravellers.eu\/it\/wp-json\/wp\/v2\/product_brand?post=5317933"},{"taxonomy":"product_cat","embeddable":true,"href":"https:\/\/gadgettravellers.eu\/it\/wp-json\/wp\/v2\/product_cat?post=5317933"},{"taxonomy":"product_tag","embeddable":true,"href":"https:\/\/gadgettravellers.eu\/it\/wp-json\/wp\/v2\/product_tag?post=5317933"}],"curies":[{"name":"wp","href":"https:\/\/api.w.org\/{rel}","templated":true}]}}