{"id":5317938,"date":"2026-02-02T05:03:33","date_gmt":"2026-02-02T03:03:33","guid":{"rendered":"https:\/\/gadgettravellers.eu\/shop\/scatola-metallica-cilindrica-con-schiaccianoci-18x-o155cm-xmasfest-1133995\/"},"modified":"2026-05-05T06:04:54","modified_gmt":"2026-05-05T04:04:54","slug":"scatola-metallica-cilindrica-con-schiaccianoci-18x-o155cm-xmasfest-1133995","status":"publish","type":"product","link":"https:\/\/gadgettravellers.eu\/it\/shop\/scatola-metallica-cilindrica-con-schiaccianoci-18x-o155cm-xmasfest-1133995\/","title":{"rendered":"Scatola Metallica Cilindrica con Schiaccianoci 18x \u00f815,5cm Xmasfest 1133995"},"content":{"rendered":"<p>Metallo 18x \u00f815,5cm<\/p>\n<div class='aiseo-faq-section' style='margin-top:30px; border-top:1px solid #eee; padding-top:20px;'>\n<h3>Domande Frequenti<\/h3>\n<details style='margin-bottom:10px; padding:10px; background:#f9f9f9; border-radius:5px;'>\n<summary style='font-weight:bold; cursor:pointer;'>Quali sono le dimensioni del prodotto?<\/summary>\n<div style='margin-top:10px; color:#555;'>Altezza 18 cm e diametro \u00f815,5 cm (dimensioni totali 18x \u00f815,5cm).<\/div>\n<\/details>\n<details style='margin-bottom:10px; padding:10px; background:#f9f9f9; border-radius:5px;'>\n<summary style='font-weight:bold; cursor:pointer;'>Di che materiale \u00e8 fatto?<\/summary>\n<div style='margin-top:10px; color:#555;'>La scatola \u00e8 fatta di metallo.<\/div>\n<\/details>\n<details style='margin-bottom:10px; padding:10px; background:#f9f9f9; border-radius:5px;'>\n<summary style='font-weight:bold; cursor:pointer;'>Ha un rompighiaccio?<\/summary>\n<div style='margin-top:10px; color:#555;'>S\u00ec, ha un rompighiaccio integrato.<\/div>\n<\/details>\n<details style='margin-bottom:10px; padding:10px; background:#f9f9f9; border-radius:5px;'>\n<summary style='font-weight:bold; cursor:pointer;'>Dove pu\u00f2 essere utilizzato?<\/summary>\n<div style='margin-top:10px; color:#555;'>Ideale come regalo, per conservare frutta secca e come decorazione festiva.<\/div>\n<\/details>\n<\/div>\n","protected":false},"excerpt":{"rendered":"<p>Metallo 18x \u00f815,5cm Domande Frequenti Quali sono le dimensioni del prodotto? Altezza 18 cm e diametro \u00f815,5 cm (dimensioni totali 18x \u00f815,5cm). Di che materiale \u00e8 fatto? La scatola \u00e8 fatta di metallo. Ha un rompighiaccio? S\u00ec, ha un rompighiaccio integrato. Dove pu\u00f2 essere utilizzato? Ideale come regalo, per conservare frutta secca e come decorazione [&hellip;]<\/p>\n","protected":false},"featured_media":5185031,"comment_status":"closed","ping_status":"open","template":"","meta":[],"product_brand":[],"product_cat":[],"product_tag":[15],"class_list":{"0":"post-5317938","1":"product","2":"type-product","3":"status-publish","4":"has-post-thumbnail","6":"product_tag-uncategorized","8":"first","9":"onbackorder","10":"purchasable","11":"product-type-simple"},"jetpack_sharing_enabled":true,"_links":{"self":[{"href":"https:\/\/gadgettravellers.eu\/it\/wp-json\/wp\/v2\/product\/5317938","targetHints":{"allow":["GET"]}}],"collection":[{"href":"https:\/\/gadgettravellers.eu\/it\/wp-json\/wp\/v2\/product"}],"about":[{"href":"https:\/\/gadgettravellers.eu\/it\/wp-json\/wp\/v2\/types\/product"}],"replies":[{"embeddable":true,"href":"https:\/\/gadgettravellers.eu\/it\/wp-json\/wp\/v2\/comments?post=5317938"}],"wp:featuredmedia":[{"embeddable":true,"href":"https:\/\/gadgettravellers.eu\/it\/wp-json\/wp\/v2\/media\/5185031"}],"wp:attachment":[{"href":"https:\/\/gadgettravellers.eu\/it\/wp-json\/wp\/v2\/media?parent=5317938"}],"wp:term":[{"taxonomy":"product_brand","embeddable":true,"href":"https:\/\/gadgettravellers.eu\/it\/wp-json\/wp\/v2\/product_brand?post=5317938"},{"taxonomy":"product_cat","embeddable":true,"href":"https:\/\/gadgettravellers.eu\/it\/wp-json\/wp\/v2\/product_cat?post=5317938"},{"taxonomy":"product_tag","embeddable":true,"href":"https:\/\/gadgettravellers.eu\/it\/wp-json\/wp\/v2\/product_tag?post=5317938"}],"curies":[{"name":"wp","href":"https:\/\/api.w.org\/{rel}","templated":true}]}}