{"id":5317939,"date":"2026-02-02T05:03:33","date_gmt":"2026-02-02T03:03:33","guid":{"rendered":"https:\/\/gadgettravellers.eu\/shop\/scatola-metallica-rettangolare-natalizia-20x13x7cm-xmasfest-1133996\/"},"modified":"2026-05-05T06:04:55","modified_gmt":"2026-05-05T04:04:55","slug":"scatola-metallica-rettangolare-natalizia-20x13x7cm-xmasfest-1133996","status":"publish","type":"product","link":"https:\/\/gadgettravellers.eu\/it\/shop\/scatola-metallica-rettangolare-natalizia-20x13x7cm-xmasfest-1133996\/","title":{"rendered":"Scatola Metallica Rettangolare Natalizia 20x13x7cm Xmasfest 1133996"},"content":{"rendered":"<p>Metallo 20x13x7cm<\/p>\n<div class='aiseo-faq-section' style='margin-top:30px; border-top:1px solid #eee; padding-top:20px;'>\n<h3>Domande Frequenti<\/h3>\n<details style='margin-bottom:10px; padding:10px; background:#f9f9f9; border-radius:5px;'>\n<summary style='font-weight:bold; cursor:pointer;'>Quali sono le dimensioni della scatola?<\/summary>\n<div style='margin-top:10px; color:#555;'>La scatola ha dimensioni 20x13x7 cm.<\/div>\n<\/details>\n<details style='margin-bottom:10px; padding:10px; background:#f9f9f9; border-radius:5px;'>\n<summary style='font-weight:bold; cursor:pointer;'>Di che materiale \u00e8 fatto?<\/summary>\n<div style='margin-top:10px; color:#555;'>\u00c8 una scatola di metallo.<\/div>\n<\/details>\n<details style='margin-bottom:10px; padding:10px; background:#f9f9f9; border-radius:5px;'>\n<summary style='font-weight:bold; cursor:pointer;'>A quale uso \u00e8 destinato?<\/summary>\n<div style='margin-top:10px; color:#555;'>\u00c8 ideale per l&#8217;imballaggio dei regali di Natale e per la conservazione di piccoli oggetti.<\/div>\n<\/details>\n<details style='margin-bottom:10px; padding:10px; background:#f9f9f9; border-radius:5px;'>\n<summary style='font-weight:bold; cursor:pointer;'>\u00c8 riutilizzabile e facile da decorare?<\/summary>\n<div style='margin-top:10px; color:#555;'>S\u00ec, \u00e8 resistente, riutilizzabile e facile da decorare.<\/div>\n<\/details>\n<\/div>\n","protected":false},"excerpt":{"rendered":"<p>Metallo 20x13x7cm Domande Frequenti Quali sono le dimensioni della scatola? La scatola ha dimensioni 20x13x7 cm. Di che materiale \u00e8 fatto? \u00c8 una scatola di metallo. A quale uso \u00e8 destinato? \u00c8 ideale per l&#8217;imballaggio dei regali di Natale e per la conservazione di piccoli oggetti. \u00c8 riutilizzabile e facile da decorare? S\u00ec, \u00e8 resistente, [&hellip;]<\/p>\n","protected":false},"featured_media":5185035,"comment_status":"closed","ping_status":"open","template":"","meta":[],"product_brand":[],"product_cat":[],"product_tag":[15],"class_list":{"0":"post-5317939","1":"product","2":"type-product","3":"status-publish","4":"has-post-thumbnail","6":"product_tag-uncategorized","8":"first","9":"onbackorder","10":"purchasable","11":"product-type-simple"},"jetpack_sharing_enabled":true,"_links":{"self":[{"href":"https:\/\/gadgettravellers.eu\/it\/wp-json\/wp\/v2\/product\/5317939","targetHints":{"allow":["GET"]}}],"collection":[{"href":"https:\/\/gadgettravellers.eu\/it\/wp-json\/wp\/v2\/product"}],"about":[{"href":"https:\/\/gadgettravellers.eu\/it\/wp-json\/wp\/v2\/types\/product"}],"replies":[{"embeddable":true,"href":"https:\/\/gadgettravellers.eu\/it\/wp-json\/wp\/v2\/comments?post=5317939"}],"wp:featuredmedia":[{"embeddable":true,"href":"https:\/\/gadgettravellers.eu\/it\/wp-json\/wp\/v2\/media\/5185035"}],"wp:attachment":[{"href":"https:\/\/gadgettravellers.eu\/it\/wp-json\/wp\/v2\/media?parent=5317939"}],"wp:term":[{"taxonomy":"product_brand","embeddable":true,"href":"https:\/\/gadgettravellers.eu\/it\/wp-json\/wp\/v2\/product_brand?post=5317939"},{"taxonomy":"product_cat","embeddable":true,"href":"https:\/\/gadgettravellers.eu\/it\/wp-json\/wp\/v2\/product_cat?post=5317939"},{"taxonomy":"product_tag","embeddable":true,"href":"https:\/\/gadgettravellers.eu\/it\/wp-json\/wp\/v2\/product_tag?post=5317939"}],"curies":[{"name":"wp","href":"https:\/\/api.w.org\/{rel}","templated":true}]}}