{"id":5317941,"date":"2026-02-02T05:03:33","date_gmt":"2026-02-02T03:03:33","guid":{"rendered":"https:\/\/gadgettravellers.eu\/shop\/tazza-in-porcellana-xmas-con-coperchio-14x95cm-400ml-xmasfest-1133998\/"},"modified":"2026-05-05T06:04:56","modified_gmt":"2026-05-05T04:04:56","slug":"tazza-in-porcellana-xmas-con-coperchio-14x95cm-400ml-xmasfest-1133998","status":"publish","type":"product","link":"https:\/\/gadgettravellers.eu\/it\/shop\/tazza-in-porcellana-xmas-con-coperchio-14x95cm-400ml-xmasfest-1133998\/","title":{"rendered":"Tazza in porcellana Xmas con coperchio 14&#215;9,5cm 400ml Xmasfest 1133998"},"content":{"rendered":"<p>Porcellana 14&#215;9,5cm 400ml<\/p>\n<div class='aiseo-faq-section' style='margin-top:30px; border-top:1px solid #eee; padding-top:20px;'>\n<h3>Domande Frequenti<\/h3>\n<details style='margin-bottom:10px; padding:10px; background:#f9f9f9; border-radius:5px;'>\n<summary style='font-weight:bold; cursor:pointer;'>Di che materiale \u00e8 la tazza?<\/summary>\n<div style='margin-top:10px; color:#555;'>La tazza \u00e8 di porcellana.<\/div>\n<\/details>\n<details style='margin-bottom:10px; padding:10px; background:#f9f9f9; border-radius:5px;'>\n<summary style='font-weight:bold; cursor:pointer;'>Qual \u00e8 la capacit\u00e0 della tazza?<\/summary>\n<div style='margin-top:10px; color:#555;'>La tazza ha una capacit\u00e0 di 400 ml.<\/div>\n<\/details>\n<details style='margin-bottom:10px; padding:10px; background:#f9f9f9; border-radius:5px;'>\n<summary style='font-weight:bold; cursor:pointer;'>Quali sono le dimensioni del prodotto?<\/summary>\n<div style='margin-top:10px; color:#555;'>Le dimensioni sono 14 x 9,5 cm.<\/div>\n<\/details>\n<details style='margin-bottom:10px; padding:10px; background:#f9f9f9; border-radius:5px;'>\n<summary style='font-weight:bold; cursor:pointer;'>Per quali usi \u00e8 consigliata la tazza?<\/summary>\n<div style='margin-top:10px; color:#555;'>Adatta per bevande calde, decorazioni natalizie e come regalo.<\/div>\n<\/details>\n<\/div>\n","protected":false},"excerpt":{"rendered":"<p>Porcellana 14&#215;9,5cm 400ml Domande Frequenti Di che materiale \u00e8 la tazza? La tazza \u00e8 di porcellana. Qual \u00e8 la capacit\u00e0 della tazza? La tazza ha una capacit\u00e0 di 400 ml. Quali sono le dimensioni del prodotto? Le dimensioni sono 14 x 9,5 cm. Per quali usi \u00e8 consigliata la tazza? Adatta per bevande calde, decorazioni [&hellip;]<\/p>\n","protected":false},"featured_media":5185046,"comment_status":"closed","ping_status":"open","template":"","meta":[],"product_brand":[],"product_cat":[],"product_tag":[15],"class_list":{"0":"post-5317941","1":"product","2":"type-product","3":"status-publish","4":"has-post-thumbnail","6":"product_tag-uncategorized","8":"first","9":"onbackorder","10":"purchasable","11":"product-type-simple"},"jetpack_sharing_enabled":true,"_links":{"self":[{"href":"https:\/\/gadgettravellers.eu\/it\/wp-json\/wp\/v2\/product\/5317941","targetHints":{"allow":["GET"]}}],"collection":[{"href":"https:\/\/gadgettravellers.eu\/it\/wp-json\/wp\/v2\/product"}],"about":[{"href":"https:\/\/gadgettravellers.eu\/it\/wp-json\/wp\/v2\/types\/product"}],"replies":[{"embeddable":true,"href":"https:\/\/gadgettravellers.eu\/it\/wp-json\/wp\/v2\/comments?post=5317941"}],"wp:featuredmedia":[{"embeddable":true,"href":"https:\/\/gadgettravellers.eu\/it\/wp-json\/wp\/v2\/media\/5185046"}],"wp:attachment":[{"href":"https:\/\/gadgettravellers.eu\/it\/wp-json\/wp\/v2\/media?parent=5317941"}],"wp:term":[{"taxonomy":"product_brand","embeddable":true,"href":"https:\/\/gadgettravellers.eu\/it\/wp-json\/wp\/v2\/product_brand?post=5317941"},{"taxonomy":"product_cat","embeddable":true,"href":"https:\/\/gadgettravellers.eu\/it\/wp-json\/wp\/v2\/product_cat?post=5317941"},{"taxonomy":"product_tag","embeddable":true,"href":"https:\/\/gadgettravellers.eu\/it\/wp-json\/wp\/v2\/product_tag?post=5317941"}],"curies":[{"name":"wp","href":"https:\/\/api.w.org\/{rel}","templated":true}]}}