{"id":5317943,"date":"2026-02-02T05:03:34","date_gmt":"2026-02-02T03:03:34","guid":{"rendered":"https:\/\/gadgettravellers.eu\/shop\/copricuscino-design-natalizio-45x45cm-xmasfest-1134000\/"},"modified":"2026-05-05T06:04:56","modified_gmt":"2026-05-05T04:04:56","slug":"copricuscino-design-natalizio-45x45cm-xmasfest-1134000","status":"publish","type":"product","link":"https:\/\/gadgettravellers.eu\/it\/shop\/copricuscino-design-natalizio-45x45cm-xmasfest-1134000\/","title":{"rendered":"Copricuscino Design Natalizio 45x45cm Xmasfest 1134000"},"content":{"rendered":"<p>Fodera per cuscino 45x45cm<\/p>\n<div class='aiseo-faq-section' style='margin-top:30px; border-top:1px solid #eee; padding-top:20px;'>\n<h3>Domande Frequenti<\/h3>\n<details style='margin-bottom:10px; padding:10px; background:#f9f9f9; border-radius:5px;'>\n<summary style='font-weight:bold; cursor:pointer;'>Quali sono le dimensioni della custodia?<\/summary>\n<div style='margin-top:10px; color:#555;'>45&#215;45 cm.<\/div>\n<\/details>\n<details style='margin-bottom:10px; padding:10px; background:#f9f9f9; border-radius:5px;'>\n<summary style='font-weight:bold; cursor:pointer;'>Il riempimento del cuscino \u00e8 incluso?<\/summary>\n<div style='margin-top:10px; color:#555;'>No, si tratta solo della custodia del cuscino senza l&#8217;imbottitura interna.<\/div>\n<\/details>\n<details style='margin-bottom:10px; padding:10px; background:#f9f9f9; border-radius:5px;'>\n<summary style='font-weight:bold; cursor:pointer;'>In quali ambienti si adatta?<\/summary>\n<div style='margin-top:10px; color:#555;'>Ideale per la decorazione stagionale del soggiorno e del divano.<\/div>\n<\/details>\n<details style='margin-bottom:10px; padding:10px; background:#f9f9f9; border-radius:5px;'>\n<summary style='font-weight:bold; cursor:pointer;'>Pu\u00f2 essere usato come regalo?<\/summary>\n<div style='margin-top:10px; color:#555;'>S\u00ec, \u00e8 adatta come regalo o per rinnovare lo spazio.<\/div>\n<\/details>\n<\/div>\n","protected":false},"excerpt":{"rendered":"<p>Fodera per cuscino 45x45cm Domande Frequenti Quali sono le dimensioni della custodia? 45&#215;45 cm. Il riempimento del cuscino \u00e8 incluso? No, si tratta solo della custodia del cuscino senza l&#8217;imbottitura interna. In quali ambienti si adatta? Ideale per la decorazione stagionale del soggiorno e del divano. Pu\u00f2 essere usato come regalo? S\u00ec, \u00e8 adatta come [&hellip;]<\/p>\n","protected":false},"featured_media":5185057,"comment_status":"closed","ping_status":"open","template":"","meta":[],"product_brand":[],"product_cat":[],"product_tag":[15],"class_list":{"0":"post-5317943","1":"product","2":"type-product","3":"status-publish","4":"has-post-thumbnail","6":"product_tag-uncategorized","8":"first","9":"onbackorder","10":"purchasable","11":"product-type-simple"},"jetpack_sharing_enabled":true,"_links":{"self":[{"href":"https:\/\/gadgettravellers.eu\/it\/wp-json\/wp\/v2\/product\/5317943","targetHints":{"allow":["GET"]}}],"collection":[{"href":"https:\/\/gadgettravellers.eu\/it\/wp-json\/wp\/v2\/product"}],"about":[{"href":"https:\/\/gadgettravellers.eu\/it\/wp-json\/wp\/v2\/types\/product"}],"replies":[{"embeddable":true,"href":"https:\/\/gadgettravellers.eu\/it\/wp-json\/wp\/v2\/comments?post=5317943"}],"wp:featuredmedia":[{"embeddable":true,"href":"https:\/\/gadgettravellers.eu\/it\/wp-json\/wp\/v2\/media\/5185057"}],"wp:attachment":[{"href":"https:\/\/gadgettravellers.eu\/it\/wp-json\/wp\/v2\/media?parent=5317943"}],"wp:term":[{"taxonomy":"product_brand","embeddable":true,"href":"https:\/\/gadgettravellers.eu\/it\/wp-json\/wp\/v2\/product_brand?post=5317943"},{"taxonomy":"product_cat","embeddable":true,"href":"https:\/\/gadgettravellers.eu\/it\/wp-json\/wp\/v2\/product_cat?post=5317943"},{"taxonomy":"product_tag","embeddable":true,"href":"https:\/\/gadgettravellers.eu\/it\/wp-json\/wp\/v2\/product_tag?post=5317943"}],"curies":[{"name":"wp","href":"https:\/\/api.w.org\/{rel}","templated":true}]}}