{"id":5317944,"date":"2026-02-02T05:03:34","date_gmt":"2026-02-02T03:03:34","guid":{"rendered":"https:\/\/gadgettravellers.eu\/shop\/albero-con-20-led-a-batteria-100cm-xmasfest-1134006\/"},"modified":"2026-05-05T06:04:57","modified_gmt":"2026-05-05T04:04:57","slug":"albero-con-20-led-a-batteria-100cm-xmasfest-1134006","status":"publish","type":"product","link":"https:\/\/gadgettravellers.eu\/it\/shop\/albero-con-20-led-a-batteria-100cm-xmasfest-1134006\/","title":{"rendered":"Albero con 20 LED a batteria 100cm Xmasfest 1134006"},"content":{"rendered":"<p>20 LED a batteria 100cm<\/p>\n<div class='aiseo-faq-section' style='margin-top:30px; border-top:1px solid #eee; padding-top:20px;'>\n<h3>Domande Frequenti<\/h3>\n<details style='margin-bottom:10px; padding:10px; background:#f9f9f9; border-radius:5px;'>\n<summary style='font-weight:bold; cursor:pointer;'>Quanti LED ha l&#8217;albero?<\/summary>\n<div style='margin-top:10px; color:#555;'>Ha 20 LED.<\/div>\n<\/details>\n<details style='margin-bottom:10px; padding:10px; background:#f9f9f9; border-radius:5px;'>\n<summary style='font-weight:bold; cursor:pointer;'>Qual \u00e8 l&#8217;altezza del prodotto?<\/summary>\n<div style='margin-top:10px; color:#555;'>L&#8217;albero ha un&#8217;altezza di 100 cm.<\/div>\n<\/details>\n<details style='margin-bottom:10px; padding:10px; background:#f9f9f9; border-radius:5px;'>\n<summary style='font-weight:bold; cursor:pointer;'>Come \u00e8 alimentata la lampada?<\/summary>\n<div style='margin-top:10px; color:#555;'>Funziona a batterie e non richiede cavi.<\/div>\n<\/details>\n<details style='margin-bottom:10px; padding:10px; background:#f9f9f9; border-radius:5px;'>\n<summary style='font-weight:bold; cursor:pointer;'>\u00c8 adatto per uso interno?<\/summary>\n<div style='margin-top:10px; color:#555;'>S\u00ec, \u00e8 ideale per la decorazione degli interni.<\/div>\n<\/details>\n<\/div>\n","protected":false},"excerpt":{"rendered":"<p>20 LED a batteria 100cm Domande Frequenti Quanti LED ha l&#8217;albero? Ha 20 LED. Qual \u00e8 l&#8217;altezza del prodotto? L&#8217;albero ha un&#8217;altezza di 100 cm. Come \u00e8 alimentata la lampada? Funziona a batterie e non richiede cavi. \u00c8 adatto per uso interno? S\u00ec, \u00e8 ideale per la decorazione degli interni.<\/p>\n","protected":false},"featured_media":5185068,"comment_status":"closed","ping_status":"open","template":"","meta":[],"product_brand":[],"product_cat":[],"product_tag":[15],"class_list":{"0":"post-5317944","1":"product","2":"type-product","3":"status-publish","4":"has-post-thumbnail","6":"product_tag-uncategorized","8":"first","9":"onbackorder","10":"purchasable","11":"product-type-simple"},"jetpack_sharing_enabled":true,"_links":{"self":[{"href":"https:\/\/gadgettravellers.eu\/it\/wp-json\/wp\/v2\/product\/5317944","targetHints":{"allow":["GET"]}}],"collection":[{"href":"https:\/\/gadgettravellers.eu\/it\/wp-json\/wp\/v2\/product"}],"about":[{"href":"https:\/\/gadgettravellers.eu\/it\/wp-json\/wp\/v2\/types\/product"}],"replies":[{"embeddable":true,"href":"https:\/\/gadgettravellers.eu\/it\/wp-json\/wp\/v2\/comments?post=5317944"}],"wp:featuredmedia":[{"embeddable":true,"href":"https:\/\/gadgettravellers.eu\/it\/wp-json\/wp\/v2\/media\/5185068"}],"wp:attachment":[{"href":"https:\/\/gadgettravellers.eu\/it\/wp-json\/wp\/v2\/media?parent=5317944"}],"wp:term":[{"taxonomy":"product_brand","embeddable":true,"href":"https:\/\/gadgettravellers.eu\/it\/wp-json\/wp\/v2\/product_brand?post=5317944"},{"taxonomy":"product_cat","embeddable":true,"href":"https:\/\/gadgettravellers.eu\/it\/wp-json\/wp\/v2\/product_cat?post=5317944"},{"taxonomy":"product_tag","embeddable":true,"href":"https:\/\/gadgettravellers.eu\/it\/wp-json\/wp\/v2\/product_tag?post=5317944"}],"curies":[{"name":"wp","href":"https:\/\/api.w.org\/{rel}","templated":true}]}}