{"id":5317947,"date":"2026-02-02T05:03:35","date_gmt":"2026-02-02T03:03:35","guid":{"rendered":"https:\/\/gadgettravellers.eu\/shop\/portafortuna-casa-buon-anno-30cm-xmasfest-1134009\/"},"modified":"2026-05-05T06:04:58","modified_gmt":"2026-05-05T04:04:58","slug":"portafortuna-casa-buon-anno-30cm-xmasfest-1134009","status":"publish","type":"product","link":"https:\/\/gadgettravellers.eu\/it\/shop\/portafortuna-casa-buon-anno-30cm-xmasfest-1134009\/","title":{"rendered":"Portafortuna Casa Buon Anno 30cm Xmasfest 1134009"},"content":{"rendered":"<p>Metallico 30cm<\/p>\n<div class='aiseo-faq-section' style='margin-top:30px; border-top:1px solid #eee; padding-top:20px;'>\n<h3>Domande Frequenti<\/h3>\n<details style='margin-bottom:10px; padding:10px; background:#f9f9f9; border-radius:5px;'>\n<summary style='font-weight:bold; cursor:pointer;'>Di quale materiale \u00e8 fatto il portafortuna?<\/summary>\n<div style='margin-top:10px; color:#555;'>\u00c8 realizzato in metallo resistente che mantiene il suo aspetto nel tempo.<\/div>\n<\/details>\n<details style='margin-bottom:10px; padding:10px; background:#f9f9f9; border-radius:5px;'>\n<summary style='font-weight:bold; cursor:pointer;'>Qual \u00e8 la dimensione del portafortuna?<\/summary>\n<div style='margin-top:10px; color:#555;'>Il portafortuna ha un&#8217;altezza di 30 cm.<\/div>\n<\/details>\n<details style='margin-bottom:10px; padding:10px; background:#f9f9f9; border-radius:5px;'>\n<summary style='font-weight:bold; cursor:pointer;'>Dove posso appenderlo in casa?<\/summary>\n<div style='margin-top:10px; color:#555;'>Puoi appenderlo a porte, pareti o all&#8217;albero di Natale, poich\u00e9 \u00e8 leggero e facile da appendere.<\/div>\n<\/details>\n<details style='margin-bottom:10px; padding:10px; background:#f9f9f9; border-radius:5px;'>\n<summary style='font-weight:bold; cursor:pointer;'>\u00c8 adatto come regalo?<\/summary>\n<div style='margin-top:10px; color:#555;'>S\u00ec, \u00e8 una scelta pratica ed elegante per un piccolo regalo o come regalo per il nuovo anno.<\/div>\n<\/details>\n<\/div>\n","protected":false},"excerpt":{"rendered":"<p>Metallico 30cm Domande Frequenti Di quale materiale \u00e8 fatto il portafortuna? \u00c8 realizzato in metallo resistente che mantiene il suo aspetto nel tempo. Qual \u00e8 la dimensione del portafortuna? Il portafortuna ha un&#8217;altezza di 30 cm. Dove posso appenderlo in casa? Puoi appenderlo a porte, pareti o all&#8217;albero di Natale, poich\u00e9 \u00e8 leggero e facile [&hellip;]<\/p>\n","protected":false},"featured_media":5185080,"comment_status":"closed","ping_status":"open","template":"","meta":[],"product_brand":[],"product_cat":[],"product_tag":[15],"class_list":{"0":"post-5317947","1":"product","2":"type-product","3":"status-publish","4":"has-post-thumbnail","6":"product_tag-uncategorized","8":"first","9":"onbackorder","10":"purchasable","11":"product-type-simple"},"jetpack_sharing_enabled":true,"_links":{"self":[{"href":"https:\/\/gadgettravellers.eu\/it\/wp-json\/wp\/v2\/product\/5317947","targetHints":{"allow":["GET"]}}],"collection":[{"href":"https:\/\/gadgettravellers.eu\/it\/wp-json\/wp\/v2\/product"}],"about":[{"href":"https:\/\/gadgettravellers.eu\/it\/wp-json\/wp\/v2\/types\/product"}],"replies":[{"embeddable":true,"href":"https:\/\/gadgettravellers.eu\/it\/wp-json\/wp\/v2\/comments?post=5317947"}],"wp:featuredmedia":[{"embeddable":true,"href":"https:\/\/gadgettravellers.eu\/it\/wp-json\/wp\/v2\/media\/5185080"}],"wp:attachment":[{"href":"https:\/\/gadgettravellers.eu\/it\/wp-json\/wp\/v2\/media?parent=5317947"}],"wp:term":[{"taxonomy":"product_brand","embeddable":true,"href":"https:\/\/gadgettravellers.eu\/it\/wp-json\/wp\/v2\/product_brand?post=5317947"},{"taxonomy":"product_cat","embeddable":true,"href":"https:\/\/gadgettravellers.eu\/it\/wp-json\/wp\/v2\/product_cat?post=5317947"},{"taxonomy":"product_tag","embeddable":true,"href":"https:\/\/gadgettravellers.eu\/it\/wp-json\/wp\/v2\/product_tag?post=5317947"}],"curies":[{"name":"wp","href":"https:\/\/api.w.org\/{rel}","templated":true}]}}