{"id":5317948,"date":"2026-02-02T05:03:35","date_gmt":"2026-02-02T03:03:35","guid":{"rendered":"https:\/\/gadgettravellers.eu\/shop\/portafortuna-melograno-con-pietre-rosse-30cm-xmasfest-1134008\/"},"modified":"2026-05-05T06:04:58","modified_gmt":"2026-05-05T04:04:58","slug":"portafortuna-melograno-con-pietre-rosse-30cm-xmasfest-1134008","status":"publish","type":"product","link":"https:\/\/gadgettravellers.eu\/it\/shop\/portafortuna-melograno-con-pietre-rosse-30cm-xmasfest-1134008\/","title":{"rendered":"Portafortuna Melograno con Pietre Rosse 30cm Xmasfest 1134008"},"content":{"rendered":"<p>Metallico 30cm<\/p>\n<div class='aiseo-faq-section' style='margin-top:30px; border-top:1px solid #eee; padding-top:20px;'>\n<h3>Domande Frequenti<\/h3>\n<details style='margin-bottom:10px; padding:10px; background:#f9f9f9; border-radius:5px;'>\n<summary style='font-weight:bold; cursor:pointer;'>Di che materiale \u00e8 fatto il portafortuna?<\/summary>\n<div style='margin-top:10px; color:#555;'>\u00c8 un portafortuna metallico con pietre rosse incastonate e una struttura metallica resistente.<\/div>\n<\/details>\n<details style='margin-bottom:10px; padding:10px; background:#f9f9f9; border-radius:5px;'>\n<summary style='font-weight:bold; cursor:pointer;'>Quali sono le sue dimensioni?<\/summary>\n<div style='margin-top:10px; color:#555;'>Ha una dimensione di 30 cm, adatto per essere appeso visibilmente a una porta o a una parete.<\/div>\n<\/details>\n<details style='margin-bottom:10px; padding:10px; background:#f9f9f9; border-radius:5px;'>\n<summary style='font-weight:bold; cursor:pointer;'>\u00c8 pronto per essere appeso?<\/summary>\n<div style='margin-top:10px; color:#555;'>S\u00ec, \u00e8 pronto per l&#8217;uso immediato e progettato per essere appeso a una porta o a una parete.<\/div>\n<\/details>\n<details style='margin-bottom:10px; padding:10px; background:#f9f9f9; border-radius:5px;'>\n<summary style='font-weight:bold; cursor:pointer;'>Va bene come regalo?<\/summary>\n<div style='margin-top:10px; color:#555;'>S\u00ec, \u00e8 consigliato come portafortuna\/regalo di buona sorte per famiglia e amici e aggiunge uno stile tradizionale all&#8217;ambiente.<\/div>\n<\/details>\n<\/div>\n","protected":false},"excerpt":{"rendered":"<p>Metallico 30cm Domande Frequenti Di che materiale \u00e8 fatto il portafortuna? \u00c8 un portafortuna metallico con pietre rosse incastonate e una struttura metallica resistente. Quali sono le sue dimensioni? Ha una dimensione di 30 cm, adatto per essere appeso visibilmente a una porta o a una parete. \u00c8 pronto per essere appeso? S\u00ec, \u00e8 pronto [&hellip;]<\/p>\n","protected":false},"featured_media":5185076,"comment_status":"closed","ping_status":"open","template":"","meta":[],"product_brand":[],"product_cat":[],"product_tag":[15],"class_list":{"0":"post-5317948","1":"product","2":"type-product","3":"status-publish","4":"has-post-thumbnail","6":"product_tag-uncategorized","8":"first","9":"onbackorder","10":"purchasable","11":"product-type-simple"},"jetpack_sharing_enabled":true,"_links":{"self":[{"href":"https:\/\/gadgettravellers.eu\/it\/wp-json\/wp\/v2\/product\/5317948","targetHints":{"allow":["GET"]}}],"collection":[{"href":"https:\/\/gadgettravellers.eu\/it\/wp-json\/wp\/v2\/product"}],"about":[{"href":"https:\/\/gadgettravellers.eu\/it\/wp-json\/wp\/v2\/types\/product"}],"replies":[{"embeddable":true,"href":"https:\/\/gadgettravellers.eu\/it\/wp-json\/wp\/v2\/comments?post=5317948"}],"wp:featuredmedia":[{"embeddable":true,"href":"https:\/\/gadgettravellers.eu\/it\/wp-json\/wp\/v2\/media\/5185076"}],"wp:attachment":[{"href":"https:\/\/gadgettravellers.eu\/it\/wp-json\/wp\/v2\/media?parent=5317948"}],"wp:term":[{"taxonomy":"product_brand","embeddable":true,"href":"https:\/\/gadgettravellers.eu\/it\/wp-json\/wp\/v2\/product_brand?post=5317948"},{"taxonomy":"product_cat","embeddable":true,"href":"https:\/\/gadgettravellers.eu\/it\/wp-json\/wp\/v2\/product_cat?post=5317948"},{"taxonomy":"product_tag","embeddable":true,"href":"https:\/\/gadgettravellers.eu\/it\/wp-json\/wp\/v2\/product_tag?post=5317948"}],"curies":[{"name":"wp","href":"https:\/\/api.w.org\/{rel}","templated":true}]}}