{"id":5317952,"date":"2026-02-02T05:03:36","date_gmt":"2026-02-02T03:03:36","guid":{"rendered":"https:\/\/gadgettravellers.eu\/shop\/casa-con-occhio-decorazione-da-tavolo-in-legno-145x14cm-xmasfest-1134012\/"},"modified":"2026-05-05T06:05:00","modified_gmt":"2026-05-05T04:05:00","slug":"casa-con-occhio-decorazione-da-tavolo-in-legno-145x14cm-xmasfest-1134012","status":"publish","type":"product","link":"https:\/\/gadgettravellers.eu\/it\/shop\/casa-con-occhio-decorazione-da-tavolo-in-legno-145x14cm-xmasfest-1134012\/","title":{"rendered":"Casa con Occhio Decorazione da Tavolo in Legno 14,5x14cm Xmasfest 1134012"},"content":{"rendered":"<p>Decorazione da tavolo in legno 14,5x14cm<\/p>\n<div class='aiseo-faq-section' style='margin-top:30px; border-top:1px solid #eee; padding-top:20px;'>\n<h3>Domande Frequenti<\/h3>\n<details style='margin-bottom:10px; padding:10px; background:#f9f9f9; border-radius:5px;'>\n<summary style='font-weight:bold; cursor:pointer;'>Di che materiale \u00e8 il prodotto?<\/summary>\n<div style='margin-top:10px; color:#555;'>L&#8217;ornamento \u00e8 realizzato in legno.<\/div>\n<\/details>\n<details style='margin-bottom:10px; padding:10px; background:#f9f9f9; border-radius:5px;'>\n<summary style='font-weight:bold; cursor:pointer;'>Quali sono le sue dimensioni?<\/summary>\n<div style='margin-top:10px; color:#555;'>Le dimensioni sono 14,5 x 14 cm.<\/div>\n<\/details>\n<details style='margin-bottom:10px; padding:10px; background:#f9f9f9; border-radius:5px;'>\n<summary style='font-weight:bold; cursor:pointer;'>Per quali usi \u00e8 destinato?<\/summary>\n<div style='margin-top:10px; color:#555;'>\u00c8 ideale per la decorazione natalizia e per la decorazione di piccoli spazi.<\/div>\n<\/details>\n<details style='margin-bottom:10px; padding:10px; background:#f9f9f9; border-radius:5px;'>\n<summary style='font-weight:bold; cursor:pointer;'>\u00c8 da tavolo o da appendere?<\/summary>\n<div style='margin-top:10px; color:#555;'>Si tratta di un oggetto decorativo da tavolo.<\/div>\n<\/details>\n<\/div>\n","protected":false},"excerpt":{"rendered":"<p>Decorazione da tavolo in legno 14,5x14cm Domande Frequenti Di che materiale \u00e8 il prodotto? L&#8217;ornamento \u00e8 realizzato in legno. Quali sono le sue dimensioni? Le dimensioni sono 14,5 x 14 cm. Per quali usi \u00e8 destinato? \u00c8 ideale per la decorazione natalizia e per la decorazione di piccoli spazi. \u00c8 da tavolo o da appendere? [&hellip;]<\/p>\n","protected":false},"featured_media":5185092,"comment_status":"closed","ping_status":"open","template":"","meta":[],"product_brand":[],"product_cat":[],"product_tag":[15],"class_list":{"0":"post-5317952","1":"product","2":"type-product","3":"status-publish","4":"has-post-thumbnail","6":"product_tag-uncategorized","8":"first","9":"onbackorder","10":"purchasable","11":"product-type-simple"},"jetpack_sharing_enabled":true,"_links":{"self":[{"href":"https:\/\/gadgettravellers.eu\/it\/wp-json\/wp\/v2\/product\/5317952","targetHints":{"allow":["GET"]}}],"collection":[{"href":"https:\/\/gadgettravellers.eu\/it\/wp-json\/wp\/v2\/product"}],"about":[{"href":"https:\/\/gadgettravellers.eu\/it\/wp-json\/wp\/v2\/types\/product"}],"replies":[{"embeddable":true,"href":"https:\/\/gadgettravellers.eu\/it\/wp-json\/wp\/v2\/comments?post=5317952"}],"wp:featuredmedia":[{"embeddable":true,"href":"https:\/\/gadgettravellers.eu\/it\/wp-json\/wp\/v2\/media\/5185092"}],"wp:attachment":[{"href":"https:\/\/gadgettravellers.eu\/it\/wp-json\/wp\/v2\/media?parent=5317952"}],"wp:term":[{"taxonomy":"product_brand","embeddable":true,"href":"https:\/\/gadgettravellers.eu\/it\/wp-json\/wp\/v2\/product_brand?post=5317952"},{"taxonomy":"product_cat","embeddable":true,"href":"https:\/\/gadgettravellers.eu\/it\/wp-json\/wp\/v2\/product_cat?post=5317952"},{"taxonomy":"product_tag","embeddable":true,"href":"https:\/\/gadgettravellers.eu\/it\/wp-json\/wp\/v2\/product_tag?post=5317952"}],"curies":[{"name":"wp","href":"https:\/\/api.w.org\/{rel}","templated":true}]}}