{"id":5317954,"date":"2026-02-02T05:03:37","date_gmt":"2026-02-02T03:03:37","guid":{"rendered":"https:\/\/gadgettravellers.eu\/shop\/melograno-con-auguri-appendino-in-legno-37x-o13cm-xmasfest-1134015\/"},"modified":"2026-05-05T06:05:01","modified_gmt":"2026-05-05T04:05:01","slug":"melograno-con-auguri-appendino-in-legno-37x-o13cm-xmasfest-1134015","status":"publish","type":"product","link":"https:\/\/gadgettravellers.eu\/it\/shop\/melograno-con-auguri-appendino-in-legno-37x-o13cm-xmasfest-1134015\/","title":{"rendered":"Melograno con Auguri Appendino in Legno 37x \u00f813cm Xmasfest 1134015"},"content":{"rendered":"<p>Sospensione in legno 37x \u00f813cm<\/p>\n<div class='aiseo-faq-section' style='margin-top:30px; border-top:1px solid #eee; padding-top:20px;'>\n<h3>Domande Frequenti<\/h3>\n<details style='margin-bottom:10px; padding:10px; background:#f9f9f9; border-radius:5px;'>\n<summary style='font-weight:bold; cursor:pointer;'>Quali sono le dimensioni dell&#8217;ornamento?<\/summary>\n<div style='margin-top:10px; color:#555;'>Altezza 37 cm e diametro 13 cm.<\/div>\n<\/details>\n<details style='margin-bottom:10px; padding:10px; background:#f9f9f9; border-radius:5px;'>\n<summary style='font-weight:bold; cursor:pointer;'>Di che materiale \u00e8 fatto?<\/summary>\n<div style='margin-top:10px; color:#555;'>\u00c8 un ornamento appeso in legno.<\/div>\n<\/details>\n<details style='margin-bottom:10px; padding:10px; background:#f9f9f9; border-radius:5px;'>\n<summary style='font-weight:bold; cursor:pointer;'>\u00c8 adatto per la decorazione natalizia?<\/summary>\n<div style='margin-top:10px; color:#555;'>S\u00ec, \u00e8 ideale per la decorazione natalizia.<\/div>\n<\/details>\n<details style='margin-bottom:10px; padding:10px; background:#f9f9f9; border-radius:5px;'>\n<summary style='font-weight:bold; cursor:pointer;'>\u00c8 facile da appendere?<\/summary>\n<div style='margin-top:10px; color:#555;'>S\u00ec, \u00e8 leggero e facile da appendere.<\/div>\n<\/details>\n<\/div>\n","protected":false},"excerpt":{"rendered":"<p>Sospensione in legno 37x \u00f813cm Domande Frequenti Quali sono le dimensioni dell&#8217;ornamento? Altezza 37 cm e diametro 13 cm. Di che materiale \u00e8 fatto? \u00c8 un ornamento appeso in legno. \u00c8 adatto per la decorazione natalizia? S\u00ec, \u00e8 ideale per la decorazione natalizia. \u00c8 facile da appendere? S\u00ec, \u00e8 leggero e facile da appendere.<\/p>\n","protected":false},"featured_media":5185104,"comment_status":"closed","ping_status":"open","template":"","meta":[],"product_brand":[],"product_cat":[],"product_tag":[15],"class_list":{"0":"post-5317954","1":"product","2":"type-product","3":"status-publish","4":"has-post-thumbnail","6":"product_tag-uncategorized","8":"first","9":"onbackorder","10":"purchasable","11":"product-type-simple"},"jetpack_sharing_enabled":true,"_links":{"self":[{"href":"https:\/\/gadgettravellers.eu\/it\/wp-json\/wp\/v2\/product\/5317954","targetHints":{"allow":["GET"]}}],"collection":[{"href":"https:\/\/gadgettravellers.eu\/it\/wp-json\/wp\/v2\/product"}],"about":[{"href":"https:\/\/gadgettravellers.eu\/it\/wp-json\/wp\/v2\/types\/product"}],"replies":[{"embeddable":true,"href":"https:\/\/gadgettravellers.eu\/it\/wp-json\/wp\/v2\/comments?post=5317954"}],"wp:featuredmedia":[{"embeddable":true,"href":"https:\/\/gadgettravellers.eu\/it\/wp-json\/wp\/v2\/media\/5185104"}],"wp:attachment":[{"href":"https:\/\/gadgettravellers.eu\/it\/wp-json\/wp\/v2\/media?parent=5317954"}],"wp:term":[{"taxonomy":"product_brand","embeddable":true,"href":"https:\/\/gadgettravellers.eu\/it\/wp-json\/wp\/v2\/product_brand?post=5317954"},{"taxonomy":"product_cat","embeddable":true,"href":"https:\/\/gadgettravellers.eu\/it\/wp-json\/wp\/v2\/product_cat?post=5317954"},{"taxonomy":"product_tag","embeddable":true,"href":"https:\/\/gadgettravellers.eu\/it\/wp-json\/wp\/v2\/product_tag?post=5317954"}],"curies":[{"name":"wp","href":"https:\/\/api.w.org\/{rel}","templated":true}]}}