{"id":5317955,"date":"2026-02-02T05:03:37","date_gmt":"2026-02-02T03:03:37","guid":{"rendered":"https:\/\/gadgettravellers.eu\/shop\/melograno-appeso-in-legno-con-plexiglass-15x15cm-xmasfest-1134016\/"},"modified":"2026-05-05T06:05:01","modified_gmt":"2026-05-05T04:05:01","slug":"melograno-appeso-in-legno-con-plexiglass-15x15cm-xmasfest-1134016","status":"publish","type":"product","link":"https:\/\/gadgettravellers.eu\/it\/shop\/melograno-appeso-in-legno-con-plexiglass-15x15cm-xmasfest-1134016\/","title":{"rendered":"Melograno Appeso in Legno con Plexiglass 15x15cm Xmasfest 1134016"},"content":{"rendered":"<p>Appendino in legno 15x15cm<\/p>\n<div class='aiseo-faq-section' style='margin-top:30px; border-top:1px solid #eee; padding-top:20px;'>\n<h3>Domande Frequenti<\/h3>\n<details style='margin-bottom:10px; padding:10px; background:#f9f9f9; border-radius:5px;'>\n<summary style='font-weight:bold; cursor:pointer;'>Di che materiale \u00e8 il gioiello?<\/summary>\n<div style='margin-top:10px; color:#555;'>\u00c8 in legno con plexiglass secondo la descrizione.<\/div>\n<\/details>\n<details style='margin-bottom:10px; padding:10px; background:#f9f9f9; border-radius:5px;'>\n<summary style='font-weight:bold; cursor:pointer;'>Quali sono le sue dimensioni?<\/summary>\n<div style='margin-top:10px; color:#555;'>Le sue dimensioni sono 15x15cm.<\/div>\n<\/details>\n<details style='margin-bottom:10px; padding:10px; background:#f9f9f9; border-radius:5px;'>\n<summary style='font-weight:bold; cursor:pointer;'>\u00c8 adatto per l&#8217;albero di Natale?<\/summary>\n<div style='margin-top:10px; color:#555;'>S\u00ec, \u00e8 ideale per la decorazione natalizia e progettato per essere appeso all&#8217;albero.<\/div>\n<\/details>\n<details style='margin-bottom:10px; padding:10px; background:#f9f9f9; border-radius:5px;'>\n<summary style='font-weight:bold; cursor:pointer;'>\u00c8 pesante o facile da appendere?<\/summary>\n<div style='margin-top:10px; color:#555;'>\u00c8 leggero e facile da appendere, come indicato nella breve descrizione.<\/div>\n<\/details>\n<\/div>\n","protected":false},"excerpt":{"rendered":"<p>Appendino in legno 15x15cm Domande Frequenti Di che materiale \u00e8 il gioiello? \u00c8 in legno con plexiglass secondo la descrizione. Quali sono le sue dimensioni? Le sue dimensioni sono 15x15cm. \u00c8 adatto per l&#8217;albero di Natale? S\u00ec, \u00e8 ideale per la decorazione natalizia e progettato per essere appeso all&#8217;albero. \u00c8 pesante o facile da appendere? [&hellip;]<\/p>\n","protected":false},"featured_media":5185108,"comment_status":"closed","ping_status":"open","template":"","meta":[],"product_brand":[],"product_cat":[],"product_tag":[15],"class_list":{"0":"post-5317955","1":"product","2":"type-product","3":"status-publish","4":"has-post-thumbnail","6":"product_tag-uncategorized","8":"first","9":"onbackorder","10":"purchasable","11":"product-type-simple"},"jetpack_sharing_enabled":true,"_links":{"self":[{"href":"https:\/\/gadgettravellers.eu\/it\/wp-json\/wp\/v2\/product\/5317955","targetHints":{"allow":["GET"]}}],"collection":[{"href":"https:\/\/gadgettravellers.eu\/it\/wp-json\/wp\/v2\/product"}],"about":[{"href":"https:\/\/gadgettravellers.eu\/it\/wp-json\/wp\/v2\/types\/product"}],"replies":[{"embeddable":true,"href":"https:\/\/gadgettravellers.eu\/it\/wp-json\/wp\/v2\/comments?post=5317955"}],"wp:featuredmedia":[{"embeddable":true,"href":"https:\/\/gadgettravellers.eu\/it\/wp-json\/wp\/v2\/media\/5185108"}],"wp:attachment":[{"href":"https:\/\/gadgettravellers.eu\/it\/wp-json\/wp\/v2\/media?parent=5317955"}],"wp:term":[{"taxonomy":"product_brand","embeddable":true,"href":"https:\/\/gadgettravellers.eu\/it\/wp-json\/wp\/v2\/product_brand?post=5317955"},{"taxonomy":"product_cat","embeddable":true,"href":"https:\/\/gadgettravellers.eu\/it\/wp-json\/wp\/v2\/product_cat?post=5317955"},{"taxonomy":"product_tag","embeddable":true,"href":"https:\/\/gadgettravellers.eu\/it\/wp-json\/wp\/v2\/product_tag?post=5317955"}],"curies":[{"name":"wp","href":"https:\/\/api.w.org\/{rel}","templated":true}]}}