{"id":5317956,"date":"2026-01-19T14:58:00","date_gmt":"2026-01-19T12:58:00","guid":{"rendered":"https:\/\/gadgettravellers.eu\/shop\/renna-oro-decorazione-da-tavolo-19x12cm-xmasfest-1134019\/"},"modified":"2026-04-22T22:58:57","modified_gmt":"2026-04-22T20:58:57","slug":"renna-oro-decorazione-da-tavolo-19x12cm-xmasfest-1134019","status":"publish","type":"product","link":"https:\/\/gadgettravellers.eu\/it\/shop\/renna-oro-decorazione-da-tavolo-19x12cm-xmasfest-1134019\/","title":{"rendered":"Renna Oro Decorazione da Tavolo 19x12cm Xmasfest 1134019"},"content":{"rendered":"<p>Decorazione da tavolo 19x12cm<\/p>\n<div class='aiseo-faq-section' style='margin-top:30px; border-top:1px solid #eee; padding-top:20px;'>\n<h3>Domande Frequenti<\/h3>\n<details style='margin-bottom:10px; padding:10px; background:#f9f9f9; border-radius:5px;'>\n<summary style='font-weight:bold; cursor:pointer;'>Quali sono le dimensioni del prodotto?<\/summary>\n<div style='margin-top:10px; color:#555;'>Le dimensioni sono 19x12cm.<\/div>\n<\/details>\n<details style='margin-bottom:10px; padding:10px; background:#f9f9f9; border-radius:5px;'>\n<summary style='font-weight:bold; cursor:pointer;'>In quali ambienti si adatta questo oggetto decorativo?<\/summary>\n<div style='margin-top:10px; color:#555;'>Ideale per tavoli, scaffali e decorazioni generali per la casa.<\/div>\n<\/details>\n<details style='margin-bottom:10px; padding:10px; background:#f9f9f9; border-radius:5px;'>\n<summary style='font-weight:bold; cursor:pointer;'>Qual \u00e8 il colore della renna?<\/summary>\n<div style='margin-top:10px; color:#555;'>La renna ha una finitura dorata.<\/div>\n<\/details>\n<details style='margin-bottom:10px; padding:10px; background:#f9f9f9; border-radius:5px;'>\n<summary style='font-weight:bold; cursor:pointer;'>Pu\u00f2 essere regalato?<\/summary>\n<div style='margin-top:10px; color:#555;'>S\u00ec, \u00e8 adatto come regalo festivo\/natalizio.<\/div>\n<\/details>\n<\/div>\n","protected":false},"excerpt":{"rendered":"<p>Decorazione da tavolo 19x12cm Domande Frequenti Quali sono le dimensioni del prodotto? Le dimensioni sono 19x12cm. In quali ambienti si adatta questo oggetto decorativo? Ideale per tavoli, scaffali e decorazioni generali per la casa. Qual \u00e8 il colore della renna? La renna ha una finitura dorata. Pu\u00f2 essere regalato? S\u00ec, \u00e8 adatto come regalo festivo\/natalizio.<\/p>\n","protected":false},"featured_media":5185112,"comment_status":"closed","ping_status":"open","template":"","meta":[],"product_brand":[],"product_cat":[],"product_tag":[15],"class_list":{"0":"post-5317956","1":"product","2":"type-product","3":"status-publish","4":"has-post-thumbnail","6":"product_tag-uncategorized","8":"first","9":"onbackorder","10":"purchasable","11":"product-type-simple"},"jetpack_sharing_enabled":true,"_links":{"self":[{"href":"https:\/\/gadgettravellers.eu\/it\/wp-json\/wp\/v2\/product\/5317956","targetHints":{"allow":["GET"]}}],"collection":[{"href":"https:\/\/gadgettravellers.eu\/it\/wp-json\/wp\/v2\/product"}],"about":[{"href":"https:\/\/gadgettravellers.eu\/it\/wp-json\/wp\/v2\/types\/product"}],"replies":[{"embeddable":true,"href":"https:\/\/gadgettravellers.eu\/it\/wp-json\/wp\/v2\/comments?post=5317956"}],"wp:featuredmedia":[{"embeddable":true,"href":"https:\/\/gadgettravellers.eu\/it\/wp-json\/wp\/v2\/media\/5185112"}],"wp:attachment":[{"href":"https:\/\/gadgettravellers.eu\/it\/wp-json\/wp\/v2\/media?parent=5317956"}],"wp:term":[{"taxonomy":"product_brand","embeddable":true,"href":"https:\/\/gadgettravellers.eu\/it\/wp-json\/wp\/v2\/product_brand?post=5317956"},{"taxonomy":"product_cat","embeddable":true,"href":"https:\/\/gadgettravellers.eu\/it\/wp-json\/wp\/v2\/product_cat?post=5317956"},{"taxonomy":"product_tag","embeddable":true,"href":"https:\/\/gadgettravellers.eu\/it\/wp-json\/wp\/v2\/product_tag?post=5317956"}],"curies":[{"name":"wp","href":"https:\/\/api.w.org\/{rel}","templated":true}]}}