{"id":5317958,"date":"2026-01-19T14:58:02","date_gmt":"2026-01-19T12:58:02","guid":{"rendered":"https:\/\/gadgettravellers.eu\/shop\/babbo-natale-gonfiabile-100cm-xmasfest-11360\/"},"modified":"2026-04-22T22:58:58","modified_gmt":"2026-04-22T20:58:58","slug":"babbo-natale-gonfiabile-100cm-xmasfest-11360","status":"publish","type":"product","link":"https:\/\/gadgettravellers.eu\/it\/shop\/babbo-natale-gonfiabile-100cm-xmasfest-11360\/","title":{"rendered":"Babbo Natale Gonfiabile 100cm Xmasfest 11360"},"content":{"rendered":"<p>Gonfiabile. Attenzione ai gonfiabili, non sono accettate modifiche 100cm<\/p>\n<div class='aiseo-faq-section' style='margin-top:30px; border-top:1px solid #eee; padding-top:20px;'>\n<h3>Domande Frequenti<\/h3>\n<details style='margin-bottom:10px; padding:10px; background:#f9f9f9; border-radius:5px;'>\n<summary style='font-weight:bold; cursor:pointer;'>Qual \u00e8 l&#8217;altezza del prodotto?<\/summary>\n<div style='margin-top:10px; color:#555;'>Il Babbo Natale Gonfiabile \u00e8 alto 100 cm.<\/div>\n<\/details>\n<details style='margin-bottom:10px; padding:10px; background:#f9f9f9; border-radius:5px;'>\n<summary style='font-weight:bold; cursor:pointer;'>Pu\u00f2 essere utilizzato sia in ambienti interni che esterni?<\/summary>\n<div style='margin-top:10px; color:#555;'>S\u00ec, \u00e8 adatto per la decorazione natalizia interna ed esterna.<\/div>\n<\/details>\n<details style='margin-bottom:10px; padding:10px; background:#f9f9f9; border-radius:5px;'>\n<summary style='font-weight:bold; cursor:pointer;'>Sono accettate modifiche o resi per i gonfiabili?<\/summary>\n<div style='margin-top:10px; color:#555;'>No, per la descrizione non sono accettati cambi o resi per i gonfiabili.<\/div>\n<\/details>\n<\/div>\n","protected":false},"excerpt":{"rendered":"<p>Gonfiabile. Attenzione ai gonfiabili, non sono accettate modifiche 100cm Domande Frequenti Qual \u00e8 l&#8217;altezza del prodotto? Il Babbo Natale Gonfiabile \u00e8 alto 100 cm. Pu\u00f2 essere utilizzato sia in ambienti interni che esterni? S\u00ec, \u00e8 adatto per la decorazione natalizia interna ed esterna. Sono accettate modifiche o resi per i gonfiabili? No, per la descrizione [&hellip;]<\/p>\n","protected":false},"featured_media":5185116,"comment_status":"closed","ping_status":"open","template":"","meta":[],"product_brand":[],"product_cat":[],"product_tag":[15],"class_list":{"0":"post-5317958","1":"product","2":"type-product","3":"status-publish","4":"has-post-thumbnail","6":"product_tag-uncategorized","8":"first","9":"onbackorder","10":"purchasable","11":"product-type-simple"},"jetpack_sharing_enabled":true,"_links":{"self":[{"href":"https:\/\/gadgettravellers.eu\/it\/wp-json\/wp\/v2\/product\/5317958","targetHints":{"allow":["GET"]}}],"collection":[{"href":"https:\/\/gadgettravellers.eu\/it\/wp-json\/wp\/v2\/product"}],"about":[{"href":"https:\/\/gadgettravellers.eu\/it\/wp-json\/wp\/v2\/types\/product"}],"replies":[{"embeddable":true,"href":"https:\/\/gadgettravellers.eu\/it\/wp-json\/wp\/v2\/comments?post=5317958"}],"wp:featuredmedia":[{"embeddable":true,"href":"https:\/\/gadgettravellers.eu\/it\/wp-json\/wp\/v2\/media\/5185116"}],"wp:attachment":[{"href":"https:\/\/gadgettravellers.eu\/it\/wp-json\/wp\/v2\/media?parent=5317958"}],"wp:term":[{"taxonomy":"product_brand","embeddable":true,"href":"https:\/\/gadgettravellers.eu\/it\/wp-json\/wp\/v2\/product_brand?post=5317958"},{"taxonomy":"product_cat","embeddable":true,"href":"https:\/\/gadgettravellers.eu\/it\/wp-json\/wp\/v2\/product_cat?post=5317958"},{"taxonomy":"product_tag","embeddable":true,"href":"https:\/\/gadgettravellers.eu\/it\/wp-json\/wp\/v2\/product_tag?post=5317958"}],"curies":[{"name":"wp","href":"https:\/\/api.w.org\/{rel}","templated":true}]}}