{"id":5317959,"date":"2026-01-19T14:58:02","date_gmt":"2026-01-19T12:58:02","guid":{"rendered":"https:\/\/gadgettravellers.eu\/shop\/borsa-regalo-di-carta-per-bevande-xmas-figura-37x13x13cm-xmasfest-1134022\/"},"modified":"2026-04-22T22:58:58","modified_gmt":"2026-04-22T20:58:58","slug":"borsa-regalo-di-carta-per-bevande-xmas-figura-37x13x13cm-xmasfest-1134022","status":"publish","type":"product","link":"https:\/\/gadgettravellers.eu\/it\/shop\/borsa-regalo-di-carta-per-bevande-xmas-figura-37x13x13cm-xmasfest-1134022\/","title":{"rendered":"Borsa Regalo di Carta per Bevande Xmas Figura 37x13x13cm Xmasfest 1134022"},"content":{"rendered":"<p>(abbinate) 37x13x13cm<\/p>\n<div class='aiseo-faq-section' style='margin-top:30px; border-top:1px solid #eee; padding-top:20px;'>\n<h3>Domande Frequenti<\/h3>\n<details style='margin-bottom:10px; padding:10px; background:#f9f9f9; border-radius:5px;'>\n<summary style='font-weight:bold; cursor:pointer;'>Per quali dimensioni di bottiglie \u00e8 adatta questa borsa?<\/summary>\n<div style='margin-top:10px; color:#555;'>\u00c8 progettata per bottiglie che si adattano a dimensioni 37x13x13 cm.<\/div>\n<\/details>\n<details style='margin-bottom:10px; padding:10px; background:#f9f9f9; border-radius:5px;'>\n<summary style='font-weight:bold; cursor:pointer;'>Di che materiale \u00e8 fatta?<\/summary>\n<div style='margin-top:10px; color:#555;'>\u00c8 una borsa regalo di carta, come indicato nella descrizione.<\/div>\n<\/details>\n<details style='margin-bottom:10px; padding:10px; background:#f9f9f9; border-radius:5px;'>\n<summary style='font-weight:bold; cursor:pointer;'>Ha un motivo natalizio?<\/summary>\n<div style='margin-top:10px; color:#555;'>S\u00ec, ha un design natalizio (coordinato).<\/div>\n<\/details>\n<details style='margin-bottom:10px; padding:10px; background:#f9f9f9; border-radius:5px;'>\n<summary style='font-weight:bold; cursor:pointer;'>\u00c8 pratica da usare per l&#8217;imballaggio dei regali?<\/summary>\n<div style='margin-top:10px; color:#555;'>S\u00ec, \u00e8 ideale per l&#8217;imballaggio dei regali, pratica e facile da usare.<\/div>\n<\/details>\n<\/div>\n","protected":false},"excerpt":{"rendered":"<p>(abbinate) 37x13x13cm Domande Frequenti Per quali dimensioni di bottiglie \u00e8 adatta questa borsa? \u00c8 progettata per bottiglie che si adattano a dimensioni 37x13x13 cm. Di che materiale \u00e8 fatta? \u00c8 una borsa regalo di carta, come indicato nella descrizione. Ha un motivo natalizio? S\u00ec, ha un design natalizio (coordinato). \u00c8 pratica da usare per l&#8217;imballaggio [&hellip;]<\/p>\n","protected":false},"featured_media":5185128,"comment_status":"closed","ping_status":"open","template":"","meta":[],"product_brand":[],"product_cat":[],"product_tag":[15],"class_list":{"0":"post-5317959","1":"product","2":"type-product","3":"status-publish","4":"has-post-thumbnail","6":"product_tag-uncategorized","8":"first","9":"onbackorder","10":"purchasable","11":"product-type-simple"},"jetpack_sharing_enabled":true,"_links":{"self":[{"href":"https:\/\/gadgettravellers.eu\/it\/wp-json\/wp\/v2\/product\/5317959","targetHints":{"allow":["GET"]}}],"collection":[{"href":"https:\/\/gadgettravellers.eu\/it\/wp-json\/wp\/v2\/product"}],"about":[{"href":"https:\/\/gadgettravellers.eu\/it\/wp-json\/wp\/v2\/types\/product"}],"replies":[{"embeddable":true,"href":"https:\/\/gadgettravellers.eu\/it\/wp-json\/wp\/v2\/comments?post=5317959"}],"wp:featuredmedia":[{"embeddable":true,"href":"https:\/\/gadgettravellers.eu\/it\/wp-json\/wp\/v2\/media\/5185128"}],"wp:attachment":[{"href":"https:\/\/gadgettravellers.eu\/it\/wp-json\/wp\/v2\/media?parent=5317959"}],"wp:term":[{"taxonomy":"product_brand","embeddable":true,"href":"https:\/\/gadgettravellers.eu\/it\/wp-json\/wp\/v2\/product_brand?post=5317959"},{"taxonomy":"product_cat","embeddable":true,"href":"https:\/\/gadgettravellers.eu\/it\/wp-json\/wp\/v2\/product_cat?post=5317959"},{"taxonomy":"product_tag","embeddable":true,"href":"https:\/\/gadgettravellers.eu\/it\/wp-json\/wp\/v2\/product_tag?post=5317959"}],"curies":[{"name":"wp","href":"https:\/\/api.w.org\/{rel}","templated":true}]}}