{"id":5317960,"date":"2026-01-19T14:58:02","date_gmt":"2026-01-19T12:58:02","guid":{"rendered":"https:\/\/gadgettravellers.eu\/shop\/lanterna-bianca-con-candela-a-batteria-31x14x14cm-xmasfest-1134024\/"},"modified":"2026-04-22T22:58:59","modified_gmt":"2026-04-22T20:58:59","slug":"lanterna-bianca-con-candela-a-batteria-31x14x14cm-xmasfest-1134024","status":"publish","type":"product","link":"https:\/\/gadgettravellers.eu\/it\/shop\/lanterna-bianca-con-candela-a-batteria-31x14x14cm-xmasfest-1134024\/","title":{"rendered":"Lanterna Bianca con Candela a Batteria 31x14x14cm Xmasfest 1134024"},"content":{"rendered":"<p>Batteria 31x14x14cm<\/p>\n<div class='aiseo-faq-section' style='margin-top:30px; border-top:1px solid #eee; padding-top:20px;'>\n<h3>Domande Frequenti<\/h3>\n<details style='margin-bottom:10px; padding:10px; background:#f9f9f9; border-radius:5px;'>\n<summary style='font-weight:bold; cursor:pointer;'>Che tipo di illuminazione ha il faro?<\/summary>\n<div style='margin-top:10px; color:#555;'>Dispone di una candela LED morbida alimentata a batteria.<\/div>\n<\/details>\n<details style='margin-bottom:10px; padding:10px; background:#f9f9f9; border-radius:5px;'>\n<summary style='font-weight:bold; cursor:pointer;'>Quali sono le sue dimensioni?<\/summary>\n<div style='margin-top:10px; color:#555;'>31x14x14 cm.<\/div>\n<\/details>\n<details style='margin-bottom:10px; padding:10px; background:#f9f9f9; border-radius:5px;'>\n<summary style='font-weight:bold; cursor:pointer;'>Pu\u00f2 essere utilizzato all&#8217;aperto?<\/summary>\n<div style='margin-top:10px; color:#555;'>\u00c8 ideale per uso interno secondo la descrizione, quindi evitare l&#8217;esposizione diretta all&#8217;umidit\u00e0.<\/div>\n<\/details>\n<details style='margin-bottom:10px; padding:10px; background:#f9f9f9; border-radius:5px;'>\n<summary style='font-weight:bold; cursor:pointer;'>\u00c8 sicuro e facile da usare?<\/summary>\n<div style='margin-top:10px; color:#555;'>S\u00ec \u2014 \u00e8 portatile, sicuro e facile da usare grazie al funzionamento a batteria.<\/div>\n<\/details>\n<\/div>\n","protected":false},"excerpt":{"rendered":"<p>Batteria 31x14x14cm Domande Frequenti Che tipo di illuminazione ha il faro? Dispone di una candela LED morbida alimentata a batteria. Quali sono le sue dimensioni? 31x14x14 cm. Pu\u00f2 essere utilizzato all&#8217;aperto? \u00c8 ideale per uso interno secondo la descrizione, quindi evitare l&#8217;esposizione diretta all&#8217;umidit\u00e0. \u00c8 sicuro e facile da usare? S\u00ec \u2014 \u00e8 portatile, sicuro [&hellip;]<\/p>\n","protected":false},"featured_media":5185139,"comment_status":"closed","ping_status":"open","template":"","meta":[],"product_brand":[],"product_cat":[],"product_tag":[15],"class_list":{"0":"post-5317960","1":"product","2":"type-product","3":"status-publish","4":"has-post-thumbnail","6":"product_tag-uncategorized","8":"first","9":"onbackorder","10":"purchasable","11":"product-type-simple"},"jetpack_sharing_enabled":true,"_links":{"self":[{"href":"https:\/\/gadgettravellers.eu\/it\/wp-json\/wp\/v2\/product\/5317960","targetHints":{"allow":["GET"]}}],"collection":[{"href":"https:\/\/gadgettravellers.eu\/it\/wp-json\/wp\/v2\/product"}],"about":[{"href":"https:\/\/gadgettravellers.eu\/it\/wp-json\/wp\/v2\/types\/product"}],"replies":[{"embeddable":true,"href":"https:\/\/gadgettravellers.eu\/it\/wp-json\/wp\/v2\/comments?post=5317960"}],"wp:featuredmedia":[{"embeddable":true,"href":"https:\/\/gadgettravellers.eu\/it\/wp-json\/wp\/v2\/media\/5185139"}],"wp:attachment":[{"href":"https:\/\/gadgettravellers.eu\/it\/wp-json\/wp\/v2\/media?parent=5317960"}],"wp:term":[{"taxonomy":"product_brand","embeddable":true,"href":"https:\/\/gadgettravellers.eu\/it\/wp-json\/wp\/v2\/product_brand?post=5317960"},{"taxonomy":"product_cat","embeddable":true,"href":"https:\/\/gadgettravellers.eu\/it\/wp-json\/wp\/v2\/product_cat?post=5317960"},{"taxonomy":"product_tag","embeddable":true,"href":"https:\/\/gadgettravellers.eu\/it\/wp-json\/wp\/v2\/product_tag?post=5317960"}],"curies":[{"name":"wp","href":"https:\/\/api.w.org\/{rel}","templated":true}]}}