{"id":5317964,"date":"2026-01-19T14:58:04","date_gmt":"2026-01-19T12:58:04","guid":{"rendered":"https:\/\/gadgettravellers.eu\/shop\/babbo-natale-gonfiabile-60cm-xmasfest-1134028\/"},"modified":"2026-04-22T22:59:01","modified_gmt":"2026-04-22T20:59:01","slug":"babbo-natale-gonfiabile-60cm-xmasfest-1134028","status":"publish","type":"product","link":"https:\/\/gadgettravellers.eu\/it\/shop\/babbo-natale-gonfiabile-60cm-xmasfest-1134028\/","title":{"rendered":"Babbo Natale Gonfiabile 60cm Xmasfest 1134028"},"content":{"rendered":"<p>Gonfiabile. Attenzione ai gonfiabili, non sono accettate modifiche di 60cm<\/p>\n<div class='aiseo-faq-section' style='margin-top:30px; border-top:1px solid #eee; padding-top:20px;'>\n<h3>Domande Frequenti<\/h3>\n<details style='margin-bottom:10px; padding:10px; background:#f9f9f9; border-radius:5px;'>\n<summary style='font-weight:bold; cursor:pointer;'>Sono accettate modifiche per questo prodotto gonfiabile?<\/summary>\n<div style='margin-top:10px; color:#555;'>No, secondo la descrizione non sono accettati cambi per i prodotti gonfiabili.<\/div>\n<\/details>\n<details style='margin-bottom:10px; padding:10px; background:#f9f9f9; border-radius:5px;'>\n<summary style='font-weight:bold; cursor:pointer;'>Qual \u00e8 la dimensione del gonfiabile?<\/summary>\n<div style='margin-top:10px; color:#555;'>Il gonfiabile ha un&#8217;altezza di 60 cm.<\/div>\n<\/details>\n<details style='margin-bottom:10px; padding:10px; background:#f9f9f9; border-radius:5px;'>\n<summary style='font-weight:bold; cursor:pointer;'>Pu\u00f2 essere utilizzato all&#8217;aperto?<\/summary>\n<div style='margin-top:10px; color:#555;'>S\u00ec, \u00e8 adatto per interni ed esterni, ideale per giardino o ingresso.<\/div>\n<\/details>\n<details style='margin-bottom:10px; padding:10px; background:#f9f9f9; border-radius:5px;'>\n<summary style='font-weight:bold; cursor:pointer;'>\u00c8 difficile l&#8217;installazione?<\/summary>\n<div style='margin-top:10px; color:#555;'>No, nella descrizione si dice che \u00e8 facile da montare.<\/div>\n<\/details>\n<\/div>\n","protected":false},"excerpt":{"rendered":"<p>Gonfiabile. Attenzione ai gonfiabili, non sono accettate modifiche di 60cm Domande Frequenti Sono accettate modifiche per questo prodotto gonfiabile? No, secondo la descrizione non sono accettati cambi per i prodotti gonfiabili. Qual \u00e8 la dimensione del gonfiabile? Il gonfiabile ha un&#8217;altezza di 60 cm. Pu\u00f2 essere utilizzato all&#8217;aperto? S\u00ec, \u00e8 adatto per interni ed esterni, [&hellip;]<\/p>\n","protected":false},"featured_media":5185151,"comment_status":"closed","ping_status":"open","template":"","meta":[],"product_brand":[],"product_cat":[],"product_tag":[15],"class_list":{"0":"post-5317964","1":"product","2":"type-product","3":"status-publish","4":"has-post-thumbnail","6":"product_tag-uncategorized","8":"first","9":"onbackorder","10":"purchasable","11":"product-type-simple"},"jetpack_sharing_enabled":true,"_links":{"self":[{"href":"https:\/\/gadgettravellers.eu\/it\/wp-json\/wp\/v2\/product\/5317964","targetHints":{"allow":["GET"]}}],"collection":[{"href":"https:\/\/gadgettravellers.eu\/it\/wp-json\/wp\/v2\/product"}],"about":[{"href":"https:\/\/gadgettravellers.eu\/it\/wp-json\/wp\/v2\/types\/product"}],"replies":[{"embeddable":true,"href":"https:\/\/gadgettravellers.eu\/it\/wp-json\/wp\/v2\/comments?post=5317964"}],"wp:featuredmedia":[{"embeddable":true,"href":"https:\/\/gadgettravellers.eu\/it\/wp-json\/wp\/v2\/media\/5185151"}],"wp:attachment":[{"href":"https:\/\/gadgettravellers.eu\/it\/wp-json\/wp\/v2\/media?parent=5317964"}],"wp:term":[{"taxonomy":"product_brand","embeddable":true,"href":"https:\/\/gadgettravellers.eu\/it\/wp-json\/wp\/v2\/product_brand?post=5317964"},{"taxonomy":"product_cat","embeddable":true,"href":"https:\/\/gadgettravellers.eu\/it\/wp-json\/wp\/v2\/product_cat?post=5317964"},{"taxonomy":"product_tag","embeddable":true,"href":"https:\/\/gadgettravellers.eu\/it\/wp-json\/wp\/v2\/product_tag?post=5317964"}],"curies":[{"name":"wp","href":"https:\/\/api.w.org\/{rel}","templated":true}]}}