{"id":5317965,"date":"2026-01-19T14:58:05","date_gmt":"2026-01-19T12:58:05","guid":{"rendered":"https:\/\/gadgettravellers.eu\/shop\/stella-metallica-con-led-20x19x7cm-xmasfest-1134021\/"},"modified":"2026-04-22T22:59:02","modified_gmt":"2026-04-22T20:59:02","slug":"stella-metallica-con-led-20x19x7cm-xmasfest-1134021","status":"publish","type":"product","link":"https:\/\/gadgettravellers.eu\/it\/shop\/stella-metallica-con-led-20x19x7cm-xmasfest-1134021\/","title":{"rendered":"Stella Metallica con LED 20x19x7cm Xmasfest 1134021"},"content":{"rendered":"<p>Stella metallica con LED a batteria 20x19x7cm<\/p>\n<div class='aiseo-faq-section' style='margin-top:30px; border-top:1px solid #eee; padding-top:20px;'>\n<h3>Domande Frequenti<\/h3>\n<details style='margin-bottom:10px; padding:10px; background:#f9f9f9; border-radius:5px;'>\n<summary style='font-weight:bold; cursor:pointer;'>Qual \u00e8 l&#8217;alimentazione del prodotto?<\/summary>\n<div style='margin-top:10px; color:#555;'>Alimentato a batterie.<\/div>\n<\/details>\n<details style='margin-bottom:10px; padding:10px; background:#f9f9f9; border-radius:5px;'>\n<summary style='font-weight:bold; cursor:pointer;'>Quali sono le dimensioni della stella?<\/summary>\n<div style='margin-top:10px; color:#555;'>Le dimensioni sono 20x19x7 cm.<\/div>\n<\/details>\n<details style='margin-bottom:10px; padding:10px; background:#f9f9f9; border-radius:5px;'>\n<summary style='font-weight:bold; cursor:pointer;'>Per quale ambiente \u00e8 adatto il prodotto?<\/summary>\n<div style='margin-top:10px; color:#555;'>\u00c8 ideale per la decorazione natalizia interna.<\/div>\n<\/details>\n<details style='margin-bottom:10px; padding:10px; background:#f9f9f9; border-radius:5px;'>\n<summary style='font-weight:bold; cursor:pointer;'>\u00c8 facile da installare?<\/summary>\n<div style='margin-top:10px; color:#555;'>S\u00ec, \u00e8 facile da installare ed \u00e8 destinato a una semplice decorazione.<\/div>\n<\/details>\n<\/div>\n","protected":false},"excerpt":{"rendered":"<p>Stella metallica con LED a batteria 20x19x7cm Domande Frequenti Qual \u00e8 l&#8217;alimentazione del prodotto? Alimentato a batterie. Quali sono le dimensioni della stella? Le dimensioni sono 20x19x7 cm. Per quale ambiente \u00e8 adatto il prodotto? \u00c8 ideale per la decorazione natalizia interna. \u00c8 facile da installare? S\u00ec, \u00e8 facile da installare ed \u00e8 destinato a [&hellip;]<\/p>\n","protected":false},"featured_media":5185124,"comment_status":"closed","ping_status":"open","template":"","meta":[],"product_brand":[],"product_cat":[],"product_tag":[15],"class_list":{"0":"post-5317965","1":"product","2":"type-product","3":"status-publish","4":"has-post-thumbnail","6":"product_tag-uncategorized","8":"first","9":"onbackorder","10":"purchasable","11":"product-type-simple"},"jetpack_sharing_enabled":true,"_links":{"self":[{"href":"https:\/\/gadgettravellers.eu\/it\/wp-json\/wp\/v2\/product\/5317965","targetHints":{"allow":["GET"]}}],"collection":[{"href":"https:\/\/gadgettravellers.eu\/it\/wp-json\/wp\/v2\/product"}],"about":[{"href":"https:\/\/gadgettravellers.eu\/it\/wp-json\/wp\/v2\/types\/product"}],"replies":[{"embeddable":true,"href":"https:\/\/gadgettravellers.eu\/it\/wp-json\/wp\/v2\/comments?post=5317965"}],"wp:featuredmedia":[{"embeddable":true,"href":"https:\/\/gadgettravellers.eu\/it\/wp-json\/wp\/v2\/media\/5185124"}],"wp:attachment":[{"href":"https:\/\/gadgettravellers.eu\/it\/wp-json\/wp\/v2\/media?parent=5317965"}],"wp:term":[{"taxonomy":"product_brand","embeddable":true,"href":"https:\/\/gadgettravellers.eu\/it\/wp-json\/wp\/v2\/product_brand?post=5317965"},{"taxonomy":"product_cat","embeddable":true,"href":"https:\/\/gadgettravellers.eu\/it\/wp-json\/wp\/v2\/product_cat?post=5317965"},{"taxonomy":"product_tag","embeddable":true,"href":"https:\/\/gadgettravellers.eu\/it\/wp-json\/wp\/v2\/product_tag?post=5317965"}],"curies":[{"name":"wp","href":"https:\/\/api.w.org\/{rel}","templated":true}]}}