{"id":5317968,"date":"2026-01-19T14:58:06","date_gmt":"2026-01-19T12:58:06","guid":{"rendered":"https:\/\/gadgettravellers.eu\/shop\/addobbo-in-legno-angelo-con-palla-soffice-20x9cm-xmasfest-1134031\/"},"modified":"2026-04-22T22:59:03","modified_gmt":"2026-04-22T20:59:03","slug":"addobbo-in-legno-angelo-con-palla-soffice-20x9cm-xmasfest-1134031","status":"publish","type":"product","link":"https:\/\/gadgettravellers.eu\/it\/shop\/addobbo-in-legno-angelo-con-palla-soffice-20x9cm-xmasfest-1134031\/","title":{"rendered":"Addobbo in Legno Angelo con Palla Soffice 20x9cm Xmasfest 1134031"},"content":{"rendered":"<p>Legno 20x9cm<\/p>\n<div class='aiseo-faq-section' style='margin-top:30px; border-top:1px solid #eee; padding-top:20px;'>\n<h3>Domande Frequenti<\/h3>\n<details style='margin-bottom:10px; padding:10px; background:#f9f9f9; border-radius:5px;'>\n<summary style='font-weight:bold; cursor:pointer;'>Di quali materiali \u00e8 fatto l&#8217;ornamento?<\/summary>\n<div style='margin-top:10px; color:#555;'>Realizzato in legno naturale con palla decorativa soffice (pom\u2011pom).<\/div>\n<\/details>\n<details style='margin-bottom:10px; padding:10px; background:#f9f9f9; border-radius:5px;'>\n<summary style='font-weight:bold; cursor:pointer;'>Quali sono le dimensioni?<\/summary>\n<div style='margin-top:10px; color:#555;'>Ha dimensioni 20&#215;9 cm.<\/div>\n<\/details>\n<details style='margin-bottom:10px; padding:10px; background:#f9f9f9; border-radius:5px;'>\n<summary style='font-weight:bold; cursor:pointer;'>Dove pu\u00f2 essere utilizzato?<\/summary>\n<div style='margin-top:10px; color:#555;'>Ideale per alberelli, ghirlande, decorazioni natalizie per la casa e come piccolo regalo.<\/div>\n<\/details>\n<details style='margin-bottom:10px; padding:10px; background:#f9f9f9; border-radius:5px;'>\n<summary style='font-weight:bold; cursor:pointer;'>\u00c8 facile appendere?<\/summary>\n<div style='margin-top:10px; color:#555;'>S\u00ec, \u00e8 leggero e facile da appendere.<\/div>\n<\/details>\n<\/div>\n","protected":false},"excerpt":{"rendered":"<p>Legno 20x9cm Domande Frequenti Di quali materiali \u00e8 fatto l&#8217;ornamento? Realizzato in legno naturale con palla decorativa soffice (pom\u2011pom). Quali sono le dimensioni? Ha dimensioni 20&#215;9 cm. Dove pu\u00f2 essere utilizzato? Ideale per alberelli, ghirlande, decorazioni natalizie per la casa e come piccolo regalo. \u00c8 facile appendere? S\u00ec, \u00e8 leggero e facile da appendere.<\/p>\n","protected":false},"featured_media":5185166,"comment_status":"closed","ping_status":"open","template":"","meta":[],"product_brand":[],"product_cat":[],"product_tag":[15],"class_list":{"0":"post-5317968","1":"product","2":"type-product","3":"status-publish","4":"has-post-thumbnail","6":"product_tag-uncategorized","8":"first","9":"onbackorder","10":"purchasable","11":"product-type-simple"},"jetpack_sharing_enabled":true,"_links":{"self":[{"href":"https:\/\/gadgettravellers.eu\/it\/wp-json\/wp\/v2\/product\/5317968","targetHints":{"allow":["GET"]}}],"collection":[{"href":"https:\/\/gadgettravellers.eu\/it\/wp-json\/wp\/v2\/product"}],"about":[{"href":"https:\/\/gadgettravellers.eu\/it\/wp-json\/wp\/v2\/types\/product"}],"replies":[{"embeddable":true,"href":"https:\/\/gadgettravellers.eu\/it\/wp-json\/wp\/v2\/comments?post=5317968"}],"wp:featuredmedia":[{"embeddable":true,"href":"https:\/\/gadgettravellers.eu\/it\/wp-json\/wp\/v2\/media\/5185166"}],"wp:attachment":[{"href":"https:\/\/gadgettravellers.eu\/it\/wp-json\/wp\/v2\/media?parent=5317968"}],"wp:term":[{"taxonomy":"product_brand","embeddable":true,"href":"https:\/\/gadgettravellers.eu\/it\/wp-json\/wp\/v2\/product_brand?post=5317968"},{"taxonomy":"product_cat","embeddable":true,"href":"https:\/\/gadgettravellers.eu\/it\/wp-json\/wp\/v2\/product_cat?post=5317968"},{"taxonomy":"product_tag","embeddable":true,"href":"https:\/\/gadgettravellers.eu\/it\/wp-json\/wp\/v2\/product_tag?post=5317968"}],"curies":[{"name":"wp","href":"https:\/\/api.w.org\/{rel}","templated":true}]}}