{"id":5317975,"date":"2026-01-19T14:58:11","date_gmt":"2026-01-19T12:58:11","guid":{"rendered":"https:\/\/gadgettravellers.eu\/shop\/albero-di-carta-3d-pieghevole-appendibile-15x10cm-xmasfest-1134039\/"},"modified":"2026-04-22T22:59:06","modified_gmt":"2026-04-22T20:59:06","slug":"albero-di-carta-3d-pieghevole-appendibile-15x10cm-xmasfest-1134039","status":"publish","type":"product","link":"https:\/\/gadgettravellers.eu\/it\/shop\/albero-di-carta-3d-pieghevole-appendibile-15x10cm-xmasfest-1134039\/","title":{"rendered":"Albero di Carta 3D Pieghevole Appendibile 15x10cm Xmasfest 1134039"},"content":{"rendered":"<p>(abbina) cartone 3D pieghevole 15x10cm<\/p>\n<div class='aiseo-faq-section' style='margin-top:30px; border-top:1px solid #eee; padding-top:20px;'>\n<h3>Domande Frequenti<\/h3>\n<details style='margin-bottom:10px; padding:10px; background:#f9f9f9; border-radius:5px;'>\n<summary style='font-weight:bold; cursor:pointer;'>Di che materiale \u00e8 il prodotto?<\/summary>\n<div style='margin-top:10px; color:#555;'>\u00c8 di carta 3D pieghevole.<\/div>\n<\/details>\n<details style='margin-bottom:10px; padding:10px; background:#f9f9f9; border-radius:5px;'>\n<summary style='font-weight:bold; cursor:pointer;'>\u00c8 pronto per la pubblicazione?<\/summary>\n<div style='margin-top:10px; color:#555;'>S\u00ec, \u00e8 appeso ed \u00e8 pronto per essere affisso immediatamente.<\/div>\n<\/details>\n<details style='margin-bottom:10px; padding:10px; background:#f9f9f9; border-radius:5px;'>\n<summary style='font-weight:bold; cursor:pointer;'>Quali sono le sue dimensioni?<\/summary>\n<div style='margin-top:10px; color:#555;'>15&#215;10 cm.<\/div>\n<\/details>\n<\/div>\n","protected":false},"excerpt":{"rendered":"<p>(abbina) cartone 3D pieghevole 15x10cm Domande Frequenti Di che materiale \u00e8 il prodotto? \u00c8 di carta 3D pieghevole. \u00c8 pronto per la pubblicazione? S\u00ec, \u00e8 appeso ed \u00e8 pronto per essere affisso immediatamente. Quali sono le sue dimensioni? 15&#215;10 cm.<\/p>\n","protected":false},"featured_media":5185222,"comment_status":"closed","ping_status":"open","template":"","meta":[],"product_brand":[],"product_cat":[],"product_tag":[15],"class_list":{"0":"post-5317975","1":"product","2":"type-product","3":"status-publish","4":"has-post-thumbnail","6":"product_tag-uncategorized","8":"first","9":"onbackorder","10":"purchasable","11":"product-type-simple"},"jetpack_sharing_enabled":true,"_links":{"self":[{"href":"https:\/\/gadgettravellers.eu\/it\/wp-json\/wp\/v2\/product\/5317975","targetHints":{"allow":["GET"]}}],"collection":[{"href":"https:\/\/gadgettravellers.eu\/it\/wp-json\/wp\/v2\/product"}],"about":[{"href":"https:\/\/gadgettravellers.eu\/it\/wp-json\/wp\/v2\/types\/product"}],"replies":[{"embeddable":true,"href":"https:\/\/gadgettravellers.eu\/it\/wp-json\/wp\/v2\/comments?post=5317975"}],"wp:featuredmedia":[{"embeddable":true,"href":"https:\/\/gadgettravellers.eu\/it\/wp-json\/wp\/v2\/media\/5185222"}],"wp:attachment":[{"href":"https:\/\/gadgettravellers.eu\/it\/wp-json\/wp\/v2\/media?parent=5317975"}],"wp:term":[{"taxonomy":"product_brand","embeddable":true,"href":"https:\/\/gadgettravellers.eu\/it\/wp-json\/wp\/v2\/product_brand?post=5317975"},{"taxonomy":"product_cat","embeddable":true,"href":"https:\/\/gadgettravellers.eu\/it\/wp-json\/wp\/v2\/product_cat?post=5317975"},{"taxonomy":"product_tag","embeddable":true,"href":"https:\/\/gadgettravellers.eu\/it\/wp-json\/wp\/v2\/product_tag?post=5317975"}],"curies":[{"name":"wp","href":"https:\/\/api.w.org\/{rel}","templated":true}]}}