{"id":5317977,"date":"2026-01-19T14:58:11","date_gmt":"2026-01-19T12:58:11","guid":{"rendered":"https:\/\/gadgettravellers.eu\/shop\/corona-di-rami-con-figura-natalizia-16x16cm-xmasfest-1134042\/"},"modified":"2026-04-22T22:59:07","modified_gmt":"2026-04-22T20:59:07","slug":"corona-di-rami-con-figura-natalizia-16x16cm-xmasfest-1134042","status":"publish","type":"product","link":"https:\/\/gadgettravellers.eu\/it\/shop\/corona-di-rami-con-figura-natalizia-16x16cm-xmasfest-1134042\/","title":{"rendered":"Corona di Rami con Figura Natalizia 16x16cm Xmasfest 1134042"},"content":{"rendered":"<p>16x16cm<\/p>\n<div class='aiseo-faq-section' style='margin-top:30px; border-top:1px solid #eee; padding-top:20px;'>\n<h3>Domande Frequenti<\/h3>\n<details style='margin-bottom:10px; padding:10px; background:#f9f9f9; border-radius:5px;'>\n<summary style='font-weight:bold; cursor:pointer;'>Per quali ambienti \u00e8 destinata questa corona?<\/summary>\n<div style='margin-top:10px; color:#555;'>\u00c8 destinato all&#8217;uso interno ed \u00e8 ideale per tavolo, porta o mensola.<\/div>\n<\/details>\n<details style='margin-bottom:10px; padding:10px; background:#f9f9f9; border-radius:5px;'>\n<summary style='font-weight:bold; cursor:pointer;'>Richiede una manutenzione speciale?<\/summary>\n<div style='margin-top:10px; color:#555;'>No, \u00e8 a bassa manutenzione e si pulisce facilmente con un panno asciutto.<\/div>\n<\/details>\n<details style='margin-bottom:10px; padding:10px; background:#f9f9f9; border-radius:5px;'>\n<summary style='font-weight:bold; cursor:pointer;'>Di quali materiali \u00e8 fatto?<\/summary>\n<div style='margin-top:10px; color:#555;'>\u00c8 realizzato con rami naturali o sintetici e include una figura natalizia.<\/div>\n<\/details>\n<\/div>\n","protected":false},"excerpt":{"rendered":"<p>16x16cm Domande Frequenti Per quali ambienti \u00e8 destinata questa corona? \u00c8 destinato all&#8217;uso interno ed \u00e8 ideale per tavolo, porta o mensola. Richiede una manutenzione speciale? No, \u00e8 a bassa manutenzione e si pulisce facilmente con un panno asciutto. Di quali materiali \u00e8 fatto? \u00c8 realizzato con rami naturali o sintetici e include una figura [&hellip;]<\/p>\n","protected":false},"featured_media":5185234,"comment_status":"closed","ping_status":"open","template":"","meta":[],"product_brand":[],"product_cat":[],"product_tag":[15],"class_list":{"0":"post-5317977","1":"product","2":"type-product","3":"status-publish","4":"has-post-thumbnail","6":"product_tag-uncategorized","8":"first","9":"onbackorder","10":"purchasable","11":"product-type-simple"},"jetpack_sharing_enabled":true,"_links":{"self":[{"href":"https:\/\/gadgettravellers.eu\/it\/wp-json\/wp\/v2\/product\/5317977","targetHints":{"allow":["GET"]}}],"collection":[{"href":"https:\/\/gadgettravellers.eu\/it\/wp-json\/wp\/v2\/product"}],"about":[{"href":"https:\/\/gadgettravellers.eu\/it\/wp-json\/wp\/v2\/types\/product"}],"replies":[{"embeddable":true,"href":"https:\/\/gadgettravellers.eu\/it\/wp-json\/wp\/v2\/comments?post=5317977"}],"wp:featuredmedia":[{"embeddable":true,"href":"https:\/\/gadgettravellers.eu\/it\/wp-json\/wp\/v2\/media\/5185234"}],"wp:attachment":[{"href":"https:\/\/gadgettravellers.eu\/it\/wp-json\/wp\/v2\/media?parent=5317977"}],"wp:term":[{"taxonomy":"product_brand","embeddable":true,"href":"https:\/\/gadgettravellers.eu\/it\/wp-json\/wp\/v2\/product_brand?post=5317977"},{"taxonomy":"product_cat","embeddable":true,"href":"https:\/\/gadgettravellers.eu\/it\/wp-json\/wp\/v2\/product_cat?post=5317977"},{"taxonomy":"product_tag","embeddable":true,"href":"https:\/\/gadgettravellers.eu\/it\/wp-json\/wp\/v2\/product_tag?post=5317977"}],"curies":[{"name":"wp","href":"https:\/\/api.w.org\/{rel}","templated":true}]}}