{"id":5317978,"date":"2026-01-19T14:58:12","date_gmt":"2026-01-19T12:58:12","guid":{"rendered":"https:\/\/gadgettravellers.eu\/shop\/albero-di-carta-3d-pieghevole-grande-31x24cm-xmasfest-1134041\/"},"modified":"2026-05-05T06:05:09","modified_gmt":"2026-05-05T04:05:09","slug":"albero-di-carta-3d-pieghevole-grande-31x24cm-xmasfest-1134041","status":"publish","type":"product","link":"https:\/\/gadgettravellers.eu\/it\/shop\/albero-di-carta-3d-pieghevole-grande-31x24cm-xmasfest-1134041\/","title":{"rendered":"Albero di Carta 3D Pieghevole Grande 31x24cm Xmasfest 1134041"},"content":{"rendered":"<p>Carta 3D pieghevole 31x24cm<\/p>\n<div class='aiseo-faq-section' style='margin-top:30px; border-top:1px solid #eee; padding-top:20px;'>\n<h3>Domande Frequenti<\/h3>\n<details style='margin-bottom:10px; padding:10px; background:#f9f9f9; border-radius:5px;'>\n<summary style='font-weight:bold; cursor:pointer;'>Quali sono le dimensioni del prodotto?<\/summary>\n<div style='margin-top:10px; color:#555;'>Le dimensioni sono 31&#215;24 cm.<\/div>\n<\/details>\n<details style='margin-bottom:10px; padding:10px; background:#f9f9f9; border-radius:5px;'>\n<summary style='font-weight:bold; cursor:pointer;'>Di che materiale \u00e8 fatto?<\/summary>\n<div style='margin-top:10px; color:#555;'>\u00c8 realizzato in carta come decorazione pieghevole 3D.<\/div>\n<\/details>\n<details style='margin-bottom:10px; padding:10px; background:#f9f9f9; border-radius:5px;'>\n<summary style='font-weight:bold; cursor:pointer;'>\u00c8 difficile il montaggio?<\/summary>\n<div style='margin-top:10px; color:#555;'>No, \u00e8 facile da montare e pronto per l&#8217;installazione rapidamente.<\/div>\n<\/details>\n<details style='margin-bottom:10px; padding:10px; background:#f9f9f9; border-radius:5px;'>\n<summary style='font-weight:bold; cursor:pointer;'>Dove si consiglia di usarlo?<\/summary>\n<div style='margin-top:10px; color:#555;'>\u00c8 ideale per tavoli e decorazioni natalizie interne generali.<\/div>\n<\/details>\n<\/div>\n","protected":false},"excerpt":{"rendered":"<p>Carta 3D pieghevole 31x24cm Domande Frequenti Quali sono le dimensioni del prodotto? Le dimensioni sono 31&#215;24 cm. Di che materiale \u00e8 fatto? \u00c8 realizzato in carta come decorazione pieghevole 3D. \u00c8 difficile il montaggio? No, \u00e8 facile da montare e pronto per l&#8217;installazione rapidamente. Dove si consiglia di usarlo? \u00c8 ideale per tavoli e decorazioni [&hellip;]<\/p>\n","protected":false},"featured_media":5185230,"comment_status":"closed","ping_status":"open","template":"","meta":[],"product_brand":[],"product_cat":[],"product_tag":[15],"class_list":{"0":"post-5317978","1":"product","2":"type-product","3":"status-publish","4":"has-post-thumbnail","6":"product_tag-uncategorized","8":"first","9":"onbackorder","10":"purchasable","11":"product-type-simple"},"jetpack_sharing_enabled":true,"_links":{"self":[{"href":"https:\/\/gadgettravellers.eu\/it\/wp-json\/wp\/v2\/product\/5317978","targetHints":{"allow":["GET"]}}],"collection":[{"href":"https:\/\/gadgettravellers.eu\/it\/wp-json\/wp\/v2\/product"}],"about":[{"href":"https:\/\/gadgettravellers.eu\/it\/wp-json\/wp\/v2\/types\/product"}],"replies":[{"embeddable":true,"href":"https:\/\/gadgettravellers.eu\/it\/wp-json\/wp\/v2\/comments?post=5317978"}],"wp:featuredmedia":[{"embeddable":true,"href":"https:\/\/gadgettravellers.eu\/it\/wp-json\/wp\/v2\/media\/5185230"}],"wp:attachment":[{"href":"https:\/\/gadgettravellers.eu\/it\/wp-json\/wp\/v2\/media?parent=5317978"}],"wp:term":[{"taxonomy":"product_brand","embeddable":true,"href":"https:\/\/gadgettravellers.eu\/it\/wp-json\/wp\/v2\/product_brand?post=5317978"},{"taxonomy":"product_cat","embeddable":true,"href":"https:\/\/gadgettravellers.eu\/it\/wp-json\/wp\/v2\/product_cat?post=5317978"},{"taxonomy":"product_tag","embeddable":true,"href":"https:\/\/gadgettravellers.eu\/it\/wp-json\/wp\/v2\/product_tag?post=5317978"}],"curies":[{"name":"wp","href":"https:\/\/api.w.org\/{rel}","templated":true}]}}