{"id":5317979,"date":"2026-01-19T14:58:12","date_gmt":"2026-01-19T12:58:12","guid":{"rendered":"https:\/\/gadgettravellers.eu\/shop\/gigante-santo-con-gambe-pieghevoli-60x30cm-xmasfest-1134044\/"},"modified":"2026-04-22T22:59:08","modified_gmt":"2026-04-22T20:59:08","slug":"gigante-santo-con-gambe-pieghevoli-60x30cm-xmasfest-1134044","status":"publish","type":"product","link":"https:\/\/gadgettravellers.eu\/it\/shop\/gigante-santo-con-gambe-pieghevoli-60x30cm-xmasfest-1134044\/","title":{"rendered":"Gigante Santo con Gambe Pieghevoli 60x30cm Xmasfest 1134044"},"content":{"rendered":"<p>Con gambe telescopiche 60x30cm<\/p>\n<div class='aiseo-faq-section' style='margin-top:30px; border-top:1px solid #eee; padding-top:20px;'>\n<h3>Domande Frequenti<\/h3>\n<details style='margin-bottom:10px; padding:10px; background:#f9f9f9; border-radius:5px;'>\n<summary style='font-weight:bold; cursor:pointer;'>Quali sono le dimensioni della figura?<\/summary>\n<div style='margin-top:10px; color:#555;'>Le dimensioni sono 60&#215;30 cm.<\/div>\n<\/details>\n<details style='margin-bottom:10px; padding:10px; background:#f9f9f9; border-radius:5px;'>\n<summary style='font-weight:bold; cursor:pointer;'>Ha gambe pieghevoli?<\/summary>\n<div style='margin-top:10px; color:#555;'>S\u00ec, ha gambe telescopiche pieghevoli per un posizionamento stabile.<\/div>\n<\/details>\n<details style='margin-bottom:10px; padding:10px; background:#f9f9f9; border-radius:5px;'>\n<summary style='font-weight:bold; cursor:pointer;'>Pu\u00f2 essere utilizzato all&#8217;aperto?<\/summary>\n<div style='margin-top:10px; color:#555;'>S\u00ec, \u00e8 adatta per la decorazione interna ed esterna.<\/div>\n<\/details>\n<details style='margin-bottom:10px; padding:10px; background:#f9f9f9; border-radius:5px;'>\n<summary style='font-weight:bold; cursor:pointer;'>\u00c8 facile l&#8217;installazione e la conservazione?<\/summary>\n<div style='margin-top:10px; color:#555;'>S\u00ec, offre un montaggio rapido e una facile conservazione grazie alle gambe pieghevoli.<\/div>\n<\/details>\n<\/div>\n","protected":false},"excerpt":{"rendered":"<p>Con gambe telescopiche 60x30cm Domande Frequenti Quali sono le dimensioni della figura? Le dimensioni sono 60&#215;30 cm. Ha gambe pieghevoli? S\u00ec, ha gambe telescopiche pieghevoli per un posizionamento stabile. Pu\u00f2 essere utilizzato all&#8217;aperto? S\u00ec, \u00e8 adatta per la decorazione interna ed esterna. \u00c8 facile l&#8217;installazione e la conservazione? S\u00ec, offre un montaggio rapido e una [&hellip;]<\/p>\n","protected":false},"featured_media":5185245,"comment_status":"closed","ping_status":"open","template":"","meta":[],"product_brand":[],"product_cat":[],"product_tag":[15],"class_list":{"0":"post-5317979","1":"product","2":"type-product","3":"status-publish","4":"has-post-thumbnail","6":"product_tag-uncategorized","8":"first","9":"onbackorder","10":"purchasable","11":"product-type-simple"},"jetpack_sharing_enabled":true,"_links":{"self":[{"href":"https:\/\/gadgettravellers.eu\/it\/wp-json\/wp\/v2\/product\/5317979","targetHints":{"allow":["GET"]}}],"collection":[{"href":"https:\/\/gadgettravellers.eu\/it\/wp-json\/wp\/v2\/product"}],"about":[{"href":"https:\/\/gadgettravellers.eu\/it\/wp-json\/wp\/v2\/types\/product"}],"replies":[{"embeddable":true,"href":"https:\/\/gadgettravellers.eu\/it\/wp-json\/wp\/v2\/comments?post=5317979"}],"wp:featuredmedia":[{"embeddable":true,"href":"https:\/\/gadgettravellers.eu\/it\/wp-json\/wp\/v2\/media\/5185245"}],"wp:attachment":[{"href":"https:\/\/gadgettravellers.eu\/it\/wp-json\/wp\/v2\/media?parent=5317979"}],"wp:term":[{"taxonomy":"product_brand","embeddable":true,"href":"https:\/\/gadgettravellers.eu\/it\/wp-json\/wp\/v2\/product_brand?post=5317979"},{"taxonomy":"product_cat","embeddable":true,"href":"https:\/\/gadgettravellers.eu\/it\/wp-json\/wp\/v2\/product_cat?post=5317979"},{"taxonomy":"product_tag","embeddable":true,"href":"https:\/\/gadgettravellers.eu\/it\/wp-json\/wp\/v2\/product_tag?post=5317979"}],"curies":[{"name":"wp","href":"https:\/\/api.w.org\/{rel}","templated":true}]}}