{"id":5317981,"date":"2026-01-19T14:58:14","date_gmt":"2026-01-19T12:58:14","guid":{"rendered":"https:\/\/gadgettravellers.eu\/shop\/gigante-santo-con-gambe-pieghevoli-80x40cm-xmasfest-1134045\/"},"modified":"2026-04-22T22:59:09","modified_gmt":"2026-04-22T20:59:09","slug":"gigante-santo-con-gambe-pieghevoli-80x40cm-xmasfest-1134045","status":"publish","type":"product","link":"https:\/\/gadgettravellers.eu\/it\/shop\/gigante-santo-con-gambe-pieghevoli-80x40cm-xmasfest-1134045\/","title":{"rendered":"Gigante Santo con Gambe Pieghevoli 80x40cm Xmasfest 1134045"},"content":{"rendered":"<p>gambe telescopiche 80x40cm<\/p>\n<div class='aiseo-faq-section' style='margin-top:30px; border-top:1px solid #eee; padding-top:20px;'>\n<h3>Domande Frequenti<\/h3>\n<details style='margin-bottom:10px; padding:10px; background:#f9f9f9; border-radius:5px;'>\n<summary style='font-weight:bold; cursor:pointer;'>Quali sono le dimensioni del prodotto?<\/summary>\n<div style='margin-top:10px; color:#555;'>Le dimensioni sono 80&#215;40 cm.<\/div>\n<\/details>\n<details style='margin-bottom:10px; padding:10px; background:#f9f9f9; border-radius:5px;'>\n<summary style='font-weight:bold; cursor:pointer;'>Che tipo di gambe ha?<\/summary>\n<div style='margin-top:10px; color:#555;'>Dispone di gambe telescopiche pieghevoli.<\/div>\n<\/details>\n<details style='margin-bottom:10px; padding:10px; background:#f9f9f9; border-radius:5px;'>\n<summary style='font-weight:bold; cursor:pointer;'>Il montaggio \u00e8 facile?<\/summary>\n<div style='margin-top:10px; color:#555;'>S\u00ec, l&#8217;assemblaggio \u00e8 facile e veloce.<\/div>\n<\/details>\n<details style='margin-bottom:10px; padding:10px; background:#f9f9f9; border-radius:5px;'>\n<summary style='font-weight:bold; cursor:pointer;'>Pu\u00f2 essere facilmente memorizzato?<\/summary>\n<div style='margin-top:10px; color:#555;'>S\u00ec, \u00e8 pieghevole per una conservazione economica.<\/div>\n<\/details>\n<\/div>\n","protected":false},"excerpt":{"rendered":"<p>gambe telescopiche 80x40cm Domande Frequenti Quali sono le dimensioni del prodotto? Le dimensioni sono 80&#215;40 cm. Che tipo di gambe ha? Dispone di gambe telescopiche pieghevoli. Il montaggio \u00e8 facile? S\u00ec, l&#8217;assemblaggio \u00e8 facile e veloce. Pu\u00f2 essere facilmente memorizzato? S\u00ec, \u00e8 pieghevole per una conservazione economica.<\/p>\n","protected":false},"featured_media":5185249,"comment_status":"closed","ping_status":"open","template":"","meta":[],"product_brand":[],"product_cat":[],"product_tag":[15],"class_list":{"0":"post-5317981","1":"product","2":"type-product","3":"status-publish","4":"has-post-thumbnail","6":"product_tag-uncategorized","8":"first","9":"onbackorder","10":"purchasable","11":"product-type-simple"},"jetpack_sharing_enabled":true,"_links":{"self":[{"href":"https:\/\/gadgettravellers.eu\/it\/wp-json\/wp\/v2\/product\/5317981","targetHints":{"allow":["GET"]}}],"collection":[{"href":"https:\/\/gadgettravellers.eu\/it\/wp-json\/wp\/v2\/product"}],"about":[{"href":"https:\/\/gadgettravellers.eu\/it\/wp-json\/wp\/v2\/types\/product"}],"replies":[{"embeddable":true,"href":"https:\/\/gadgettravellers.eu\/it\/wp-json\/wp\/v2\/comments?post=5317981"}],"wp:featuredmedia":[{"embeddable":true,"href":"https:\/\/gadgettravellers.eu\/it\/wp-json\/wp\/v2\/media\/5185249"}],"wp:attachment":[{"href":"https:\/\/gadgettravellers.eu\/it\/wp-json\/wp\/v2\/media?parent=5317981"}],"wp:term":[{"taxonomy":"product_brand","embeddable":true,"href":"https:\/\/gadgettravellers.eu\/it\/wp-json\/wp\/v2\/product_brand?post=5317981"},{"taxonomy":"product_cat","embeddable":true,"href":"https:\/\/gadgettravellers.eu\/it\/wp-json\/wp\/v2\/product_cat?post=5317981"},{"taxonomy":"product_tag","embeddable":true,"href":"https:\/\/gadgettravellers.eu\/it\/wp-json\/wp\/v2\/product_tag?post=5317981"}],"curies":[{"name":"wp","href":"https:\/\/api.w.org\/{rel}","templated":true}]}}