{"id":5317984,"date":"2026-01-19T14:58:15","date_gmt":"2026-01-19T12:58:15","guid":{"rendered":"https:\/\/gadgettravellers.eu\/shop\/figura-natalizia-di-stoffa-con-braccia-lunghe-55x16cm-xmasfest-1134049\/"},"modified":"2026-04-22T22:59:10","modified_gmt":"2026-04-22T20:59:10","slug":"figura-natalizia-di-stoffa-con-braccia-lunghe-55x16cm-xmasfest-1134049","status":"publish","type":"product","link":"https:\/\/gadgettravellers.eu\/it\/shop\/figura-natalizia-di-stoffa-con-braccia-lunghe-55x16cm-xmasfest-1134049\/","title":{"rendered":"Figura Natalizia di Stoffa con Braccia Lunghe 55x16cm Xmasfest 1134049"},"content":{"rendered":"<p>55x16cm<\/p>\n<div class='aiseo-faq-section' style='margin-top:30px; border-top:1px solid #eee; padding-top:20px;'>\n<h3>Domande Frequenti<\/h3>\n<details style='margin-bottom:10px; padding:10px; background:#f9f9f9; border-radius:5px;'>\n<summary style='font-weight:bold; cursor:pointer;'>Di che materiale \u00e8 la figura?<\/summary>\n<div style='margin-top:10px; color:#555;'>La figura \u00e8 di stoffa con una consistenza morbida, come indicato nella descrizione.<\/div>\n<\/details>\n<details style='margin-bottom:10px; padding:10px; background:#f9f9f9; border-radius:5px;'>\n<summary style='font-weight:bold; cursor:pointer;'>Quali sono le sue dimensioni?<\/summary>\n<div style='margin-top:10px; color:#555;'>Le dimensioni sono 55&#215;16 cm, come indicato nel prodotto.<\/div>\n<\/details>\n<details style='margin-bottom:10px; padding:10px; background:#f9f9f9; border-radius:5px;'>\n<summary style='font-weight:bold; cursor:pointer;'>\u00c8 adatta per ambienti interni o esterni?<\/summary>\n<div style='margin-top:10px; color:#555;'>\u00c8 ideale per ambienti interni come casa o negozio; non \u00e8 specificato se \u00e8 resistente alle condizioni esterne.<\/div>\n<\/details>\n<details style='margin-bottom:10px; padding:10px; background:#f9f9f9; border-radius:5px;'>\n<summary style='font-weight:bold; cursor:pointer;'>Dove posso usarla per la decorazione?<\/summary>\n<div style='margin-top:10px; color:#555;'>Adatta per decorare tavoli, scaffali e sedili e pu\u00f2 anche essere utilizzata come regalo stagionale.<\/div>\n<\/details>\n<\/div>\n","protected":false},"excerpt":{"rendered":"<p>55x16cm Domande Frequenti Di che materiale \u00e8 la figura? La figura \u00e8 di stoffa con una consistenza morbida, come indicato nella descrizione. Quali sono le sue dimensioni? Le dimensioni sono 55&#215;16 cm, come indicato nel prodotto. \u00c8 adatta per ambienti interni o esterni? \u00c8 ideale per ambienti interni come casa o negozio; non \u00e8 specificato [&hellip;]<\/p>\n","protected":false},"featured_media":5185268,"comment_status":"closed","ping_status":"open","template":"","meta":[],"product_brand":[],"product_cat":[],"product_tag":[15],"class_list":{"0":"post-5317984","1":"product","2":"type-product","3":"status-publish","4":"has-post-thumbnail","6":"product_tag-uncategorized","8":"first","9":"onbackorder","10":"purchasable","11":"product-type-simple"},"jetpack_sharing_enabled":true,"_links":{"self":[{"href":"https:\/\/gadgettravellers.eu\/it\/wp-json\/wp\/v2\/product\/5317984","targetHints":{"allow":["GET"]}}],"collection":[{"href":"https:\/\/gadgettravellers.eu\/it\/wp-json\/wp\/v2\/product"}],"about":[{"href":"https:\/\/gadgettravellers.eu\/it\/wp-json\/wp\/v2\/types\/product"}],"replies":[{"embeddable":true,"href":"https:\/\/gadgettravellers.eu\/it\/wp-json\/wp\/v2\/comments?post=5317984"}],"wp:featuredmedia":[{"embeddable":true,"href":"https:\/\/gadgettravellers.eu\/it\/wp-json\/wp\/v2\/media\/5185268"}],"wp:attachment":[{"href":"https:\/\/gadgettravellers.eu\/it\/wp-json\/wp\/v2\/media?parent=5317984"}],"wp:term":[{"taxonomy":"product_brand","embeddable":true,"href":"https:\/\/gadgettravellers.eu\/it\/wp-json\/wp\/v2\/product_brand?post=5317984"},{"taxonomy":"product_cat","embeddable":true,"href":"https:\/\/gadgettravellers.eu\/it\/wp-json\/wp\/v2\/product_cat?post=5317984"},{"taxonomy":"product_tag","embeddable":true,"href":"https:\/\/gadgettravellers.eu\/it\/wp-json\/wp\/v2\/product_tag?post=5317984"}],"curies":[{"name":"wp","href":"https:\/\/api.w.org\/{rel}","templated":true}]}}