{"id":5317985,"date":"2026-01-19T14:58:15","date_gmt":"2026-01-19T12:58:15","guid":{"rendered":"https:\/\/gadgettravellers.eu\/shop\/elfo-figura-realistica-in-stoffa-75x22cm-xmasfest-1134051\/"},"modified":"2026-04-22T22:59:11","modified_gmt":"2026-04-22T20:59:11","slug":"elfo-figura-realistica-in-stoffa-75x22cm-xmasfest-1134051","status":"publish","type":"product","link":"https:\/\/gadgettravellers.eu\/it\/shop\/elfo-figura-realistica-in-stoffa-75x22cm-xmasfest-1134051\/","title":{"rendered":"Elfo Figura Realistica in Stoffa 75x22cm Xmasfest 1134051"},"content":{"rendered":"<p>75x22cm<\/p>\n<div class='aiseo-faq-section' style='margin-top:30px; border-top:1px solid #eee; padding-top:20px;'>\n<h3>Domande Frequenti<\/h3>\n<details style='margin-bottom:10px; padding:10px; background:#f9f9f9; border-radius:5px;'>\n<summary style='font-weight:bold; cursor:pointer;'>Quali sono le dimensioni della figura?<\/summary>\n<div style='margin-top:10px; color:#555;'>Le dimensioni sono 75&#215;22 cm.<\/div>\n<\/details>\n<details style='margin-bottom:10px; padding:10px; background:#f9f9f9; border-radius:5px;'>\n<summary style='font-weight:bold; cursor:pointer;'>In quali ambienti \u00e8 adatta la figura?<\/summary>\n<div style='margin-top:10px; color:#555;'>\u00c8 ideale per interni come scaffali, tavoli, vetrine e angoli della casa.<\/div>\n<\/details>\n<details style='margin-bottom:10px; padding:10px; background:#f9f9f9; border-radius:5px;'>\n<summary style='font-weight:bold; cursor:pointer;'>\u00c8 sicuro per la camera dei bambini?<\/summary>\n<div style='margin-top:10px; color:#555;'>S\u00ec, \u00e8 leggera e morbida, adatta e sicura per le camere dei bambini.<\/div>\n<\/details>\n<details style='margin-bottom:10px; padding:10px; background:#f9f9f9; border-radius:5px;'>\n<summary style='font-weight:bold; cursor:pointer;'>Come si posiziona la figura?<\/summary>\n<div style='margin-top:10px; color:#555;'>L&#8217;installazione \u00e8 semplice e artigianale, adatta per scaffali, tavoli o vetrine senza attrezzi speciali.<\/div>\n<\/details>\n<\/div>\n","protected":false},"excerpt":{"rendered":"<p>75x22cm Domande Frequenti Quali sono le dimensioni della figura? Le dimensioni sono 75&#215;22 cm. In quali ambienti \u00e8 adatta la figura? \u00c8 ideale per interni come scaffali, tavoli, vetrine e angoli della casa. \u00c8 sicuro per la camera dei bambini? S\u00ec, \u00e8 leggera e morbida, adatta e sicura per le camere dei bambini. Come si [&hellip;]<\/p>\n","protected":false},"featured_media":5185272,"comment_status":"closed","ping_status":"open","template":"","meta":[],"product_brand":[],"product_cat":[],"product_tag":[15],"class_list":{"0":"post-5317985","1":"product","2":"type-product","3":"status-publish","4":"has-post-thumbnail","6":"product_tag-uncategorized","8":"first","9":"onbackorder","10":"purchasable","11":"product-type-simple"},"jetpack_sharing_enabled":true,"_links":{"self":[{"href":"https:\/\/gadgettravellers.eu\/it\/wp-json\/wp\/v2\/product\/5317985","targetHints":{"allow":["GET"]}}],"collection":[{"href":"https:\/\/gadgettravellers.eu\/it\/wp-json\/wp\/v2\/product"}],"about":[{"href":"https:\/\/gadgettravellers.eu\/it\/wp-json\/wp\/v2\/types\/product"}],"replies":[{"embeddable":true,"href":"https:\/\/gadgettravellers.eu\/it\/wp-json\/wp\/v2\/comments?post=5317985"}],"wp:featuredmedia":[{"embeddable":true,"href":"https:\/\/gadgettravellers.eu\/it\/wp-json\/wp\/v2\/media\/5185272"}],"wp:attachment":[{"href":"https:\/\/gadgettravellers.eu\/it\/wp-json\/wp\/v2\/media?parent=5317985"}],"wp:term":[{"taxonomy":"product_brand","embeddable":true,"href":"https:\/\/gadgettravellers.eu\/it\/wp-json\/wp\/v2\/product_brand?post=5317985"},{"taxonomy":"product_cat","embeddable":true,"href":"https:\/\/gadgettravellers.eu\/it\/wp-json\/wp\/v2\/product_cat?post=5317985"},{"taxonomy":"product_tag","embeddable":true,"href":"https:\/\/gadgettravellers.eu\/it\/wp-json\/wp\/v2\/product_tag?post=5317985"}],"curies":[{"name":"wp","href":"https:\/\/api.w.org\/{rel}","templated":true}]}}