{"id":5317987,"date":"2026-01-19T14:58:16","date_gmt":"2026-01-19T12:58:16","guid":{"rendered":"https:\/\/gadgettravellers.eu\/shop\/targa-feliz-navidad-con-figura-di-stoffa-36x28cm-xmasfest-1134046\/"},"modified":"2026-04-22T22:59:12","modified_gmt":"2026-04-22T20:59:12","slug":"targa-feliz-navidad-con-figura-di-stoffa-36x28cm-xmasfest-1134046","status":"publish","type":"product","link":"https:\/\/gadgettravellers.eu\/it\/shop\/targa-feliz-navidad-con-figura-di-stoffa-36x28cm-xmasfest-1134046\/","title":{"rendered":"Targa Feliz Navidad con Figura di Stoffa 36x28cm Xmasfest 1134046"},"content":{"rendered":"<p>Appeso 36x28cm<\/p>\n<div class='aiseo-faq-section' style='margin-top:30px; border-top:1px solid #eee; padding-top:20px;'>\n<h3>Domande Frequenti<\/h3>\n<details style='margin-bottom:10px; padding:10px; background:#f9f9f9; border-radius:5px;'>\n<summary style='font-weight:bold; cursor:pointer;'>Quali sono le dimensioni della targhetta?<\/summary>\n<div style='margin-top:10px; color:#555;'>Le dimensioni sono 36&#215;28 cm.<\/div>\n<\/details>\n<details style='margin-bottom:10px; padding:10px; background:#f9f9f9; border-radius:5px;'>\n<summary style='font-weight:bold; cursor:pointer;'>Per quali ambienti \u00e8 destinato?<\/summary>\n<div style='margin-top:10px; color:#555;'>\u00c8 ideale per ambienti interni.<\/div>\n<\/details>\n<details style='margin-bottom:10px; padding:10px; background:#f9f9f9; border-radius:5px;'>\n<summary style='font-weight:bold; cursor:pointer;'>Di cosa \u00e8 composta la figura?<\/summary>\n<div style='margin-top:10px; color:#555;'>La figura \u00e8 di stoffa (tessuto).<\/div>\n<\/details>\n<details style='margin-bottom:10px; padding:10px; background:#f9f9f9; border-radius:5px;'>\n<summary style='font-weight:bold; cursor:pointer;'>\u00c8 difficile l&#8217;installazione?<\/summary>\n<div style='margin-top:10px; color:#555;'>No, sono leggere e facili da installare.<\/div>\n<\/details>\n<\/div>\n","protected":false},"excerpt":{"rendered":"<p>Appeso 36x28cm Domande Frequenti Quali sono le dimensioni della targhetta? Le dimensioni sono 36&#215;28 cm. Per quali ambienti \u00e8 destinato? \u00c8 ideale per ambienti interni. Di cosa \u00e8 composta la figura? La figura \u00e8 di stoffa (tessuto). \u00c8 difficile l&#8217;installazione? No, sono leggere e facili da installare.<\/p>\n","protected":false},"featured_media":5185253,"comment_status":"closed","ping_status":"open","template":"","meta":[],"product_brand":[],"product_cat":[],"product_tag":[15],"class_list":{"0":"post-5317987","1":"product","2":"type-product","3":"status-publish","4":"has-post-thumbnail","6":"product_tag-uncategorized","8":"first","9":"onbackorder","10":"purchasable","11":"product-type-simple"},"jetpack_sharing_enabled":true,"_links":{"self":[{"href":"https:\/\/gadgettravellers.eu\/it\/wp-json\/wp\/v2\/product\/5317987","targetHints":{"allow":["GET"]}}],"collection":[{"href":"https:\/\/gadgettravellers.eu\/it\/wp-json\/wp\/v2\/product"}],"about":[{"href":"https:\/\/gadgettravellers.eu\/it\/wp-json\/wp\/v2\/types\/product"}],"replies":[{"embeddable":true,"href":"https:\/\/gadgettravellers.eu\/it\/wp-json\/wp\/v2\/comments?post=5317987"}],"wp:featuredmedia":[{"embeddable":true,"href":"https:\/\/gadgettravellers.eu\/it\/wp-json\/wp\/v2\/media\/5185253"}],"wp:attachment":[{"href":"https:\/\/gadgettravellers.eu\/it\/wp-json\/wp\/v2\/media?parent=5317987"}],"wp:term":[{"taxonomy":"product_brand","embeddable":true,"href":"https:\/\/gadgettravellers.eu\/it\/wp-json\/wp\/v2\/product_brand?post=5317987"},{"taxonomy":"product_cat","embeddable":true,"href":"https:\/\/gadgettravellers.eu\/it\/wp-json\/wp\/v2\/product_cat?post=5317987"},{"taxonomy":"product_tag","embeddable":true,"href":"https:\/\/gadgettravellers.eu\/it\/wp-json\/wp\/v2\/product_tag?post=5317987"}],"curies":[{"name":"wp","href":"https:\/\/api.w.org\/{rel}","templated":true}]}}