{"id":5317994,"date":"2026-01-19T14:58:20","date_gmt":"2026-01-19T12:58:20","guid":{"rendered":"https:\/\/gadgettravellers.eu\/shop\/calendario-bizantino-22x9cm-xmasfest-113441\/"},"modified":"2026-04-22T22:59:15","modified_gmt":"2026-04-22T20:59:15","slug":"calendario-bizantino-22x9cm-xmasfest-113441","status":"publish","type":"product","link":"https:\/\/gadgettravellers.eu\/it\/shop\/calendario-bizantino-22x9cm-xmasfest-113441\/","title":{"rendered":"Calendario Bizantino 22x9cm Xmasfest 113441"},"content":{"rendered":"<p>22x9cm<\/p>\n<div class='aiseo-faq-section' style='margin-top:30px; border-top:1px solid #eee; padding-top:20px;'>\n<h3>Domande Frequenti<\/h3>\n<details style='margin-bottom:10px; padding:10px; background:#f9f9f9; border-radius:5px;'>\n<summary style='font-weight:bold; cursor:pointer;'>Quali sono le dimensioni del prodotto?<\/summary>\n<div style='margin-top:10px; color:#555;'>Le dimensioni sono 22&#215;9 cm.<\/div>\n<\/details>\n<details style='margin-bottom:10px; padding:10px; background:#f9f9f9; border-radius:5px;'>\n<summary style='font-weight:bold; cursor:pointer;'>Dove pu\u00f2 essere posizionato o utilizzato?<\/summary>\n<div style='margin-top:10px; color:#555;'>Pu\u00f2 essere utilizzato in ufficio, su una parete o pu\u00f2 entrare in tasca.<\/div>\n<\/details>\n<details style='margin-bottom:10px; padding:10px; background:#f9f9f9; border-radius:5px;'>\n<summary style='font-weight:bold; cursor:pointer;'>Che stile ha il diario?<\/summary>\n<div style='margin-top:10px; color:#555;'>Ha un&#8217;estetica bizantina e si adatta a un tema natalizio.<\/div>\n<\/details>\n<details style='margin-bottom:10px; padding:10px; background:#f9f9f9; border-radius:5px;'>\n<summary style='font-weight:bold; cursor:pointer;'>\u00c8 adatto come regalo?<\/summary>\n<div style='margin-top:10px; color:#555;'>S\u00ec, \u00e8 un&#8217;ottima idea per un regalo di Natale.<\/div>\n<\/details>\n<\/div>\n","protected":false},"excerpt":{"rendered":"<p>22x9cm Domande Frequenti Quali sono le dimensioni del prodotto? Le dimensioni sono 22&#215;9 cm. Dove pu\u00f2 essere posizionato o utilizzato? Pu\u00f2 essere utilizzato in ufficio, su una parete o pu\u00f2 entrare in tasca. Che stile ha il diario? Ha un&#8217;estetica bizantina e si adatta a un tema natalizio. \u00c8 adatto come regalo? S\u00ec, \u00e8 un&#8217;ottima [&hellip;]<\/p>\n","protected":false},"featured_media":5185331,"comment_status":"closed","ping_status":"open","template":"","meta":[],"product_brand":[],"product_cat":[],"product_tag":[15],"class_list":{"0":"post-5317994","1":"product","2":"type-product","3":"status-publish","4":"has-post-thumbnail","6":"product_tag-uncategorized","8":"first","9":"onbackorder","10":"purchasable","11":"product-type-simple"},"jetpack_sharing_enabled":true,"_links":{"self":[{"href":"https:\/\/gadgettravellers.eu\/it\/wp-json\/wp\/v2\/product\/5317994","targetHints":{"allow":["GET"]}}],"collection":[{"href":"https:\/\/gadgettravellers.eu\/it\/wp-json\/wp\/v2\/product"}],"about":[{"href":"https:\/\/gadgettravellers.eu\/it\/wp-json\/wp\/v2\/types\/product"}],"replies":[{"embeddable":true,"href":"https:\/\/gadgettravellers.eu\/it\/wp-json\/wp\/v2\/comments?post=5317994"}],"wp:featuredmedia":[{"embeddable":true,"href":"https:\/\/gadgettravellers.eu\/it\/wp-json\/wp\/v2\/media\/5185331"}],"wp:attachment":[{"href":"https:\/\/gadgettravellers.eu\/it\/wp-json\/wp\/v2\/media?parent=5317994"}],"wp:term":[{"taxonomy":"product_brand","embeddable":true,"href":"https:\/\/gadgettravellers.eu\/it\/wp-json\/wp\/v2\/product_brand?post=5317994"},{"taxonomy":"product_cat","embeddable":true,"href":"https:\/\/gadgettravellers.eu\/it\/wp-json\/wp\/v2\/product_cat?post=5317994"},{"taxonomy":"product_tag","embeddable":true,"href":"https:\/\/gadgettravellers.eu\/it\/wp-json\/wp\/v2\/product_tag?post=5317994"}],"curies":[{"name":"wp","href":"https:\/\/api.w.org\/{rel}","templated":true}]}}