{"id":5317996,"date":"2026-01-19T14:58:21","date_gmt":"2026-01-19T12:58:21","guid":{"rendered":"https:\/\/gadgettravellers.eu\/shop\/scatola-albero-di-natale-plastica-20x19x8cm-xmasfest-1134059\/"},"modified":"2026-04-22T22:59:16","modified_gmt":"2026-04-22T20:59:16","slug":"scatola-albero-di-natale-plastica-20x19x8cm-xmasfest-1134059","status":"publish","type":"product","link":"https:\/\/gadgettravellers.eu\/it\/shop\/scatola-albero-di-natale-plastica-20x19x8cm-xmasfest-1134059\/","title":{"rendered":"Scatola Albero di Natale Plastica 20x19x8cm Xmasfest 1134059"},"content":{"rendered":"<p>Scatola di plastica 20x19x8cm<\/p>\n<div class='aiseo-faq-section' style='margin-top:30px; border-top:1px solid #eee; padding-top:20px;'>\n<h3>Domande Frequenti<\/h3>\n<details style='margin-bottom:10px; padding:10px; background:#f9f9f9; border-radius:5px;'>\n<summary style='font-weight:bold; cursor:pointer;'>Di che materiale \u00e8 la scatola?<\/summary>\n<div style='margin-top:10px; color:#555;'>\u00c8 fatto di plastica.<\/div>\n<\/details>\n<details style='margin-bottom:10px; padding:10px; background:#f9f9f9; border-radius:5px;'>\n<summary style='font-weight:bold; cursor:pointer;'>Quali sono le dimensioni del prodotto?<\/summary>\n<div style='margin-top:10px; color:#555;'>Le dimensioni sono 20x19x8 cm.<\/div>\n<\/details>\n<details style='margin-bottom:10px; padding:10px; background:#f9f9f9; border-radius:5px;'>\n<summary style='font-weight:bold; cursor:pointer;'>Per quale uso \u00e8 adatta questa scatola?<\/summary>\n<div style='margin-top:10px; color:#555;'>Ideale per confezionare regali o per conservare decorazioni.<\/div>\n<\/details>\n<details style='margin-bottom:10px; padding:10px; background:#f9f9f9; border-radius:5px;'>\n<summary style='font-weight:bold; cursor:pointer;'>\u00c8 riutilizzabile e resistente?<\/summary>\n<div style='margin-top:10px; color:#555;'>S\u00ec, lo descrivono come leggero, resistente e riutilizzabile.<\/div>\n<\/details>\n<\/div>\n","protected":false},"excerpt":{"rendered":"<p>Scatola di plastica 20x19x8cm Domande Frequenti Di che materiale \u00e8 la scatola? \u00c8 fatto di plastica. Quali sono le dimensioni del prodotto? Le dimensioni sono 20x19x8 cm. Per quale uso \u00e8 adatta questa scatola? Ideale per confezionare regali o per conservare decorazioni. \u00c8 riutilizzabile e resistente? S\u00ec, lo descrivono come leggero, resistente e riutilizzabile.<\/p>\n","protected":false},"featured_media":5185313,"comment_status":"closed","ping_status":"open","template":"","meta":[],"product_brand":[],"product_cat":[],"product_tag":[15],"class_list":{"0":"post-5317996","1":"product","2":"type-product","3":"status-publish","4":"has-post-thumbnail","6":"product_tag-uncategorized","8":"first","9":"onbackorder","10":"purchasable","11":"product-type-simple"},"jetpack_sharing_enabled":true,"_links":{"self":[{"href":"https:\/\/gadgettravellers.eu\/it\/wp-json\/wp\/v2\/product\/5317996","targetHints":{"allow":["GET"]}}],"collection":[{"href":"https:\/\/gadgettravellers.eu\/it\/wp-json\/wp\/v2\/product"}],"about":[{"href":"https:\/\/gadgettravellers.eu\/it\/wp-json\/wp\/v2\/types\/product"}],"replies":[{"embeddable":true,"href":"https:\/\/gadgettravellers.eu\/it\/wp-json\/wp\/v2\/comments?post=5317996"}],"wp:featuredmedia":[{"embeddable":true,"href":"https:\/\/gadgettravellers.eu\/it\/wp-json\/wp\/v2\/media\/5185313"}],"wp:attachment":[{"href":"https:\/\/gadgettravellers.eu\/it\/wp-json\/wp\/v2\/media?parent=5317996"}],"wp:term":[{"taxonomy":"product_brand","embeddable":true,"href":"https:\/\/gadgettravellers.eu\/it\/wp-json\/wp\/v2\/product_brand?post=5317996"},{"taxonomy":"product_cat","embeddable":true,"href":"https:\/\/gadgettravellers.eu\/it\/wp-json\/wp\/v2\/product_cat?post=5317996"},{"taxonomy":"product_tag","embeddable":true,"href":"https:\/\/gadgettravellers.eu\/it\/wp-json\/wp\/v2\/product_tag?post=5317996"}],"curies":[{"name":"wp","href":"https:\/\/api.w.org\/{rel}","templated":true}]}}