{"id":5317998,"date":"2026-01-19T14:58:22","date_gmt":"2026-01-19T12:58:22","guid":{"rendered":"https:\/\/gadgettravellers.eu\/shop\/presepe-con-figure-giganti-30x23cm-xmasfest-113487\/"},"modified":"2026-04-22T22:59:17","modified_gmt":"2026-04-22T20:59:17","slug":"presepe-con-figure-giganti-30x23cm-xmasfest-113487","status":"publish","type":"product","link":"https:\/\/gadgettravellers.eu\/it\/shop\/presepe-con-figure-giganti-30x23cm-xmasfest-113487\/","title":{"rendered":"Presepe con Figure Giganti 30x23cm Xmasfest 113487"},"content":{"rendered":"<p>30x23cm<\/p>\n<div class='aiseo-faq-section' style='margin-top:30px; border-top:1px solid #eee; padding-top:20px;'>\n<h3>Domande Frequenti<\/h3>\n<details style='margin-bottom:10px; padding:10px; background:#f9f9f9; border-radius:5px;'>\n<summary style='font-weight:bold; cursor:pointer;'>Quali sono le dimensioni della mangiatoia?<\/summary>\n<div style='margin-top:10px; color:#555;'>Le sue dimensioni sono 30x23cm.<\/div>\n<\/details>\n<details style='margin-bottom:10px; padding:10px; background:#f9f9f9; border-radius:5px;'>\n<summary style='font-weight:bold; cursor:pointer;'>In quali ambienti \u00e8 destinata la mangiatoia?<\/summary>\n<div style='margin-top:10px; color:#555;'>\u00c8 destinato alla decorazione natalizia degli interni.<\/div>\n<\/details>\n<details style='margin-bottom:10px; padding:10px; background:#f9f9f9; border-radius:5px;'>\n<summary style='font-weight:bold; cursor:pointer;'>Richiede montaggio o \u00e8 pronta per essere decorata?<\/summary>\n<div style='margin-top:10px; color:#555;'>Viene offerta pronta per la decorazione, senza necessit\u00e0 di montaggio.<\/div>\n<\/details>\n<details style='margin-bottom:10px; padding:10px; background:#f9f9f9; border-radius:5px;'>\n<summary style='font-weight:bold; cursor:pointer;'>Come si pulisce e come deve essere conservato?<\/summary>\n<div style='margin-top:10px; color:#555;'>Si pulisce con un panno morbido e umido e deve essere conservato in un luogo asciutto.<\/div>\n<\/details>\n<details style='margin-bottom:10px; padding:10px; background:#f9f9f9; border-radius:5px;'>\n<summary style='font-weight:bold; cursor:pointer;'>Dove pu\u00f2 essere posizionato il presepe?<\/summary>\n<div style='margin-top:10px; color:#555;'>Pu\u00f2 essere posizionato su un tavolo, una mensola o una finestra e le grandi figure creano un forte impatto visivo.<\/div>\n<\/details>\n<\/div>\n","protected":false},"excerpt":{"rendered":"<p>30x23cm Domande Frequenti Quali sono le dimensioni della mangiatoia? Le sue dimensioni sono 30x23cm. In quali ambienti \u00e8 destinata la mangiatoia? \u00c8 destinato alla decorazione natalizia degli interni. Richiede montaggio o \u00e8 pronta per essere decorata? Viene offerta pronta per la decorazione, senza necessit\u00e0 di montaggio. Come si pulisce e come deve essere conservato? Si [&hellip;]<\/p>\n","protected":false},"featured_media":5185350,"comment_status":"closed","ping_status":"open","template":"","meta":[],"product_brand":[],"product_cat":[],"product_tag":[15],"class_list":{"0":"post-5317998","1":"product","2":"type-product","3":"status-publish","4":"has-post-thumbnail","6":"product_tag-uncategorized","8":"first","9":"onbackorder","10":"purchasable","11":"product-type-simple"},"jetpack_sharing_enabled":true,"_links":{"self":[{"href":"https:\/\/gadgettravellers.eu\/it\/wp-json\/wp\/v2\/product\/5317998","targetHints":{"allow":["GET"]}}],"collection":[{"href":"https:\/\/gadgettravellers.eu\/it\/wp-json\/wp\/v2\/product"}],"about":[{"href":"https:\/\/gadgettravellers.eu\/it\/wp-json\/wp\/v2\/types\/product"}],"replies":[{"embeddable":true,"href":"https:\/\/gadgettravellers.eu\/it\/wp-json\/wp\/v2\/comments?post=5317998"}],"wp:featuredmedia":[{"embeddable":true,"href":"https:\/\/gadgettravellers.eu\/it\/wp-json\/wp\/v2\/media\/5185350"}],"wp:attachment":[{"href":"https:\/\/gadgettravellers.eu\/it\/wp-json\/wp\/v2\/media?parent=5317998"}],"wp:term":[{"taxonomy":"product_brand","embeddable":true,"href":"https:\/\/gadgettravellers.eu\/it\/wp-json\/wp\/v2\/product_brand?post=5317998"},{"taxonomy":"product_cat","embeddable":true,"href":"https:\/\/gadgettravellers.eu\/it\/wp-json\/wp\/v2\/product_cat?post=5317998"},{"taxonomy":"product_tag","embeddable":true,"href":"https:\/\/gadgettravellers.eu\/it\/wp-json\/wp\/v2\/product_tag?post=5317998"}],"curies":[{"name":"wp","href":"https:\/\/api.w.org\/{rel}","templated":true}]}}