{"id":5318001,"date":"2026-01-19T14:58:24","date_gmt":"2026-01-19T12:58:24","guid":{"rendered":"https:\/\/gadgettravellers.eu\/shop\/grande-presepe-in-legno-31x20cm-xmasfest-113519\/"},"modified":"2026-04-22T22:59:18","modified_gmt":"2026-04-22T20:59:18","slug":"grande-presepe-in-legno-31x20cm-xmasfest-113519","status":"publish","type":"product","link":"https:\/\/gadgettravellers.eu\/it\/shop\/grande-presepe-in-legno-31x20cm-xmasfest-113519\/","title":{"rendered":"Grande Presepe in Legno 31x20cm Xmasfest 113519"},"content":{"rendered":"<p>31x20cm<\/p>\n<div class='aiseo-faq-section' style='margin-top:30px; border-top:1px solid #eee; padding-top:20px;'>\n<h3>Domande Frequenti<\/h3>\n<details style='margin-bottom:10px; padding:10px; background:#f9f9f9; border-radius:5px;'>\n<summary style='font-weight:bold; cursor:pointer;'>Quali sono le dimensioni della mangiatoia?<\/summary>\n<div style='margin-top:10px; color:#555;'>Le dimensioni sono 31x20cm.<\/div>\n<\/details>\n<details style='margin-bottom:10px; padding:10px; background:#f9f9f9; border-radius:5px;'>\n<summary style='font-weight:bold; cursor:pointer;'>Di che materiale \u00e8 fatta?<\/summary>\n<div style='margin-top:10px; color:#555;'>\u00c8 realizzato in legno naturale che offre stabilit\u00e0 e resistenza.<\/div>\n<\/details>\n<details style='margin-bottom:10px; padding:10px; background:#f9f9f9; border-radius:5px;'>\n<summary style='font-weight:bold; cursor:pointer;'>Pu\u00f2 essere posizionato su un tavolo o in una vetrina?<\/summary>\n<div style='margin-top:10px; color:#555;'>S\u00ec, \u00e8 facile da posizionare su un tavolo o su una mensola\/vetrina.<\/div>\n<\/details>\n<details style='margin-bottom:10px; padding:10px; background:#f9f9f9; border-radius:5px;'>\n<summary style='font-weight:bold; cursor:pointer;'>\u00c8 compatibile con figure del presepe e illuminazione?<\/summary>\n<div style='margin-top:10px; color:#555;'>S\u00ec, si adatta a figure di dimensioni standard ed \u00e8 compatibile con illuminazione aggiuntiva o ghirlande.<\/div>\n<\/details>\n<details style='margin-bottom:10px; padding:10px; background:#f9f9f9; border-radius:5px;'>\n<summary style='font-weight:bold; cursor:pointer;'>Pu\u00f2 essere riutilizzato ogni anno?<\/summary>\n<div style='margin-top:10px; color:#555;'>S\u00ec, \u00e8 resistente e adatta per essere riutilizzata ogni anno.<\/div>\n<\/details>\n<\/div>\n","protected":false},"excerpt":{"rendered":"<p>31x20cm Domande Frequenti Quali sono le dimensioni della mangiatoia? Le dimensioni sono 31x20cm. Di che materiale \u00e8 fatta? \u00c8 realizzato in legno naturale che offre stabilit\u00e0 e resistenza. Pu\u00f2 essere posizionato su un tavolo o in una vetrina? S\u00ec, \u00e8 facile da posizionare su un tavolo o su una mensola\/vetrina. \u00c8 compatibile con figure del [&hellip;]<\/p>\n","protected":false},"featured_media":5185358,"comment_status":"closed","ping_status":"open","template":"","meta":[],"product_brand":[],"product_cat":[],"product_tag":[15],"class_list":{"0":"post-5318001","1":"product","2":"type-product","3":"status-publish","4":"has-post-thumbnail","6":"product_tag-uncategorized","8":"first","9":"onbackorder","10":"purchasable","11":"product-type-simple"},"jetpack_sharing_enabled":true,"_links":{"self":[{"href":"https:\/\/gadgettravellers.eu\/it\/wp-json\/wp\/v2\/product\/5318001","targetHints":{"allow":["GET"]}}],"collection":[{"href":"https:\/\/gadgettravellers.eu\/it\/wp-json\/wp\/v2\/product"}],"about":[{"href":"https:\/\/gadgettravellers.eu\/it\/wp-json\/wp\/v2\/types\/product"}],"replies":[{"embeddable":true,"href":"https:\/\/gadgettravellers.eu\/it\/wp-json\/wp\/v2\/comments?post=5318001"}],"wp:featuredmedia":[{"embeddable":true,"href":"https:\/\/gadgettravellers.eu\/it\/wp-json\/wp\/v2\/media\/5185358"}],"wp:attachment":[{"href":"https:\/\/gadgettravellers.eu\/it\/wp-json\/wp\/v2\/media?parent=5318001"}],"wp:term":[{"taxonomy":"product_brand","embeddable":true,"href":"https:\/\/gadgettravellers.eu\/it\/wp-json\/wp\/v2\/product_brand?post=5318001"},{"taxonomy":"product_cat","embeddable":true,"href":"https:\/\/gadgettravellers.eu\/it\/wp-json\/wp\/v2\/product_cat?post=5318001"},{"taxonomy":"product_tag","embeddable":true,"href":"https:\/\/gadgettravellers.eu\/it\/wp-json\/wp\/v2\/product_tag?post=5318001"}],"curies":[{"name":"wp","href":"https:\/\/api.w.org\/{rel}","templated":true}]}}