{"id":5318003,"date":"2026-01-19T14:58:26","date_gmt":"2026-01-19T12:58:26","guid":{"rendered":"https:\/\/gadgettravellers.eu\/shop\/calendario-dei-santi-20x10cm-xmasfest-113440\/"},"modified":"2026-04-22T22:59:19","modified_gmt":"2026-04-22T20:59:19","slug":"calendario-dei-santi-20x10cm-xmasfest-113440","status":"publish","type":"product","link":"https:\/\/gadgettravellers.eu\/it\/shop\/calendario-dei-santi-20x10cm-xmasfest-113440\/","title":{"rendered":"Calendario dei Santi 20x10cm Xmasfest 113440"},"content":{"rendered":"<p>20x10cm<\/p>\n<div class='aiseo-faq-section' style='margin-top:30px; border-top:1px solid #eee; padding-top:20px;'>\n<h3>Domande Frequenti<\/h3>\n<details style='margin-bottom:10px; padding:10px; background:#f9f9f9; border-radius:5px;'>\n<summary style='font-weight:bold; cursor:pointer;'>Quali sono le dimensioni del calendario?<\/summary>\n<div style='margin-top:10px; color:#555;'>Le dimensioni sono 20x10cm, adatto per borse e spazi piccoli.<\/div>\n<\/details>\n<details style='margin-bottom:10px; padding:10px; background:#f9f9f9; border-radius:5px;'>\n<summary style='font-weight:bold; cursor:pointer;'>Include indicazioni di festivit\u00e0?<\/summary>\n<div style='margin-top:10px; color:#555;'>S\u00ec, dispone di chiari indicatori di date e festivit\u00e0 per un rapido riferimento.<\/div>\n<\/details>\n<details style='margin-bottom:10px; padding:10px; background:#f9f9f9; border-radius:5px;'>\n<summary style='font-weight:bold; cursor:pointer;'>\u00c8 adatto come regalo?<\/summary>\n<div style='margin-top:10px; color:#555;'>S\u00ec, \u00e8 compatto, leggero ed economico, ideale per piccoli regali.<\/div>\n<\/details>\n<details style='margin-bottom:10px; padding:10px; background:#f9f9f9; border-radius:5px;'>\n<summary style='font-weight:bold; cursor:pointer;'>Qual \u00e8 la qualit\u00e0 di stampa?<\/summary>\n<div style='margin-top:10px; color:#555;'>La stampa \u00e8 di alta qualit\u00e0 con immagini sacre nitide e indicazioni ben visibili.<\/div>\n<\/details>\n<\/div>\n","protected":false},"excerpt":{"rendered":"<p>20x10cm Domande Frequenti Quali sono le dimensioni del calendario? Le dimensioni sono 20x10cm, adatto per borse e spazi piccoli. Include indicazioni di festivit\u00e0? S\u00ec, dispone di chiari indicatori di date e festivit\u00e0 per un rapido riferimento. \u00c8 adatto come regalo? S\u00ec, \u00e8 compatto, leggero ed economico, ideale per piccoli regali. Qual \u00e8 la qualit\u00e0 di [&hellip;]<\/p>\n","protected":false},"featured_media":5185327,"comment_status":"closed","ping_status":"open","template":"","meta":[],"product_brand":[],"product_cat":[],"product_tag":[15],"class_list":{"0":"post-5318003","1":"product","2":"type-product","3":"status-publish","4":"has-post-thumbnail","6":"product_tag-uncategorized","8":"first","9":"onbackorder","10":"purchasable","11":"product-type-simple"},"jetpack_sharing_enabled":true,"_links":{"self":[{"href":"https:\/\/gadgettravellers.eu\/it\/wp-json\/wp\/v2\/product\/5318003","targetHints":{"allow":["GET"]}}],"collection":[{"href":"https:\/\/gadgettravellers.eu\/it\/wp-json\/wp\/v2\/product"}],"about":[{"href":"https:\/\/gadgettravellers.eu\/it\/wp-json\/wp\/v2\/types\/product"}],"replies":[{"embeddable":true,"href":"https:\/\/gadgettravellers.eu\/it\/wp-json\/wp\/v2\/comments?post=5318003"}],"wp:featuredmedia":[{"embeddable":true,"href":"https:\/\/gadgettravellers.eu\/it\/wp-json\/wp\/v2\/media\/5185327"}],"wp:attachment":[{"href":"https:\/\/gadgettravellers.eu\/it\/wp-json\/wp\/v2\/media?parent=5318003"}],"wp:term":[{"taxonomy":"product_brand","embeddable":true,"href":"https:\/\/gadgettravellers.eu\/it\/wp-json\/wp\/v2\/product_brand?post=5318003"},{"taxonomy":"product_cat","embeddable":true,"href":"https:\/\/gadgettravellers.eu\/it\/wp-json\/wp\/v2\/product_cat?post=5318003"},{"taxonomy":"product_tag","embeddable":true,"href":"https:\/\/gadgettravellers.eu\/it\/wp-json\/wp\/v2\/product_tag?post=5318003"}],"curies":[{"name":"wp","href":"https:\/\/api.w.org\/{rel}","templated":true}]}}