{"id":5318004,"date":"2026-01-19T14:58:27","date_gmt":"2026-01-19T12:58:27","guid":{"rendered":"https:\/\/gadgettravellers.eu\/shop\/scopa-di-natale-27cm-xmasfest-113540\/"},"modified":"2026-04-22T22:59:19","modified_gmt":"2026-04-22T20:59:19","slug":"scopa-di-natale-27cm-xmasfest-113540","status":"publish","type":"product","link":"https:\/\/gadgettravellers.eu\/it\/shop\/scopa-di-natale-27cm-xmasfest-113540\/","title":{"rendered":"Scopa di Natale 27cm Xmasfest 113540"},"content":{"rendered":"<p>27cm<\/p>\n<div class='aiseo-faq-section' style='margin-top:30px; border-top:1px solid #eee; padding-top:20px;'>\n<h3>Domande Frequenti<\/h3>\n<details style='margin-bottom:10px; padding:10px; background:#f9f9f9; border-radius:5px;'>\n<summary style='font-weight:bold; cursor:pointer;'>Qual \u00e8 la lunghezza dell&#8217;aspirapolvere?<\/summary>\n<div style='margin-top:10px; color:#555;'>L&#8217;aspirapolvere ha una lunghezza di 27 cm.<\/div>\n<\/details>\n<details style='margin-bottom:10px; padding:10px; background:#f9f9f9; border-radius:5px;'>\n<summary style='font-weight:bold; cursor:pointer;'>In quali ambienti si adatta l&#8217;aspirapolvere?<\/summary>\n<div style='margin-top:10px; color:#555;'>Ideale per la decorazione natalizia di case, vetrine e tavoli.<\/div>\n<\/details>\n<details style='margin-bottom:10px; padding:10px; background:#f9f9f9; border-radius:5px;'>\n<summary style='font-weight:bold; cursor:pointer;'>Pu\u00f2 essere utilizzato in corone o lavori manuali?<\/summary>\n<div style='margin-top:10px; color:#555;'>S\u00ec, pu\u00f2 essere posizionato come elemento decorativo su corone o pu\u00f2 servire come accessorio per lavori manuali.<\/div>\n<\/details>\n<details style='margin-bottom:10px; padding:10px; background:#f9f9f9; border-radius:5px;'>\n<summary style='font-weight:bold; cursor:pointer;'>\u00c8 facile da installare?<\/summary>\n<div style='margin-top:10px; color:#555;'>S\u00ec, \u00e8 compatto e leggero, offrendo un&#8217;installazione facile.<\/div>\n<\/details>\n<\/div>\n","protected":false},"excerpt":{"rendered":"<p>27cm Domande Frequenti Qual \u00e8 la lunghezza dell&#8217;aspirapolvere? L&#8217;aspirapolvere ha una lunghezza di 27 cm. In quali ambienti si adatta l&#8217;aspirapolvere? Ideale per la decorazione natalizia di case, vetrine e tavoli. Pu\u00f2 essere utilizzato in corone o lavori manuali? S\u00ec, pu\u00f2 essere posizionato come elemento decorativo su corone o pu\u00f2 servire come accessorio per lavori [&hellip;]<\/p>\n","protected":false},"featured_media":5185373,"comment_status":"closed","ping_status":"open","template":"","meta":[],"product_brand":[],"product_cat":[],"product_tag":[15],"class_list":{"0":"post-5318004","1":"product","2":"type-product","3":"status-publish","4":"has-post-thumbnail","6":"product_tag-uncategorized","8":"first","9":"onbackorder","10":"purchasable","11":"product-type-simple"},"jetpack_sharing_enabled":true,"_links":{"self":[{"href":"https:\/\/gadgettravellers.eu\/it\/wp-json\/wp\/v2\/product\/5318004","targetHints":{"allow":["GET"]}}],"collection":[{"href":"https:\/\/gadgettravellers.eu\/it\/wp-json\/wp\/v2\/product"}],"about":[{"href":"https:\/\/gadgettravellers.eu\/it\/wp-json\/wp\/v2\/types\/product"}],"replies":[{"embeddable":true,"href":"https:\/\/gadgettravellers.eu\/it\/wp-json\/wp\/v2\/comments?post=5318004"}],"wp:featuredmedia":[{"embeddable":true,"href":"https:\/\/gadgettravellers.eu\/it\/wp-json\/wp\/v2\/media\/5185373"}],"wp:attachment":[{"href":"https:\/\/gadgettravellers.eu\/it\/wp-json\/wp\/v2\/media?parent=5318004"}],"wp:term":[{"taxonomy":"product_brand","embeddable":true,"href":"https:\/\/gadgettravellers.eu\/it\/wp-json\/wp\/v2\/product_brand?post=5318004"},{"taxonomy":"product_cat","embeddable":true,"href":"https:\/\/gadgettravellers.eu\/it\/wp-json\/wp\/v2\/product_cat?post=5318004"},{"taxonomy":"product_tag","embeddable":true,"href":"https:\/\/gadgettravellers.eu\/it\/wp-json\/wp\/v2\/product_tag?post=5318004"}],"curies":[{"name":"wp","href":"https:\/\/api.w.org\/{rel}","templated":true}]}}