{"id":5318005,"date":"2026-01-19T14:58:27","date_gmt":"2026-01-19T12:58:27","guid":{"rendered":"https:\/\/gadgettravellers.eu\/shop\/palla-di-neve-santo-o45cm-o45x65cm-xmasfest-113521\/"},"modified":"2026-04-22T22:59:20","modified_gmt":"2026-04-22T20:59:20","slug":"palla-di-neve-santo-o45cm-o45x65cm-xmasfest-113521","status":"publish","type":"product","link":"https:\/\/gadgettravellers.eu\/it\/shop\/palla-di-neve-santo-o45cm-o45x65cm-xmasfest-113521\/","title":{"rendered":"Palla di neve Santo \u00f84,5cm \u00f84,5&#215;6,5cm Xmasfest 113521"},"content":{"rendered":"<p>(abbinate) \u00f84,5&#215;6,5cm<\/p>\n<div class='aiseo-faq-section' style='margin-top:30px; border-top:1px solid #eee; padding-top:20px;'>\n<h3>Domande Frequenti<\/h3>\n<details style='margin-bottom:10px; padding:10px; background:#f9f9f9; border-radius:5px;'>\n<summary style='font-weight:bold; cursor:pointer;'>Qual \u00e8 la dimensione della palla di neve?<\/summary>\n<div style='margin-top:10px; color:#555;'>Diametro 4,5 cm e altezza 6,5 cm.<\/div>\n<\/details>\n<details style='margin-bottom:10px; padding:10px; background:#f9f9f9; border-radius:5px;'>\n<summary style='font-weight:bold; cursor:pointer;'>Cosa \u00e8 raffigurato all&#8217;interno?<\/summary>\n<div style='margin-top:10px; color:#555;'>Raffigura Babbo Natale.<\/div>\n<\/details>\n<details style='margin-bottom:10px; padding:10px; background:#f9f9f9; border-radius:5px;'>\n<summary style='font-weight:bold; cursor:pointer;'>Per quale uso \u00e8 adatto il prodotto?<\/summary>\n<div style='margin-top:10px; color:#555;'>Ideale per decorazioni natalizie, come ornamento da tavolo o piccolo regalo.<\/div>\n<\/details>\n<details style='margin-bottom:10px; padding:10px; background:#f9f9f9; border-radius:5px;'>\n<summary style='font-weight:bold; cursor:pointer;'>Disponibile in diversi colori?<\/summary>\n<div style='margin-top:10px; color:#555;'>S\u00ec, \u00e8 disponibile in vari colori coordinati.<\/div>\n<\/details>\n<\/div>\n","protected":false},"excerpt":{"rendered":"<p>(abbinate) \u00f84,5&#215;6,5cm Domande Frequenti Qual \u00e8 la dimensione della palla di neve? Diametro 4,5 cm e altezza 6,5 cm. Cosa \u00e8 raffigurato all&#8217;interno? Raffigura Babbo Natale. Per quale uso \u00e8 adatto il prodotto? Ideale per decorazioni natalizie, come ornamento da tavolo o piccolo regalo. Disponibile in diversi colori? S\u00ec, \u00e8 disponibile in vari colori coordinati.<\/p>\n","protected":false},"featured_media":5185362,"comment_status":"closed","ping_status":"open","template":"","meta":[],"product_brand":[],"product_cat":[],"product_tag":[15],"class_list":{"0":"post-5318005","1":"product","2":"type-product","3":"status-publish","4":"has-post-thumbnail","6":"product_tag-uncategorized","8":"first","9":"onbackorder","10":"purchasable","11":"product-type-simple"},"jetpack_sharing_enabled":true,"_links":{"self":[{"href":"https:\/\/gadgettravellers.eu\/it\/wp-json\/wp\/v2\/product\/5318005","targetHints":{"allow":["GET"]}}],"collection":[{"href":"https:\/\/gadgettravellers.eu\/it\/wp-json\/wp\/v2\/product"}],"about":[{"href":"https:\/\/gadgettravellers.eu\/it\/wp-json\/wp\/v2\/types\/product"}],"replies":[{"embeddable":true,"href":"https:\/\/gadgettravellers.eu\/it\/wp-json\/wp\/v2\/comments?post=5318005"}],"wp:featuredmedia":[{"embeddable":true,"href":"https:\/\/gadgettravellers.eu\/it\/wp-json\/wp\/v2\/media\/5185362"}],"wp:attachment":[{"href":"https:\/\/gadgettravellers.eu\/it\/wp-json\/wp\/v2\/media?parent=5318005"}],"wp:term":[{"taxonomy":"product_brand","embeddable":true,"href":"https:\/\/gadgettravellers.eu\/it\/wp-json\/wp\/v2\/product_brand?post=5318005"},{"taxonomy":"product_cat","embeddable":true,"href":"https:\/\/gadgettravellers.eu\/it\/wp-json\/wp\/v2\/product_cat?post=5318005"},{"taxonomy":"product_tag","embeddable":true,"href":"https:\/\/gadgettravellers.eu\/it\/wp-json\/wp\/v2\/product_tag?post=5318005"}],"curies":[{"name":"wp","href":"https:\/\/api.w.org\/{rel}","templated":true}]}}