{"id":5318006,"date":"2026-01-19T14:58:28","date_gmt":"2026-01-19T12:58:28","guid":{"rendered":"https:\/\/gadgettravellers.eu\/shop\/ghirlanda-verde-spessa-tinsel-o17cm-l2m-xmasfest-113536\/"},"modified":"2026-04-22T22:59:20","modified_gmt":"2026-04-22T20:59:20","slug":"ghirlanda-verde-spessa-tinsel-o17cm-l2m-xmasfest-113536","status":"publish","type":"product","link":"https:\/\/gadgettravellers.eu\/it\/shop\/ghirlanda-verde-spessa-tinsel-o17cm-l2m-xmasfest-113536\/","title":{"rendered":"Ghirlanda Verde Spessa Tinsel \u00f8:17cm L:2m Xmasfest 113536"},"content":{"rendered":"<p>\u00f8:17cm Y:2m<\/p>\n<div class='aiseo-faq-section' style='margin-top:30px; border-top:1px solid #eee; padding-top:20px;'>\n<h3>Domande Frequenti<\/h3>\n<details style='margin-bottom:10px; padding:10px; background:#f9f9f9; border-radius:5px;'>\n<summary style='font-weight:bold; cursor:pointer;'>Qual \u00e8 la lunghezza e il diametro della ghirlanda?<\/summary>\n<div style='margin-top:10px; color:#555;'>La ghirlanda ha una lunghezza di 2 m e un diametro di circa 17 cm.<\/div>\n<\/details>\n<details style='margin-bottom:10px; padding:10px; background:#f9f9f9; border-radius:5px;'>\n<summary style='font-weight:bold; cursor:pointer;'>Per quali usi \u00e8 adatta la ghirlanda?<\/summary>\n<div style='margin-top:10px; color:#555;'>\u00c8 ideale per decorare alberi, ghirlande, ringhiere e come decorazione per tavoli in ambienti interni.<\/div>\n<\/details>\n<details style='margin-bottom:10px; padding:10px; background:#f9f9f9; border-radius:5px;'>\n<summary style='font-weight:bold; cursor:pointer;'>\u00c8 facile da installare e da modellare?<\/summary>\n<div style='margin-top:10px; color:#555;'>S\u00ec, \u00e8 facile da modellare e da posizionare per un aspetto festivo immediato.<\/div>\n<\/details>\n<details style='margin-bottom:10px; padding:10px; background:#f9f9f9; border-radius:5px;'>\n<summary style='font-weight:bold; cursor:pointer;'>Pu\u00f2 essere riutilizzato per le prossime festivit\u00e0?<\/summary>\n<div style='margin-top:10px; color:#555;'>S\u00ec, la ghirlanda pu\u00f2 essere riutilizzata per le festivit\u00e0 successive.<\/div>\n<\/details>\n<\/div>\n","protected":false},"excerpt":{"rendered":"<p>\u00f8:17cm Y:2m Domande Frequenti Qual \u00e8 la lunghezza e il diametro della ghirlanda? La ghirlanda ha una lunghezza di 2 m e un diametro di circa 17 cm. Per quali usi \u00e8 adatta la ghirlanda? \u00c8 ideale per decorare alberi, ghirlande, ringhiere e come decorazione per tavoli in ambienti interni. \u00c8 facile da installare e [&hellip;]<\/p>\n","protected":false},"featured_media":5185369,"comment_status":"closed","ping_status":"open","template":"","meta":[],"product_brand":[],"product_cat":[],"product_tag":[15],"class_list":{"0":"post-5318006","1":"product","2":"type-product","3":"status-publish","4":"has-post-thumbnail","6":"product_tag-uncategorized","8":"first","9":"onbackorder","10":"purchasable","11":"product-type-simple"},"jetpack_sharing_enabled":true,"_links":{"self":[{"href":"https:\/\/gadgettravellers.eu\/it\/wp-json\/wp\/v2\/product\/5318006","targetHints":{"allow":["GET"]}}],"collection":[{"href":"https:\/\/gadgettravellers.eu\/it\/wp-json\/wp\/v2\/product"}],"about":[{"href":"https:\/\/gadgettravellers.eu\/it\/wp-json\/wp\/v2\/types\/product"}],"replies":[{"embeddable":true,"href":"https:\/\/gadgettravellers.eu\/it\/wp-json\/wp\/v2\/comments?post=5318006"}],"wp:featuredmedia":[{"embeddable":true,"href":"https:\/\/gadgettravellers.eu\/it\/wp-json\/wp\/v2\/media\/5185369"}],"wp:attachment":[{"href":"https:\/\/gadgettravellers.eu\/it\/wp-json\/wp\/v2\/media?parent=5318006"}],"wp:term":[{"taxonomy":"product_brand","embeddable":true,"href":"https:\/\/gadgettravellers.eu\/it\/wp-json\/wp\/v2\/product_brand?post=5318006"},{"taxonomy":"product_cat","embeddable":true,"href":"https:\/\/gadgettravellers.eu\/it\/wp-json\/wp\/v2\/product_cat?post=5318006"},{"taxonomy":"product_tag","embeddable":true,"href":"https:\/\/gadgettravellers.eu\/it\/wp-json\/wp\/v2\/product_tag?post=5318006"}],"curies":[{"name":"wp","href":"https:\/\/api.w.org\/{rel}","templated":true}]}}