{"id":5318010,"date":"2026-01-19T14:58:30","date_gmt":"2026-01-19T12:58:30","guid":{"rendered":"https:\/\/gadgettravellers.eu\/shop\/albero-base-metallica-180cm-180cm-o98cm-xmasfest-113554\/"},"modified":"2026-04-22T22:59:22","modified_gmt":"2026-04-22T20:59:22","slug":"albero-base-metallica-180cm-180cm-o98cm-xmasfest-113554","status":"publish","type":"product","link":"https:\/\/gadgettravellers.eu\/it\/shop\/albero-base-metallica-180cm-180cm-o98cm-xmasfest-113554\/","title":{"rendered":"Albero Base Metallica 180cm 180cm ~\u00f898cm Xmasfest 113554"},"content":{"rendered":"<p>Colorado con base metallica. 600 rami 180cm ~\u00f898cm<\/p>\n<div class='aiseo-faq-section' style='margin-top:30px; border-top:1px solid #eee; padding-top:20px;'>\n<h3>Domande Frequenti<\/h3>\n<details style='margin-bottom:10px; padding:10px; background:#f9f9f9; border-radius:5px;'>\n<summary style='font-weight:bold; cursor:pointer;'>Qual \u00e8 l&#8217;altezza dell&#8217;albero?<\/summary>\n<div style='margin-top:10px; color:#555;'>L&#8217;albero ha un&#8217;altezza di 180 cm.<\/div>\n<\/details>\n<details style='margin-bottom:10px; padding:10px; background:#f9f9f9; border-radius:5px;'>\n<summary style='font-weight:bold; cursor:pointer;'>Quanti rami ha?<\/summary>\n<div style='margin-top:10px; color:#555;'>Dispone di 600 rami fitti per un aspetto pieno.<\/div>\n<\/details>\n<details style='margin-bottom:10px; padding:10px; background:#f9f9f9; border-radius:5px;'>\n<summary style='font-weight:bold; cursor:pointer;'>Che tipo di base ha?<\/summary>\n<div style='margin-top:10px; color:#555;'>Ha una base metallica per stabilit\u00e0.<\/div>\n<\/details>\n<details style='margin-bottom:10px; padding:10px; background:#f9f9f9; border-radius:5px;'>\n<summary style='font-weight:bold; cursor:pointer;'>\u00c8 difficile il montaggio?<\/summary>\n<div style='margin-top:10px; color:#555;'>L&#8217;assemblaggio \u00e8 facile e veloce.<\/div>\n<\/details>\n<\/div>\n","protected":false},"excerpt":{"rendered":"<p>Colorado con base metallica. 600 rami 180cm ~\u00f898cm Domande Frequenti Qual \u00e8 l&#8217;altezza dell&#8217;albero? L&#8217;albero ha un&#8217;altezza di 180 cm. Quanti rami ha? Dispone di 600 rami fitti per un aspetto pieno. Che tipo di base ha? Ha una base metallica per stabilit\u00e0. \u00c8 difficile il montaggio? L&#8217;assemblaggio \u00e8 facile e veloce.<\/p>\n","protected":false},"featured_media":5185391,"comment_status":"closed","ping_status":"open","template":"","meta":[],"product_brand":[],"product_cat":[],"product_tag":[15],"class_list":{"0":"post-5318010","1":"product","2":"type-product","3":"status-publish","4":"has-post-thumbnail","6":"product_tag-uncategorized","8":"first","9":"onbackorder","10":"purchasable","11":"product-type-simple"},"jetpack_sharing_enabled":true,"_links":{"self":[{"href":"https:\/\/gadgettravellers.eu\/it\/wp-json\/wp\/v2\/product\/5318010","targetHints":{"allow":["GET"]}}],"collection":[{"href":"https:\/\/gadgettravellers.eu\/it\/wp-json\/wp\/v2\/product"}],"about":[{"href":"https:\/\/gadgettravellers.eu\/it\/wp-json\/wp\/v2\/types\/product"}],"replies":[{"embeddable":true,"href":"https:\/\/gadgettravellers.eu\/it\/wp-json\/wp\/v2\/comments?post=5318010"}],"wp:featuredmedia":[{"embeddable":true,"href":"https:\/\/gadgettravellers.eu\/it\/wp-json\/wp\/v2\/media\/5185391"}],"wp:attachment":[{"href":"https:\/\/gadgettravellers.eu\/it\/wp-json\/wp\/v2\/media?parent=5318010"}],"wp:term":[{"taxonomy":"product_brand","embeddable":true,"href":"https:\/\/gadgettravellers.eu\/it\/wp-json\/wp\/v2\/product_brand?post=5318010"},{"taxonomy":"product_cat","embeddable":true,"href":"https:\/\/gadgettravellers.eu\/it\/wp-json\/wp\/v2\/product_cat?post=5318010"},{"taxonomy":"product_tag","embeddable":true,"href":"https:\/\/gadgettravellers.eu\/it\/wp-json\/wp\/v2\/product_tag?post=5318010"}],"curies":[{"name":"wp","href":"https:\/\/api.w.org\/{rel}","templated":true}]}}