{"id":5318011,"date":"2026-01-19T14:58:31","date_gmt":"2026-01-19T12:58:31","guid":{"rendered":"https:\/\/gadgettravellers.eu\/shop\/ghirlanda-verde-tinsel-o9cm-l2m-xmasfest-113569\/"},"modified":"2026-04-22T22:59:23","modified_gmt":"2026-04-22T20:59:23","slug":"ghirlanda-verde-tinsel-o9cm-l2m-xmasfest-113569","status":"publish","type":"product","link":"https:\/\/gadgettravellers.eu\/it\/shop\/ghirlanda-verde-tinsel-o9cm-l2m-xmasfest-113569\/","title":{"rendered":"Ghirlanda Verde Tinsel \u00f8:9cm L:2m Xmasfest 113569"},"content":{"rendered":"<p>\u00f8:9cm Y:2m<\/p>\n<div class='aiseo-faq-section' style='margin-top:30px; border-top:1px solid #eee; padding-top:20px;'>\n<h3>Domande Frequenti<\/h3>\n<details style='margin-bottom:10px; padding:10px; background:#f9f9f9; border-radius:5px;'>\n<summary style='font-weight:bold; cursor:pointer;'>Qual \u00e8 la lunghezza e il diametro della ghirlanda?<\/summary>\n<div style='margin-top:10px; color:#555;'>Lunghezza 2 metri e diametro circa 9 cm.<\/div>\n<\/details>\n<details style='margin-bottom:10px; padding:10px; background:#f9f9f9; border-radius:5px;'>\n<summary style='font-weight:bold; cursor:pointer;'>Per quali ambienti \u00e8 adatta?<\/summary>\n<div style='margin-top:10px; color:#555;'>Ideale per decorazioni festive interne come alberi di Natale, corrimano, finestre o camini.<\/div>\n<\/details>\n<details style='margin-bottom:10px; padding:10px; background:#f9f9f9; border-radius:5px;'>\n<summary style='font-weight:bold; cursor:pointer;'>\u00c8 riutilizzabile e facile da conservare?<\/summary>\n<div style='margin-top:10px; color:#555;'>S\u00ec, realizzata in tinsel resistente, \u00e8 riutilizzabile e facile da conservare.<\/div>\n<\/details>\n<details style='margin-bottom:10px; padding:10px; background:#f9f9f9; border-radius:5px;'>\n<summary style='font-weight:bold; cursor:pointer;'>Posso abbinarla con luci o decorazioni?<\/summary>\n<div style='margin-top:10px; color:#555;'>S\u00ec, consente la combinazione con luci e decorazioni per un effetto festivo pi\u00f9 intenso.<\/div>\n<\/details>\n<\/div>\n","protected":false},"excerpt":{"rendered":"<p>\u00f8:9cm Y:2m Domande Frequenti Qual \u00e8 la lunghezza e il diametro della ghirlanda? Lunghezza 2 metri e diametro circa 9 cm. Per quali ambienti \u00e8 adatta? Ideale per decorazioni festive interne come alberi di Natale, corrimano, finestre o camini. \u00c8 riutilizzabile e facile da conservare? S\u00ec, realizzata in tinsel resistente, \u00e8 riutilizzabile e facile da [&hellip;]<\/p>\n","protected":false},"featured_media":5185406,"comment_status":"closed","ping_status":"open","template":"","meta":[],"product_brand":[],"product_cat":[],"product_tag":[15],"class_list":{"0":"post-5318011","1":"product","2":"type-product","3":"status-publish","4":"has-post-thumbnail","6":"product_tag-uncategorized","8":"first","9":"onbackorder","10":"purchasable","11":"product-type-simple"},"jetpack_sharing_enabled":true,"_links":{"self":[{"href":"https:\/\/gadgettravellers.eu\/it\/wp-json\/wp\/v2\/product\/5318011","targetHints":{"allow":["GET"]}}],"collection":[{"href":"https:\/\/gadgettravellers.eu\/it\/wp-json\/wp\/v2\/product"}],"about":[{"href":"https:\/\/gadgettravellers.eu\/it\/wp-json\/wp\/v2\/types\/product"}],"replies":[{"embeddable":true,"href":"https:\/\/gadgettravellers.eu\/it\/wp-json\/wp\/v2\/comments?post=5318011"}],"wp:featuredmedia":[{"embeddable":true,"href":"https:\/\/gadgettravellers.eu\/it\/wp-json\/wp\/v2\/media\/5185406"}],"wp:attachment":[{"href":"https:\/\/gadgettravellers.eu\/it\/wp-json\/wp\/v2\/media?parent=5318011"}],"wp:term":[{"taxonomy":"product_brand","embeddable":true,"href":"https:\/\/gadgettravellers.eu\/it\/wp-json\/wp\/v2\/product_brand?post=5318011"},{"taxonomy":"product_cat","embeddable":true,"href":"https:\/\/gadgettravellers.eu\/it\/wp-json\/wp\/v2\/product_cat?post=5318011"},{"taxonomy":"product_tag","embeddable":true,"href":"https:\/\/gadgettravellers.eu\/it\/wp-json\/wp\/v2\/product_tag?post=5318011"}],"curies":[{"name":"wp","href":"https:\/\/api.w.org\/{rel}","templated":true}]}}