{"id":5318013,"date":"2026-01-19T14:58:32","date_gmt":"2026-01-19T12:58:32","guid":{"rendered":"https:\/\/gadgettravellers.eu\/shop\/tovagliolo-in-satin-90x90cm-xmasfest-113576\/"},"modified":"2026-04-22T22:59:23","modified_gmt":"2026-04-22T20:59:23","slug":"tovagliolo-in-satin-90x90cm-xmasfest-113576","status":"publish","type":"product","link":"https:\/\/gadgettravellers.eu\/it\/shop\/tovagliolo-in-satin-90x90cm-xmasfest-113576\/","title":{"rendered":"Tovagliolo in satin 90x90cm Xmasfest 113576"},"content":{"rendered":"<p>Tovagliolo 90x90cm<\/p>\n<div class='aiseo-faq-section' style='margin-top:30px; border-top:1px solid #eee; padding-top:20px;'>\n<h3>Domande Frequenti<\/h3>\n<details style='margin-bottom:10px; padding:10px; background:#f9f9f9; border-radius:5px;'>\n<summary style='font-weight:bold; cursor:pointer;'>Qual \u00e8 la dimensione della tovaglia?<\/summary>\n<div style='margin-top:10px; color:#555;'>La dimensione \u00e8 90&#215;90 cm ed \u00e8 quadrata.<\/div>\n<\/details>\n<details style='margin-bottom:10px; padding:10px; background:#f9f9f9; border-radius:5px;'>\n<summary style='font-weight:bold; cursor:pointer;'>Di che tessuto \u00e8 fatto?<\/summary>\n<div style='margin-top:10px; color:#555;'>\u00c8 in tessuto satinato con una lucentezza morbida.<\/div>\n<\/details>\n<details style='margin-bottom:10px; padding:10px; background:#f9f9f9; border-radius:5px;'>\n<summary style='font-weight:bold; cursor:pointer;'>\u00c8 adatto per la decorazione natalizia?<\/summary>\n<div style='margin-top:10px; color:#555;'>S\u00ec, ideale per la decorazione natalizia o per la tavola delle occasioni speciali.<\/div>\n<\/details>\n<details style='margin-bottom:10px; padding:10px; background:#f9f9f9; border-radius:5px;'>\n<summary style='font-weight:bold; cursor:pointer;'>Pu\u00f2 essere riutilizzato?<\/summary>\n<div style='margin-top:10px; color:#555;'>S\u00ec, \u00e8 facile da installare e riutilizzabile.<\/div>\n<\/details>\n<\/div>\n","protected":false},"excerpt":{"rendered":"<p>Tovagliolo 90x90cm Domande Frequenti Qual \u00e8 la dimensione della tovaglia? La dimensione \u00e8 90&#215;90 cm ed \u00e8 quadrata. Di che tessuto \u00e8 fatto? \u00c8 in tessuto satinato con una lucentezza morbida. \u00c8 adatto per la decorazione natalizia? S\u00ec, ideale per la decorazione natalizia o per la tavola delle occasioni speciali. Pu\u00f2 essere riutilizzato? S\u00ec, \u00e8 [&hellip;]<\/p>\n","protected":false},"featured_media":5185410,"comment_status":"closed","ping_status":"open","template":"","meta":[],"product_brand":[],"product_cat":[],"product_tag":[15],"class_list":{"0":"post-5318013","1":"product","2":"type-product","3":"status-publish","4":"has-post-thumbnail","6":"product_tag-uncategorized","8":"first","9":"onbackorder","10":"purchasable","11":"product-type-simple"},"jetpack_sharing_enabled":true,"_links":{"self":[{"href":"https:\/\/gadgettravellers.eu\/it\/wp-json\/wp\/v2\/product\/5318013","targetHints":{"allow":["GET"]}}],"collection":[{"href":"https:\/\/gadgettravellers.eu\/it\/wp-json\/wp\/v2\/product"}],"about":[{"href":"https:\/\/gadgettravellers.eu\/it\/wp-json\/wp\/v2\/types\/product"}],"replies":[{"embeddable":true,"href":"https:\/\/gadgettravellers.eu\/it\/wp-json\/wp\/v2\/comments?post=5318013"}],"wp:featuredmedia":[{"embeddable":true,"href":"https:\/\/gadgettravellers.eu\/it\/wp-json\/wp\/v2\/media\/5185410"}],"wp:attachment":[{"href":"https:\/\/gadgettravellers.eu\/it\/wp-json\/wp\/v2\/media?parent=5318013"}],"wp:term":[{"taxonomy":"product_brand","embeddable":true,"href":"https:\/\/gadgettravellers.eu\/it\/wp-json\/wp\/v2\/product_brand?post=5318013"},{"taxonomy":"product_cat","embeddable":true,"href":"https:\/\/gadgettravellers.eu\/it\/wp-json\/wp\/v2\/product_cat?post=5318013"},{"taxonomy":"product_tag","embeddable":true,"href":"https:\/\/gadgettravellers.eu\/it\/wp-json\/wp\/v2\/product_tag?post=5318013"}],"curies":[{"name":"wp","href":"https:\/\/api.w.org\/{rel}","templated":true}]}}