{"id":5318015,"date":"2026-01-19T14:58:33","date_gmt":"2026-01-19T12:58:33","guid":{"rendered":"https:\/\/gadgettravellers.eu\/shop\/grembiule-albero-disegni-glitter-o90cm-xmasfest-113627\/"},"modified":"2026-04-22T22:59:24","modified_gmt":"2026-04-22T20:59:24","slug":"grembiule-albero-disegni-glitter-o90cm-xmasfest-113627","status":"publish","type":"product","link":"https:\/\/gadgettravellers.eu\/it\/shop\/grembiule-albero-disegni-glitter-o90cm-xmasfest-113627\/","title":{"rendered":"Grembiule Albero Disegni Glitter \u00f890cm Xmasfest 113627"},"content":{"rendered":"<p>Grembiule per albero \u00f890cm<\/p>\n<div class='aiseo-faq-section' style='margin-top:30px; border-top:1px solid #eee; padding-top:20px;'>\n<h3>Domande Frequenti<\/h3>\n<details style='margin-bottom:10px; padding:10px; background:#f9f9f9; border-radius:5px;'>\n<summary style='font-weight:bold; cursor:pointer;'>Qual \u00e8 il diametro del grembiule?<\/summary>\n<div style='margin-top:10px; color:#555;'>Il grembiule ha un diametro \u00f890 cm.<\/div>\n<\/details>\n<details style='margin-bottom:10px; padding:10px; background:#f9f9f9; border-radius:5px;'>\n<summary style='font-weight:bold; cursor:pointer;'>Che disegni ha il grembiule?<\/summary>\n<div style='margin-top:10px; color:#555;'>Presenta disegni con polvere d&#8217;oro per un aspetto festivo.<\/div>\n<\/details>\n<details style='margin-bottom:10px; padding:10px; background:#f9f9f9; border-radius:5px;'>\n<summary style='font-weight:bold; cursor:pointer;'>\u00c8 facile da installare?<\/summary>\n<div style='margin-top:10px; color:#555;'>S\u00ec, l&#8217;installazione \u00e8 facile e veloce.<\/div>\n<\/details>\n<details style='margin-bottom:10px; padding:10px; background:#f9f9f9; border-radius:5px;'>\n<summary style='font-weight:bold; cursor:pointer;'>Copre la base dell&#8217;albero di Natale?<\/summary>\n<div style='margin-top:10px; color:#555;'>S\u00ec, \u00e8 progettata per coprire elegantemente la base dell&#8217;albero.<\/div>\n<\/details>\n<\/div>\n","protected":false},"excerpt":{"rendered":"<p>Grembiule per albero \u00f890cm Domande Frequenti Qual \u00e8 il diametro del grembiule? Il grembiule ha un diametro \u00f890 cm. Che disegni ha il grembiule? Presenta disegni con polvere d&#8217;oro per un aspetto festivo. \u00c8 facile da installare? S\u00ec, l&#8217;installazione \u00e8 facile e veloce. Copre la base dell&#8217;albero di Natale? S\u00ec, \u00e8 progettata per coprire elegantemente [&hellip;]<\/p>\n","protected":false},"featured_media":5185424,"comment_status":"closed","ping_status":"open","template":"","meta":[],"product_brand":[],"product_cat":[],"product_tag":[15],"class_list":{"0":"post-5318015","1":"product","2":"type-product","3":"status-publish","4":"has-post-thumbnail","6":"product_tag-uncategorized","8":"first","9":"onbackorder","10":"purchasable","11":"product-type-simple"},"jetpack_sharing_enabled":true,"_links":{"self":[{"href":"https:\/\/gadgettravellers.eu\/it\/wp-json\/wp\/v2\/product\/5318015","targetHints":{"allow":["GET"]}}],"collection":[{"href":"https:\/\/gadgettravellers.eu\/it\/wp-json\/wp\/v2\/product"}],"about":[{"href":"https:\/\/gadgettravellers.eu\/it\/wp-json\/wp\/v2\/types\/product"}],"replies":[{"embeddable":true,"href":"https:\/\/gadgettravellers.eu\/it\/wp-json\/wp\/v2\/comments?post=5318015"}],"wp:featuredmedia":[{"embeddable":true,"href":"https:\/\/gadgettravellers.eu\/it\/wp-json\/wp\/v2\/media\/5185424"}],"wp:attachment":[{"href":"https:\/\/gadgettravellers.eu\/it\/wp-json\/wp\/v2\/media?parent=5318015"}],"wp:term":[{"taxonomy":"product_brand","embeddable":true,"href":"https:\/\/gadgettravellers.eu\/it\/wp-json\/wp\/v2\/product_brand?post=5318015"},{"taxonomy":"product_cat","embeddable":true,"href":"https:\/\/gadgettravellers.eu\/it\/wp-json\/wp\/v2\/product_cat?post=5318015"},{"taxonomy":"product_tag","embeddable":true,"href":"https:\/\/gadgettravellers.eu\/it\/wp-json\/wp\/v2\/product_tag?post=5318015"}],"curies":[{"name":"wp","href":"https:\/\/api.w.org\/{rel}","templated":true}]}}