{"id":5318016,"date":"2026-01-19T14:58:34","date_gmt":"2026-01-19T12:58:34","guid":{"rendered":"https:\/\/gadgettravellers.eu\/shop\/ghirlanda-pigna-dura-o20cm-l27m-xmasfest-113677\/"},"modified":"2026-04-22T22:59:25","modified_gmt":"2026-04-22T20:59:25","slug":"ghirlanda-pigna-dura-o20cm-l27m-xmasfest-113677","status":"publish","type":"product","link":"https:\/\/gadgettravellers.eu\/it\/shop\/ghirlanda-pigna-dura-o20cm-l27m-xmasfest-113677\/","title":{"rendered":"Ghirlanda Pigna Dura \u00f8:20cm L:2,7m Xmasfest 113677"},"content":{"rendered":"<p>Ghirlanda rigida \u00f8:20cm Y:2,7m<\/p>\n<div class='aiseo-faq-section' style='margin-top:30px; border-top:1px solid #eee; padding-top:20px;'>\n<h3>Domande Frequenti<\/h3>\n<details style='margin-bottom:10px; padding:10px; background:#f9f9f9; border-radius:5px;'>\n<summary style='font-weight:bold; cursor:pointer;'>Qual \u00e8 la lunghezza della ghirlanda?<\/summary>\n<div style='margin-top:10px; color:#555;'>La lunghezza \u00e8 2,7 m.<\/div>\n<\/details>\n<details style='margin-bottom:10px; padding:10px; background:#f9f9f9; border-radius:5px;'>\n<summary style='font-weight:bold; cursor:pointer;'>Qual \u00e8 il diametro del gambo?<\/summary>\n<div style='margin-top:10px; color:#555;'>Il diametro del gambo \u00e8 di 20 cm.<\/div>\n<\/details>\n<details style='margin-bottom:10px; padding:10px; background:#f9f9f9; border-radius:5px;'>\n<summary style='font-weight:bold; cursor:pointer;'>Per quale ambiente \u00e8 destinato?<\/summary>\n<div style='margin-top:10px; color:#555;'>\u00c8 ideale per la decorazione natalizia degli interni.<\/div>\n<\/details>\n<details style='margin-bottom:10px; padding:10px; background:#f9f9f9; border-radius:5px;'>\n<summary style='font-weight:bold; cursor:pointer;'>\u00c8 facile da installare e resistente?<\/summary>\n<div style='margin-top:10px; color:#555;'>S\u00ec, \u00e8 facile da montare e resistente.<\/div>\n<\/details>\n<\/div>\n","protected":false},"excerpt":{"rendered":"<p>Ghirlanda rigida \u00f8:20cm Y:2,7m Domande Frequenti Qual \u00e8 la lunghezza della ghirlanda? La lunghezza \u00e8 2,7 m. Qual \u00e8 il diametro del gambo? Il diametro del gambo \u00e8 di 20 cm. Per quale ambiente \u00e8 destinato? \u00c8 ideale per la decorazione natalizia degli interni. \u00c8 facile da installare e resistente? S\u00ec, \u00e8 facile da montare [&hellip;]<\/p>\n","protected":false},"featured_media":5185432,"comment_status":"closed","ping_status":"open","template":"","meta":[],"product_brand":[],"product_cat":[],"product_tag":[15],"class_list":{"0":"post-5318016","1":"product","2":"type-product","3":"status-publish","4":"has-post-thumbnail","6":"product_tag-uncategorized","8":"first","9":"onbackorder","10":"purchasable","11":"product-type-simple"},"jetpack_sharing_enabled":true,"_links":{"self":[{"href":"https:\/\/gadgettravellers.eu\/it\/wp-json\/wp\/v2\/product\/5318016","targetHints":{"allow":["GET"]}}],"collection":[{"href":"https:\/\/gadgettravellers.eu\/it\/wp-json\/wp\/v2\/product"}],"about":[{"href":"https:\/\/gadgettravellers.eu\/it\/wp-json\/wp\/v2\/types\/product"}],"replies":[{"embeddable":true,"href":"https:\/\/gadgettravellers.eu\/it\/wp-json\/wp\/v2\/comments?post=5318016"}],"wp:featuredmedia":[{"embeddable":true,"href":"https:\/\/gadgettravellers.eu\/it\/wp-json\/wp\/v2\/media\/5185432"}],"wp:attachment":[{"href":"https:\/\/gadgettravellers.eu\/it\/wp-json\/wp\/v2\/media?parent=5318016"}],"wp:term":[{"taxonomy":"product_brand","embeddable":true,"href":"https:\/\/gadgettravellers.eu\/it\/wp-json\/wp\/v2\/product_brand?post=5318016"},{"taxonomy":"product_cat","embeddable":true,"href":"https:\/\/gadgettravellers.eu\/it\/wp-json\/wp\/v2\/product_cat?post=5318016"},{"taxonomy":"product_tag","embeddable":true,"href":"https:\/\/gadgettravellers.eu\/it\/wp-json\/wp\/v2\/product_tag?post=5318016"}],"curies":[{"name":"wp","href":"https:\/\/api.w.org\/{rel}","templated":true}]}}