{"id":5318017,"date":"2026-01-19T14:58:34","date_gmt":"2026-01-19T12:58:34","guid":{"rendered":"https:\/\/gadgettravellers.eu\/shop\/piatto-di-natale-rettangolare-33x235cm-xmasfest-113699\/"},"modified":"2026-04-22T22:59:25","modified_gmt":"2026-04-22T20:59:25","slug":"piatto-di-natale-rettangolare-33x235cm-xmasfest-113699","status":"publish","type":"product","link":"https:\/\/gadgettravellers.eu\/it\/shop\/piatto-di-natale-rettangolare-33x235cm-xmasfest-113699\/","title":{"rendered":"Piatto di Natale Rettangolare 33&#215;23,5cm Xmasfest 113699"},"content":{"rendered":"<p>33&#215;23,5cm<\/p>\n<div class='aiseo-faq-section' style='margin-top:30px; border-top:1px solid #eee; padding-top:20px;'>\n<h3>Domande Frequenti<\/h3>\n<details style='margin-bottom:10px; padding:10px; background:#f9f9f9; border-radius:5px;'>\n<summary style='font-weight:bold; cursor:pointer;'>Quali sono le dimensioni del disco?<\/summary>\n<div style='margin-top:10px; color:#555;'>Le dimensioni sono 33 x 23,5 cm.<\/div>\n<\/details>\n<details style='margin-bottom:10px; padding:10px; background:#f9f9f9; border-radius:5px;'>\n<summary style='font-weight:bold; cursor:pointer;'>Per quali usi \u00e8 adatto il disco?<\/summary>\n<div style='margin-top:10px; color:#555;'>Adatto per servire dolci, snack e bevande o come elemento decorativo sulla tavola delle feste.<\/div>\n<\/details>\n<details style='margin-bottom:10px; padding:10px; background:#f9f9f9; border-radius:5px;'>\n<summary style='font-weight:bold; cursor:pointer;'>\u00c8 facile da pulire?<\/summary>\n<div style='margin-top:10px; color:#555;'>S\u00ec, \u00e8 facile da pulire e pratico da usare.<\/div>\n<\/details>\n<details style='margin-bottom:10px; padding:10px; background:#f9f9f9; border-radius:5px;'>\n<summary style='font-weight:bold; cursor:pointer;'>Pu\u00f2 essere usato come regalo o per feste?<\/summary>\n<div style='margin-top:10px; color:#555;'>S\u00ec, \u00e8 ideale per feste, party e come regalo stagionale.<\/div>\n<\/details>\n<\/div>\n","protected":false},"excerpt":{"rendered":"<p>33&#215;23,5cm Domande Frequenti Quali sono le dimensioni del disco? Le dimensioni sono 33 x 23,5 cm. Per quali usi \u00e8 adatto il disco? Adatto per servire dolci, snack e bevande o come elemento decorativo sulla tavola delle feste. \u00c8 facile da pulire? S\u00ec, \u00e8 facile da pulire e pratico da usare. Pu\u00f2 essere usato come [&hellip;]<\/p>\n","protected":false},"featured_media":5185440,"comment_status":"closed","ping_status":"open","template":"","meta":[],"product_brand":[],"product_cat":[],"product_tag":[15],"class_list":{"0":"post-5318017","1":"product","2":"type-product","3":"status-publish","4":"has-post-thumbnail","6":"product_tag-uncategorized","8":"first","9":"onbackorder","10":"purchasable","11":"product-type-simple"},"jetpack_sharing_enabled":true,"_links":{"self":[{"href":"https:\/\/gadgettravellers.eu\/it\/wp-json\/wp\/v2\/product\/5318017","targetHints":{"allow":["GET"]}}],"collection":[{"href":"https:\/\/gadgettravellers.eu\/it\/wp-json\/wp\/v2\/product"}],"about":[{"href":"https:\/\/gadgettravellers.eu\/it\/wp-json\/wp\/v2\/types\/product"}],"replies":[{"embeddable":true,"href":"https:\/\/gadgettravellers.eu\/it\/wp-json\/wp\/v2\/comments?post=5318017"}],"wp:featuredmedia":[{"embeddable":true,"href":"https:\/\/gadgettravellers.eu\/it\/wp-json\/wp\/v2\/media\/5185440"}],"wp:attachment":[{"href":"https:\/\/gadgettravellers.eu\/it\/wp-json\/wp\/v2\/media?parent=5318017"}],"wp:term":[{"taxonomy":"product_brand","embeddable":true,"href":"https:\/\/gadgettravellers.eu\/it\/wp-json\/wp\/v2\/product_brand?post=5318017"},{"taxonomy":"product_cat","embeddable":true,"href":"https:\/\/gadgettravellers.eu\/it\/wp-json\/wp\/v2\/product_cat?post=5318017"},{"taxonomy":"product_tag","embeddable":true,"href":"https:\/\/gadgettravellers.eu\/it\/wp-json\/wp\/v2\/product_tag?post=5318017"}],"curies":[{"name":"wp","href":"https:\/\/api.w.org\/{rel}","templated":true}]}}