{"id":5318020,"date":"2026-01-19T14:58:37","date_gmt":"2026-01-19T12:58:37","guid":{"rendered":"https:\/\/gadgettravellers.eu\/shop\/ghirlanda-verde-dura-semplice-o20cm-y27m-xmasfest-113768\/"},"modified":"2026-04-22T22:59:27","modified_gmt":"2026-04-22T20:59:27","slug":"ghirlanda-verde-dura-semplice-o20cm-y27m-xmasfest-113768","status":"publish","type":"product","link":"https:\/\/gadgettravellers.eu\/it\/shop\/ghirlanda-verde-dura-semplice-o20cm-y27m-xmasfest-113768\/","title":{"rendered":"Ghirlanda Verde Dura Semplice \u00f8:20cm Y:2,7m Xmasfest 113768"},"content":{"rendered":"<p>Ghirlanda rigida \u00f8:20cm Y:2,7m<\/p>\n<div class='aiseo-faq-section' style='margin-top:30px; border-top:1px solid #eee; padding-top:20px;'>\n<h3>Domande Frequenti<\/h3>\n<details style='margin-bottom:10px; padding:10px; background:#f9f9f9; border-radius:5px;'>\n<summary style='font-weight:bold; cursor:pointer;'>Qual \u00e8 la lunghezza della ghirlanda?<\/summary>\n<div style='margin-top:10px; color:#555;'>La lunghezza \u00e8 di 2,7 metri.<\/div>\n<\/details>\n<details style='margin-bottom:10px; padding:10px; background:#f9f9f9; border-radius:5px;'>\n<summary style='font-weight:bold; cursor:pointer;'>Qual \u00e8 il diametro della ghirlanda?<\/summary>\n<div style='margin-top:10px; color:#555;'>Il diametro \u00e8 20 cm.<\/div>\n<\/details>\n<details style='margin-bottom:10px; padding:10px; background:#f9f9f9; border-radius:5px;'>\n<summary style='font-weight:bold; cursor:pointer;'>\u00c8 adatta per ambienti interni?<\/summary>\n<div style='margin-top:10px; color:#555;'>S\u00ec, \u00e8 ideale per la decorazione natalizia degli interni e per addobbare porte, armadi e tavoli.<\/div>\n<\/details>\n<\/div>\n","protected":false},"excerpt":{"rendered":"<p>Ghirlanda rigida \u00f8:20cm Y:2,7m Domande Frequenti Qual \u00e8 la lunghezza della ghirlanda? La lunghezza \u00e8 di 2,7 metri. Qual \u00e8 il diametro della ghirlanda? Il diametro \u00e8 20 cm. \u00c8 adatta per ambienti interni? S\u00ec, \u00e8 ideale per la decorazione natalizia degli interni e per addobbare porte, armadi e tavoli.<\/p>\n","protected":false},"featured_media":5185466,"comment_status":"closed","ping_status":"open","template":"","meta":[],"product_brand":[],"product_cat":[],"product_tag":[15],"class_list":{"0":"post-5318020","1":"product","2":"type-product","3":"status-publish","4":"has-post-thumbnail","6":"product_tag-uncategorized","8":"first","9":"onbackorder","10":"purchasable","11":"product-type-simple"},"jetpack_sharing_enabled":true,"_links":{"self":[{"href":"https:\/\/gadgettravellers.eu\/it\/wp-json\/wp\/v2\/product\/5318020","targetHints":{"allow":["GET"]}}],"collection":[{"href":"https:\/\/gadgettravellers.eu\/it\/wp-json\/wp\/v2\/product"}],"about":[{"href":"https:\/\/gadgettravellers.eu\/it\/wp-json\/wp\/v2\/types\/product"}],"replies":[{"embeddable":true,"href":"https:\/\/gadgettravellers.eu\/it\/wp-json\/wp\/v2\/comments?post=5318020"}],"wp:featuredmedia":[{"embeddable":true,"href":"https:\/\/gadgettravellers.eu\/it\/wp-json\/wp\/v2\/media\/5185466"}],"wp:attachment":[{"href":"https:\/\/gadgettravellers.eu\/it\/wp-json\/wp\/v2\/media?parent=5318020"}],"wp:term":[{"taxonomy":"product_brand","embeddable":true,"href":"https:\/\/gadgettravellers.eu\/it\/wp-json\/wp\/v2\/product_brand?post=5318020"},{"taxonomy":"product_cat","embeddable":true,"href":"https:\/\/gadgettravellers.eu\/it\/wp-json\/wp\/v2\/product_cat?post=5318020"},{"taxonomy":"product_tag","embeddable":true,"href":"https:\/\/gadgettravellers.eu\/it\/wp-json\/wp\/v2\/product_tag?post=5318020"}],"curies":[{"name":"wp","href":"https:\/\/api.w.org\/{rel}","templated":true}]}}