{"id":5318021,"date":"2026-01-19T14:58:39","date_gmt":"2026-01-19T12:58:39","guid":{"rendered":"https:\/\/gadgettravellers.eu\/shop\/corona-40cm-o40cm-xmasfest-11396\/"},"modified":"2026-04-22T22:59:27","modified_gmt":"2026-04-22T20:59:27","slug":"corona-40cm-o40cm-xmasfest-11396","status":"publish","type":"product","link":"https:\/\/gadgettravellers.eu\/it\/shop\/corona-40cm-o40cm-xmasfest-11396\/","title":{"rendered":"Corona 40cm \u00f840cm Xmasfest 11396"},"content":{"rendered":"<p>\u00f840cm<\/p>\n<div class='aiseo-faq-section' style='margin-top:30px; border-top:1px solid #eee; padding-top:20px;'>\n<h3>Domande Frequenti<\/h3>\n<details style='margin-bottom:10px; padding:10px; background:#f9f9f9; border-radius:5px;'>\n<summary style='font-weight:bold; cursor:pointer;'>Qual \u00e8 il diametro della corona?<\/summary>\n<div style='margin-top:10px; color:#555;'>Il diametro \u00e8 40 cm.<\/div>\n<\/details>\n<details style='margin-bottom:10px; padding:10px; background:#f9f9f9; border-radius:5px;'>\n<summary style='font-weight:bold; cursor:pointer;'>\u00c8 necessario assemblare prima dell&#8217;installazione?<\/summary>\n<div style='margin-top:10px; color:#555;'>No, non \u00e8 richiesto alcun assemblaggio aggiuntivo.<\/div>\n<\/details>\n<details style='margin-bottom:10px; padding:10px; background:#f9f9f9; border-radius:5px;'>\n<summary style='font-weight:bold; cursor:pointer;'>In quali ambienti pu\u00f2 essere utilizzata questa corona?<\/summary>\n<div style='margin-top:10px; color:#555;'>Adatto per porte, pareti e finestre in case, negozi e spazi professionali.<\/div>\n<\/details>\n<details style='margin-bottom:10px; padding:10px; background:#f9f9f9; border-radius:5px;'>\n<summary style='font-weight:bold; cursor:pointer;'>Come si effettua l&#8217;installazione?<\/summary>\n<div style='margin-top:10px; color:#555;'>Offre un&#8217;installazione facile per un&#8217;applicazione festiva immediata senza lavori aggiuntivi.<\/div>\n<\/details>\n<\/div>\n","protected":false},"excerpt":{"rendered":"<p>\u00f840cm Domande Frequenti Qual \u00e8 il diametro della corona? Il diametro \u00e8 40 cm. \u00c8 necessario assemblare prima dell&#8217;installazione? No, non \u00e8 richiesto alcun assemblaggio aggiuntivo. In quali ambienti pu\u00f2 essere utilizzata questa corona? Adatto per porte, pareti e finestre in case, negozi e spazi professionali. Come si effettua l&#8217;installazione? Offre un&#8217;installazione facile per un&#8217;applicazione [&hellip;]<\/p>\n","protected":false},"featured_media":5185470,"comment_status":"closed","ping_status":"open","template":"","meta":[],"product_brand":[],"product_cat":[],"product_tag":[15],"class_list":{"0":"post-5318021","1":"product","2":"type-product","3":"status-publish","4":"has-post-thumbnail","6":"product_tag-uncategorized","8":"first","9":"onbackorder","10":"purchasable","11":"product-type-simple"},"jetpack_sharing_enabled":true,"_links":{"self":[{"href":"https:\/\/gadgettravellers.eu\/it\/wp-json\/wp\/v2\/product\/5318021","targetHints":{"allow":["GET"]}}],"collection":[{"href":"https:\/\/gadgettravellers.eu\/it\/wp-json\/wp\/v2\/product"}],"about":[{"href":"https:\/\/gadgettravellers.eu\/it\/wp-json\/wp\/v2\/types\/product"}],"replies":[{"embeddable":true,"href":"https:\/\/gadgettravellers.eu\/it\/wp-json\/wp\/v2\/comments?post=5318021"}],"wp:featuredmedia":[{"embeddable":true,"href":"https:\/\/gadgettravellers.eu\/it\/wp-json\/wp\/v2\/media\/5185470"}],"wp:attachment":[{"href":"https:\/\/gadgettravellers.eu\/it\/wp-json\/wp\/v2\/media?parent=5318021"}],"wp:term":[{"taxonomy":"product_brand","embeddable":true,"href":"https:\/\/gadgettravellers.eu\/it\/wp-json\/wp\/v2\/product_brand?post=5318021"},{"taxonomy":"product_cat","embeddable":true,"href":"https:\/\/gadgettravellers.eu\/it\/wp-json\/wp\/v2\/product_cat?post=5318021"},{"taxonomy":"product_tag","embeddable":true,"href":"https:\/\/gadgettravellers.eu\/it\/wp-json\/wp\/v2\/product_tag?post=5318021"}],"curies":[{"name":"wp","href":"https:\/\/api.w.org\/{rel}","templated":true}]}}